{"id":1874,"date":"2024-10-24T23:23:19","date_gmt":"2024-10-24T15:23:19","guid":{"rendered":"https:\/\/shop.yipinqian.com\/product\/yellow-and-purple-with-some-spreads-of-red-patches-natural-type-a-jadeite-pendant-necklace-crafted-with-double-pixiu-coin-and-bat-boosting-your-luck-money-and-blessing-certificate-included-weigh-41-87\/"},"modified":"2025-02-17T00:04:19","modified_gmt":"2025-02-16T16:04:19","slug":"yellow-and-purple-with-some-spreads-of-red-patches-natural-type-a-jadeite-pendant-necklace-crafted-with-double-pixiu-coin-and-bat-boosting-your-luck-money-and-blessing-certificate-included-weigh-41-87","status":"publish","type":"product","link":"https:\/\/shop.yipinqian.com\/es\/producto\/yellow-and-purple-with-some-spreads-of-red-patches-natural-type-a-jadeite-pendant-necklace-crafted-with-double-pixiu-coin-and-bat-boosting-your-luck-money-and-blessing-certificate-included-weigh-41-87\/","title":{"rendered":"Collar colgante de jade\u00edta tipo A natural de color amarillo y morado con algunas manchas rojas elaborado con doble pixiu, moneda y murci\u00e9lago que aumentan tu suerte, dinero y bendici\u00f3n, certificado incluido pesa 41,87 gramos, 45 * 44,9 * 13 mm"},"content":{"rendered":"<p>Aumente su suerte, riqueza y bendiciones con este collar colgante de jade\u00edta natural tipo A de color amarillo y lavanda. Elaborado con detalles intrincados, este colgante presenta un doble pixiu, una moneda y un murci\u00e9lago para simbolizar la buena fortuna. Los parches rojos a\u00f1aden un toque de color al dise\u00f1o \u00fanico del colgante.<\/p>\n<ul>\n<li>Aumenta la suerte: el dise\u00f1o doble de Pixiu en el colgante invita a la buena suerte a tu vida.<\/li>\n<li>Aumenta la riqueza: se cree que el s\u00edmbolo de la moneda en el colgante atrae riqueza y prosperidad.<\/li>\n<li>Bendiciones: El s\u00edmbolo del murci\u00e9lago en la jade\u00edta est\u00e1 vinculado con las bendiciones del cielo.<\/li>\n<\/ul>\n<p><strong>N\u00fameros de certificado: GD2110H010761<\/strong><\/p>\n<p><img fetchpriority=\"high\" decoding=\"async\" height=\"1080\" src=\"https:\/\/shop.yipinqian.com\/wp-content\/uploads\/2024\/10\/cfdc29f0476e4c899b3af5886e542dc3.jpg?from=476444299\" width=\"1080\"><\/p>\n<p>Con un peso de 41,87 gramos, medida a 45*<em> 44.9 *<\/em> Este collar unisex de 13 mm incluye un certificado de autenticidad que confirma que est\u00e1 elaborado con jade\u00edta natural tipo A procedente de Myanmar. Su estilo informal lo hace perfecto para el uso diario o para a\u00f1adir un toque de elegancia a cualquier atuendo.<\/p>\n<p>Collar colgante de jade\u00edta tipo A natural de color amarillo y morado con algunas manchas rojas elaborado con doble pixiu, moneda y murci\u00e9lago que aumentan tu suerte, dinero y bendici\u00f3n, certificado incluido pesa 41,87 gramos, 45 * 44,9 * 13 mm<\/p>","protected":false},"excerpt":{"rendered":"<p>Elevate your luck, wealth and blessings with this Yellow and Lavender Natural Type A Jadeite Pendant Necklace. Crafted with intricate details, this pendant feature double pixiu, coin and bat to symbolize good fortune. The red patches add a pop of color to the pendant&#8217;s unique design. Boosts Luck: The double pixiu design on the pendant [&hellip;]<\/p>","protected":false},"featured_media":8664,"comment_status":"open","ping_status":"closed","template":"","meta":[],"product_brand":[],"product_cat":[48],"product_tag":[],"class_list":{"0":"post-1874","1":"product","2":"type-product","3":"status-publish","4":"has-post-thumbnail","6":"product_cat-pendants","8":"first","9":"instock","10":"sale","11":"shipping-taxable","12":"purchasable","13":"product-type-simple"},"_links":{"self":[{"href":"https:\/\/shop.yipinqian.com\/es\/wp-json\/wp\/v2\/product\/1874","targetHints":{"allow":["GET"]}}],"collection":[{"href":"https:\/\/shop.yipinqian.com\/es\/wp-json\/wp\/v2\/product"}],"about":[{"href":"https:\/\/shop.yipinqian.com\/es\/wp-json\/wp\/v2\/types\/product"}],"replies":[{"embeddable":true,"href":"https:\/\/shop.yipinqian.com\/es\/wp-json\/wp\/v2\/comments?post=1874"}],"version-history":[{"count":0,"href":"https:\/\/shop.yipinqian.com\/es\/wp-json\/wp\/v2\/product\/1874\/revisions"}],"wp:featuredmedia":[{"embeddable":true,"href":"https:\/\/shop.yipinqian.com\/es\/wp-json\/wp\/v2\/media\/8664"}],"wp:attachment":[{"href":"https:\/\/shop.yipinqian.com\/es\/wp-json\/wp\/v2\/media?parent=1874"}],"wp:term":[{"taxonomy":"product_brand","embeddable":true,"href":"https:\/\/shop.yipinqian.com\/es\/wp-json\/wp\/v2\/product_brand?post=1874"},{"taxonomy":"product_cat","embeddable":true,"href":"https:\/\/shop.yipinqian.com\/es\/wp-json\/wp\/v2\/product_cat?post=1874"},{"taxonomy":"product_tag","embeddable":true,"href":"https:\/\/shop.yipinqian.com\/es\/wp-json\/wp\/v2\/product_tag?post=1874"}],"curies":[{"name":"wp","href":"https:\/\/api.w.org\/{rel}","templated":true}]}}