{"id":1865,"date":"2024-10-24T23:23:14","date_gmt":"2024-10-24T15:23:14","guid":{"rendered":"https:\/\/shop.yipinqian.com\/product\/very-unique-and-rare-light-purple-with-yellow-natural-type-a-jadeite-pendant-crafted-with-waterfall-moutain-houses-and-coconut-trees-symbols-of-money-power-of-life-extend-upwards-with-certificate-weig\/"},"modified":"2025-02-17T00:04:19","modified_gmt":"2025-02-16T16:04:19","slug":"very-unique-and-rare-light-purple-with-yellow-natural-type-a-jadeite-pendant-crafted-with-waterfall-moutain-houses-and-coconut-trees-symbols-of-money-power-of-life-extend-upwards-with-certificate-weig","status":"publish","type":"product","link":"https:\/\/shop.yipinqian.com\/es\/producto\/very-unique-and-rare-light-purple-with-yellow-natural-type-a-jadeite-pendant-crafted-with-waterfall-moutain-houses-and-coconut-trees-symbols-of-money-power-of-life-extend-upwards-with-certificate-weig\/","title":{"rendered":"Colgante de jade\u00edta natural tipo A de color morado claro con amarillo muy \u00fanico y raro elaborado con cascada, monta\u00f1a, casas y cocoteros, s\u00edmbolos del dinero, poder de la vida. Se extiende hacia arriba con certificado. Pesa 31,55 gramos, 49 * 32,3 * 13,5 mm (colgante 70)."},"content":{"rendered":"<p>Este colgante de jade\u00edta natural tipo A de color violeta claro con amarillo, muy exclusivo y poco com\u00fan, es una obra maestra de los accesorios de joyer\u00eda. El colgante est\u00e1 elaborado con hermosos s\u00edmbolos de dinero y poder de vida, como cascadas, monta\u00f1as, casas y cocoteros.<\/p>\n<ul>\n<li>\n<strong>Dise\u00f1o impresionante:<\/strong> Este colgante tiene un dise\u00f1o \u00fanico que muestra la belleza natural de la piedra jade\u00edta.<\/li>\n<li>\n<strong>Calidad Premium:<\/strong> Hecho de una rara piedra de jade\u00edta tipo A que pesa 31,55 gramos y mide 49 * 32,3 * 13,5 mm.<\/li>\n<li>\n<strong>Autenticidad certificada:<\/strong> Este colgante viene con un certificado que acredita su autenticidad y calidad.<\/li>\n<\/ul>\n<p><strong>N\u00fameros de certificado: ZGDTD082831<\/strong><\/p>\n<p><img fetchpriority=\"high\" decoding=\"async\" height=\"1080\" src=\"https:\/\/shop.yipinqian.com\/wp-content\/uploads\/2024\/10\/6c0a5e2c66cdd5aa63b7e584776ff134.jpg?from=476444299\" width=\"1080\"><br \/><img decoding=\"async\" height=\"1080\" src=\"https:\/\/shop.yipinqian.com\/wp-content\/uploads\/2024\/10\/2c417655dfd33c962fd938883073766c.jpg?from=476444299\" width=\"1080\"><\/p>\n<p>El hermoso color violeta claro junto con los matices amarillos hacen que esta pieza se destaque entre otros tipos de colgantes de esta categor\u00eda. Es perfecta para el uso diario tanto para hombres como para mujeres que aprecian los buenos accesorios de fengshui.<\/p>\n<ul>\n<li>\n<strong>Estilo casual:<\/strong>Este estilo de collar queda bien en entornos informales sin ser demasiado dominante ni llamativo.<\/li>\n<\/ul>\n<p>El pa\u00eds de origen de esta pieza es Myanmar, lo que le suma valor, ya que proviene de una de las principales fuentes de piedras de jade\u00edta de alta calidad del mundo actual. Tenga en cuenta que, aunque este producto no viene con un tipo de garant\u00eda, sin duda le durar\u00e1 muchos a\u00f1os, siempre que tenga cuidado de almacenarlo adecuadamente despu\u00e9s de su uso para evitar el desgaste o los da\u00f1os con el tiempo.<\/p>\n<p>\u00a0<\/p>\n<p>Yi Pin Qian \u2013 Comerciante de piedras preciosas y metales preciosos en Singapur \u2013 N\u00famero de licencia PS20190000031<\/p>\n<p>\u00a0<\/p>\n<p>*Todos los jade\u00edtas comprados a Yi Pin Qian en Singapur, los clientes pueden reservar espacios para pulirlos o hacer reparaciones menores por mal manejo; se aplican tarifas y solo para los clientes de Yi Pin Qian en Singapur*<\/p>\n<p>\u00a0<\/p>\n<p><strong>**Tipos de certificados**<\/strong><\/p>\n<p>\u00a0<\/p>\n<p><strong>NGI (Gemolog\u00eda Nan Yang)<\/strong><\/p>\n<p>o <strong>Certificados en el extranjero <\/strong>(Yi Pin Qian solo utiliza certificados aut\u00e9nticos de laboratorios extranjeros y tambi\u00e9n controla la calidad de cada uno de nuestros productos antes de ponerlos a la venta en SG)<\/p>\n<p>\u00a0<\/p>\n<p>Todos los productos de TikTok contar\u00e1n con el tipo de certificado que se indica en la descripci\u00f3n. Para cualquier cliente que desee enviar su pedido a NGI Singapur, habr\u00e1 un tiempo de espera para la entrega del pedido estimado de aproximadamente 4 semanas para recibirlo. <strong>Las solicitudes de informes de NGI Gemstone deben realizarse enviando un mensaje a la tienda TikTok de Yi Pin Qian.<\/strong> Gracias, <strong><u>Se aplican tarifas adicionales<\/u><\/strong>.<\/p>\n<p>\u00a0<\/p>\n<p><strong>La jade\u00edta natural no es perfecta, solo un peque\u00f1o recordatorio: nuestra jade\u00edta natural, como todas las cosas hermosas de la naturaleza, tiene sus caracter\u00edsticas y variaciones \u00fanicas. Invitamos a nuestros valiosos clientes a adoptar estas variaciones naturales. \u00a1Felices compras!<\/strong><\/p>\n<p>\u00a0<\/p>\n<p><strong><u>Ninguna de las fotograf\u00edas ni los v\u00eddeos han sido filtrados. Animamos a nuestros clientes a que vean tambi\u00e9n los v\u00eddeos adjuntos para tener una visi\u00f3n m\u00e1s completa de nuestros productos.<\/u><\/strong><\/p>\n<p>\u00a0<\/p>","protected":false},"excerpt":{"rendered":"<p>This Very Unique and Rare Light Purple with Yellow Natural Type A Jadeite Pendant is a masterpiece of jewelry accessories. The pendant is crafted with beautiful symbols of money, power of life such as waterfall, mountain, houses and coconut trees. Stunning Design: This pendant has a unique design that showcases the natural beauty of jadeite [&hellip;]<\/p>","protected":false},"featured_media":8583,"comment_status":"open","ping_status":"closed","template":"","meta":[],"product_brand":[],"product_cat":[48],"product_tag":[],"class_list":{"0":"post-1865","1":"product","2":"type-product","3":"status-publish","4":"has-post-thumbnail","6":"product_cat-pendants","8":"first","9":"instock","10":"sale","11":"shipping-taxable","12":"purchasable","13":"product-type-simple"},"_links":{"self":[{"href":"https:\/\/shop.yipinqian.com\/es\/wp-json\/wp\/v2\/product\/1865","targetHints":{"allow":["GET"]}}],"collection":[{"href":"https:\/\/shop.yipinqian.com\/es\/wp-json\/wp\/v2\/product"}],"about":[{"href":"https:\/\/shop.yipinqian.com\/es\/wp-json\/wp\/v2\/types\/product"}],"replies":[{"embeddable":true,"href":"https:\/\/shop.yipinqian.com\/es\/wp-json\/wp\/v2\/comments?post=1865"}],"version-history":[{"count":0,"href":"https:\/\/shop.yipinqian.com\/es\/wp-json\/wp\/v2\/product\/1865\/revisions"}],"wp:featuredmedia":[{"embeddable":true,"href":"https:\/\/shop.yipinqian.com\/es\/wp-json\/wp\/v2\/media\/8583"}],"wp:attachment":[{"href":"https:\/\/shop.yipinqian.com\/es\/wp-json\/wp\/v2\/media?parent=1865"}],"wp:term":[{"taxonomy":"product_brand","embeddable":true,"href":"https:\/\/shop.yipinqian.com\/es\/wp-json\/wp\/v2\/product_brand?post=1865"},{"taxonomy":"product_cat","embeddable":true,"href":"https:\/\/shop.yipinqian.com\/es\/wp-json\/wp\/v2\/product_cat?post=1865"},{"taxonomy":"product_tag","embeddable":true,"href":"https:\/\/shop.yipinqian.com\/es\/wp-json\/wp\/v2\/product_tag?post=1865"}],"curies":[{"name":"wp","href":"https:\/\/api.w.org\/{rel}","templated":true}]}}