{"id":1864,"date":"2024-10-24T23:23:13","date_gmt":"2024-10-24T15:23:13","guid":{"rendered":"https:\/\/shop.yipinqian.com\/product\/very-rare-semi-icy-light-green-patches-natural-type-a-jadeite-jade-crafted-with-elephant-as-pendant-certificate-weighs-8-63-grams-measurement-33-19-1-8-8-mm-pendant244\/"},"modified":"2025-02-24T00:49:49","modified_gmt":"2025-02-23T16:49:49","slug":"very-rare-semi-icy-light-green-patches-natural-type-a-jadeite-jade-crafted-with-elephant-as-pendant-certificate-weighs-8-63-grams-measurement-33-19-1-8-8-mm-pendant244","status":"publish","type":"product","link":"https:\/\/shop.yipinqian.com\/es\/producto\/very-rare-semi-icy-light-green-patches-natural-type-a-jadeite-jade-crafted-with-elephant-as-pendant-certificate-weighs-8-63-grams-measurement-33-19-1-8-8-mm-pendant244\/","title":{"rendered":"Very Rare Semi Icy Light Green Patches Natural Type A Jadeite Jade crafted with Elephant as Pendant, certificate weighs 8.63 grams, measurement 33 * 19.1 * 8.8 mm (pendant244)"},"content":{"rendered":"<p>This Very Rare Semi Icy Light Green Patches Natural Type A Jadeite Jade necklace features an exquisite Elephant pendant, making it a unique and eye-catching accessory.<\/p>\n<p><\/p>\n<p>Certificate numbers: 920660004887<\/p>\n<p><\/p>\n<p>*- This old collection from YPQ is something a jadeite&#8217;s collector doesn&#8217;t really want to miss, buy now before it is gone forever!<\/p>\n<ul>\n<li>Weighing 8.63 grams, the pendant has dimensions of 33 * 19.1 * 8.8 mm.<\/li>\n<\/ul>\n<p>Handcrafted with precision, this jade necklace is a stunning piece of jewelry that stands out with its intricate design and rare jade coloration.<\/p>\n<ul>\n<li>The necklace comes with a certificate for authenticity.<\/li>\n<\/ul>\n<p>Originating from Myanmar, this piece is perfect for daily wear and adds an elegant touch to any outfit. Its unisex design makes it suitable for anyone looking to make a style statement with casual elegance.<\/p>\n<p><\/p>\n<p><strong>La jade\u00edta natural no es perfecta, solo un peque\u00f1o recordatorio: nuestra jade\u00edta natural, como todas las cosas hermosas de la naturaleza, tiene sus caracter\u00edsticas y variaciones \u00fanicas. Invitamos a nuestros valiosos clientes a adoptar estas variaciones naturales. \u00a1Felices compras!<\/strong><\/p>\n<p><\/p>\n<p><strong><u>Ninguna de las fotograf\u00edas ni los v\u00eddeos han sido filtrados. Animamos a nuestros clientes a que vean tambi\u00e9n los v\u00eddeos adjuntos para tener una visi\u00f3n m\u00e1s completa de nuestros productos.<\/u><\/strong><\/p>","protected":false},"excerpt":{"rendered":"<p>This Very Rare Semi Icy Light Green Patches Natural Type A Jadeite Jade necklace features an exquisite Elephant pendant, making it a unique and eye-catching accessory. Certificate numbers: 920660004887 *- This old collection from YPQ is something a jadeite&#8217;s collector doesn&#8217;t really want to miss, buy now before it is gone forever! Weighing 8.63 grams, [&hellip;]<\/p>","protected":false},"featured_media":8563,"comment_status":"open","ping_status":"closed","template":"","meta":[],"product_brand":[],"product_cat":[194],"product_tag":[],"class_list":{"0":"post-1864","1":"product","2":"type-product","3":"status-publish","4":"has-post-thumbnail","6":"product_cat-value-picks","8":"first","9":"instock","10":"sale","11":"shipping-taxable","12":"purchasable","13":"product-type-simple"},"_links":{"self":[{"href":"https:\/\/shop.yipinqian.com\/es\/wp-json\/wp\/v2\/product\/1864","targetHints":{"allow":["GET"]}}],"collection":[{"href":"https:\/\/shop.yipinqian.com\/es\/wp-json\/wp\/v2\/product"}],"about":[{"href":"https:\/\/shop.yipinqian.com\/es\/wp-json\/wp\/v2\/types\/product"}],"replies":[{"embeddable":true,"href":"https:\/\/shop.yipinqian.com\/es\/wp-json\/wp\/v2\/comments?post=1864"}],"version-history":[{"count":0,"href":"https:\/\/shop.yipinqian.com\/es\/wp-json\/wp\/v2\/product\/1864\/revisions"}],"wp:featuredmedia":[{"embeddable":true,"href":"https:\/\/shop.yipinqian.com\/es\/wp-json\/wp\/v2\/media\/8563"}],"wp:attachment":[{"href":"https:\/\/shop.yipinqian.com\/es\/wp-json\/wp\/v2\/media?parent=1864"}],"wp:term":[{"taxonomy":"product_brand","embeddable":true,"href":"https:\/\/shop.yipinqian.com\/es\/wp-json\/wp\/v2\/product_brand?post=1864"},{"taxonomy":"product_cat","embeddable":true,"href":"https:\/\/shop.yipinqian.com\/es\/wp-json\/wp\/v2\/product_cat?post=1864"},{"taxonomy":"product_tag","embeddable":true,"href":"https:\/\/shop.yipinqian.com\/es\/wp-json\/wp\/v2\/product_tag?post=1864"}],"curies":[{"name":"wp","href":"https:\/\/api.w.org\/{rel}","templated":true}]}}