{"id":1854,"date":"2024-10-24T23:23:06","date_gmt":"2024-10-24T15:23:06","guid":{"rendered":"https:\/\/shop.yipinqian.com\/product\/very-rare-light-lavender-and-lemon-yellow-with-brown-natural-type-a-jadeite-pendant-carved-with-baby-buddha-certificate-included-weighs-20-13-grams-57-90-26-80-11-20-mm-suitable-for-daily-wear-pendant\/"},"modified":"2025-02-24T01:17:25","modified_gmt":"2025-02-23T17:17:25","slug":"very-rare-light-lavender-and-lemon-yellow-with-brown-natural-type-a-jadeite-pendant-carved-with-baby-buddha-certificate-included-weighs-20-13-grams-57-90-26-80-11-20-mm-suitable-for-daily-wear-pendant","status":"publish","type":"product","link":"https:\/\/shop.yipinqian.com\/es\/producto\/very-rare-light-lavender-and-lemon-yellow-with-brown-natural-type-a-jadeite-pendant-carved-with-baby-buddha-certificate-included-weighs-20-13-grams-57-90-26-80-11-20-mm-suitable-for-daily-wear-pendant\/","title":{"rendered":"Very Rare Light Lavender and Lemon Yellow with Brown Natural Type A Jadeite pendant carved with baby buddha pendant, certificate included weighs 20.13 grams, 57.90 * 26.80 * 11.20 mm, suitable for daily wear (pendant86)"},"content":{"rendered":"<p>This Very Rare Light Lavender and Lemon Yellow with Brown Natural Type A Jadeite pendant is a stunning addition to any jewelry collection. The pendant is carved with a beautiful baby buddha and comes with a certificate of authenticity. Weighing 20.13 grams and measuring 57.90 * 26.80 * 11.20 mm, this piece is suitable for daily wear.<\/p>\n<ul>\n<li>\n<strong>Unique Colors:<\/strong> The<strong><u> light lavender, lemon yellow, and brown<\/u><\/strong> hues of this jadeite are very rare.<\/li>\n<li>\n<strong>Natural Type A Jade:<\/strong> This pendant is made from high-quality natural jadeite that has not been treated or enhanced in any way.<\/li>\n<li>\n<strong>Certificado incluido:<\/strong> You can be sure that you&#8217;re getting an authentic piece of jade jewelry thanks to the included certificate of authenticity.<\/li>\n<\/ul>\n<p><strong>Certificate numbers: 920870012902<\/strong><\/p>\n<p><img fetchpriority=\"high\" decoding=\"async\" height=\"1080\" src=\"https:\/\/shop.yipinqian.com\/wp-content\/uploads\/2024\/10\/17fe24126f6da66801f28ead5bfaa3b7.jpg?from=476444299\" width=\"1080\"><\/p>\n<p>This casual necklace style makes it easy to wear this stunning pendant every day as an expression of your unique style sense or as a symbol for protection, good luck, or peace in your life.<\/p>\n<ul>\n<li>\n<strong>No incluye garant\u00eda:<\/strong> Please note that there no warranty included with purchase<\/li>\n<li>\n<strong>Suitable for All Genders:<\/strong> This unisex necklace can be worn by anyone who appreciates high-quality natural gemstones.<\/li>\n<\/ul>\n<p>Add some color to your wardrobe today by adding this rare light lavender &amp; lemon-yellow plus brown, type-A natural jadeite pendent carved into baby buddha form!<\/p>\n<p>\u00a0<\/p>\n<p>Yi Pin Qian \u2013 Comerciante de piedras preciosas y metales preciosos en Singapur \u2013 N\u00famero de licencia PS20190000031<\/p>\n<p>\u00a0<\/p>\n<p>*Todos los jade\u00edtas comprados a Yi Pin Qian en Singapur, los clientes pueden reservar espacios para pulirlos o hacer reparaciones menores por mal manejo; se aplican tarifas y solo para los clientes de Yi Pin Qian en Singapur*<\/p>\n<p>\u00a0<\/p>\n<p><strong>**Tipos de certificados**<\/strong><\/p>\n<p>\u00a0<\/p>\n<p><strong>NGI (Gemolog\u00eda Nan Yang)<\/strong><\/p>\n<p>o <strong>Certificados en el extranjero <\/strong>(Yi Pin Qian solo utiliza certificados aut\u00e9nticos de laboratorios extranjeros y tambi\u00e9n controla la calidad de cada uno de nuestros productos antes de ponerlos a la venta en SG)<\/p>\n<p>\u00a0<\/p>\n<p>Todos los productos de TikTok contar\u00e1n con el tipo de certificado que se indica en la descripci\u00f3n. Para cualquier cliente que desee enviar su pedido a NGI Singapur, habr\u00e1 un tiempo de espera para la entrega del pedido estimado de aproximadamente 4 semanas para recibirlo. <strong>Las solicitudes de informes de NGI Gemstone deben realizarse enviando un mensaje a la tienda TikTok de Yi Pin Qian.<\/strong> Gracias, <strong><u>Se aplican tarifas adicionales<\/u><\/strong>.<\/p>\n<p>\u00a0<\/p>\n<p><strong>Natural jadeite is not flawless, Just a gentle reminder, our natural jadeite, like all beautiful things in nature, comes with its unique characteristics and variations. We invite our valued customers to embrace these natural variations. Happy shopping!<\/strong><\/p>\n<p>\u00a0<\/p>\n<p>.<\/p>","protected":false},"excerpt":{"rendered":"<p>This Very Rare Light Lavender and Lemon Yellow with Brown Natural Type A Jadeite pendant is a stunning addition to any jewelry collection. The pendant is carved with a beautiful baby buddha and comes with a certificate of authenticity. Weighing 20.13 grams and measuring 57.90 * 26.80 * 11.20 mm, this piece is suitable for [&hellip;]<\/p>","protected":false},"featured_media":8496,"comment_status":"open","ping_status":"closed","template":"","meta":[],"product_brand":[],"product_cat":[195],"product_tag":[],"class_list":{"0":"post-1854","1":"product","2":"type-product","3":"status-publish","4":"has-post-thumbnail","6":"product_cat-heirloom-grade","8":"first","9":"instock","10":"sale","11":"shipping-taxable","12":"purchasable","13":"product-type-simple"},"_links":{"self":[{"href":"https:\/\/shop.yipinqian.com\/es\/wp-json\/wp\/v2\/product\/1854","targetHints":{"allow":["GET"]}}],"collection":[{"href":"https:\/\/shop.yipinqian.com\/es\/wp-json\/wp\/v2\/product"}],"about":[{"href":"https:\/\/shop.yipinqian.com\/es\/wp-json\/wp\/v2\/types\/product"}],"replies":[{"embeddable":true,"href":"https:\/\/shop.yipinqian.com\/es\/wp-json\/wp\/v2\/comments?post=1854"}],"version-history":[{"count":0,"href":"https:\/\/shop.yipinqian.com\/es\/wp-json\/wp\/v2\/product\/1854\/revisions"}],"wp:featuredmedia":[{"embeddable":true,"href":"https:\/\/shop.yipinqian.com\/es\/wp-json\/wp\/v2\/media\/8496"}],"wp:attachment":[{"href":"https:\/\/shop.yipinqian.com\/es\/wp-json\/wp\/v2\/media?parent=1854"}],"wp:term":[{"taxonomy":"product_brand","embeddable":true,"href":"https:\/\/shop.yipinqian.com\/es\/wp-json\/wp\/v2\/product_brand?post=1854"},{"taxonomy":"product_cat","embeddable":true,"href":"https:\/\/shop.yipinqian.com\/es\/wp-json\/wp\/v2\/product_cat?post=1854"},{"taxonomy":"product_tag","embeddable":true,"href":"https:\/\/shop.yipinqian.com\/es\/wp-json\/wp\/v2\/product_tag?post=1854"}],"curies":[{"name":"wp","href":"https:\/\/api.w.org\/{rel}","templated":true}]}}