{"id":1852,"date":"2024-10-24T23:23:05","date_gmt":"2024-10-24T15:23:05","guid":{"rendered":"https:\/\/shop.yipinqian.com\/product\/very-rare-high-translucent-icy-natural-type-a-jadeite-pendant-carved-with-guanyin-symbolizes-compassion-mercy-healing-protection-purity-enlightenment-harmony-balance-and-the-feminine-divine-certificat\/"},"modified":"2025-02-24T01:34:17","modified_gmt":"2025-02-23T17:34:17","slug":"very-rare-high-translucent-icy-natural-type-a-jadeite-pendant-carved-with-guanyin-symbolizes-compassion-mercy-healing-protection-purity-enlightenment-harmony-balance-and-the-feminine-divine-certificat","status":"publish","type":"product","link":"https:\/\/shop.yipinqian.com\/es\/producto\/very-rare-high-translucent-icy-natural-type-a-jadeite-pendant-carved-with-guanyin-symbolizes-compassion-mercy-healing-protection-purity-enlightenment-harmony-balance-and-the-feminine-divine-certificat\/","title":{"rendered":"Very Rare High Translucent Icy Natural Type A Jadeite Pendant carved with Guanyin symbolizes compassion, mercy, healing, protection, purity, enlightenment, harmony, balance, and the feminine divine certificate weigh 19.62 g, 52.8 * 46.6 * 5 mm (pendant78)"},"content":{"rendered":"<p>Introducing a very rare, high translucent icy natural with light green in hue Type A jadeite pendant that is exquisitely carved with the symbol of Guanyin &#8211; the embodiment of compassion, mercy, healing, protection, purity and enlightenment. This pendant also represents harmony and balance while celebrating the feminine divine.<\/p>\n<ul>\n<li>Symbolic Design: The Guanyin symbol carved on this Type A jadeite pendant is a powerful representation of love and compassion.<\/li>\n<li>Natural Beauty: The high translucent icy quality of this natural Type A jadeite pendant adds to its beauty as it shimmers in various lights.<\/li>\n<li>Certificate Included: This beautiful piece comes with a certificate to assure authenticity for peace of mind.<\/li>\n<\/ul>\n<p><strong>Certificate numbers: GD2110H013028<\/strong><\/p>\n<p><img fetchpriority=\"high\" decoding=\"async\" height=\"1080\" src=\"https:\/\/shop.yipinqian.com\/wp-content\/uploads\/2024\/10\/1b5ba98c0b9bc82fb2f75314ff9e2733.jpg?from=476444299\" width=\"1080\"><img decoding=\"async\" height=\"1080\" src=\"https:\/\/shop.yipinqian.com\/wp-content\/uploads\/2024\/10\/e8191c655866c022a43c3c8130c5af9f.jpg?from=476444299\" width=\"1080\"><\/p>\n<p>The elegant necklace style makes it perfect for daily wear. It can be worn by anyone as it is unisex in design.<\/p>\n<ul>\n<li>Made from Jadeite: The use of premium quality Jadeite adds to the durability and longevity which makes this piece stand out from others.<\/li>\n<\/ul>\n<p>This gorgeous necklace is sourced from Myanmar &#8211; one that you can wear with pride or gift it to someone special who appreciates fine jewelry accessories.<\/p>\n<p>Yi Pin Qian \u2013 Comerciante de piedras preciosas y metales preciosos en Singapur \u2013 N\u00famero de licencia PS20190000031<\/p>\n<p>*Todos los jade\u00edtas comprados a Yi Pin Qian en Singapur, los clientes pueden reservar espacios para pulirlos o hacer reparaciones menores por mal manejo; se aplican tarifas y solo para los clientes de Yi Pin Qian en Singapur*<\/p>\n<p><strong>**Tipos de certificados**<\/strong><\/p>\n<p><strong>NGI (Gemolog\u00eda Nan Yang)<\/strong><\/p>\n<p>o <strong>Certificados en el extranjero <\/strong>(Yi Pin Qian solo utiliza certificados aut\u00e9nticos de laboratorios extranjeros y tambi\u00e9n controla la calidad de cada uno de nuestros productos antes de ponerlos a la venta en SG)<\/p>\n<p>Todos los productos de TikTok contar\u00e1n con el tipo de certificado que se indica en la descripci\u00f3n. Para cualquier cliente que desee enviar su pedido a NGI Singapur, habr\u00e1 un tiempo de espera para la entrega del pedido estimado de aproximadamente 4 semanas para recibirlo. <strong>Las solicitudes de informes de NGI Gemstone deben realizarse enviando un mensaje a la tienda TikTok de Yi Pin Qian.<\/strong> Gracias, <strong><u>Se aplican tarifas adicionales<\/u><\/strong>.<\/p>\n<p><strong>La jade\u00edta natural no es perfecta, solo un peque\u00f1o recordatorio: nuestra jade\u00edta natural, como todas las cosas hermosas de la naturaleza, tiene sus caracter\u00edsticas y variaciones \u00fanicas. Invitamos a nuestros valiosos clientes a adoptar estas variaciones naturales. \u00a1Felices compras!<\/strong><\/p>\n<p><strong><u>Ninguna de las fotograf\u00edas ni los v\u00eddeos han sido filtrados. Animamos a nuestros clientes a que vean tambi\u00e9n los v\u00eddeos adjuntos para tener una visi\u00f3n m\u00e1s completa de nuestros productos.<\/u><\/strong><\/p>","protected":false},"excerpt":{"rendered":"<p>Introducing a very rare, high translucent icy natural with light green in hue Type A jadeite pendant that is exquisitely carved with the symbol of Guanyin &#8211; the embodiment of compassion, mercy, healing, protection, purity and enlightenment. This pendant also represents harmony and balance while celebrating the feminine divine. Symbolic Design: The Guanyin symbol carved [&hellip;]<\/p>","protected":false},"featured_media":8466,"comment_status":"open","ping_status":"closed","template":"","meta":[],"product_brand":[],"product_cat":[196],"product_tag":[],"class_list":{"0":"post-1852","1":"product","2":"type-product","3":"status-publish","4":"has-post-thumbnail","6":"product_cat-vault-collection","8":"first","9":"instock","10":"sale","11":"shipping-taxable","12":"purchasable","13":"product-type-simple"},"_links":{"self":[{"href":"https:\/\/shop.yipinqian.com\/es\/wp-json\/wp\/v2\/product\/1852","targetHints":{"allow":["GET"]}}],"collection":[{"href":"https:\/\/shop.yipinqian.com\/es\/wp-json\/wp\/v2\/product"}],"about":[{"href":"https:\/\/shop.yipinqian.com\/es\/wp-json\/wp\/v2\/types\/product"}],"replies":[{"embeddable":true,"href":"https:\/\/shop.yipinqian.com\/es\/wp-json\/wp\/v2\/comments?post=1852"}],"version-history":[{"count":0,"href":"https:\/\/shop.yipinqian.com\/es\/wp-json\/wp\/v2\/product\/1852\/revisions"}],"wp:featuredmedia":[{"embeddable":true,"href":"https:\/\/shop.yipinqian.com\/es\/wp-json\/wp\/v2\/media\/8466"}],"wp:attachment":[{"href":"https:\/\/shop.yipinqian.com\/es\/wp-json\/wp\/v2\/media?parent=1852"}],"wp:term":[{"taxonomy":"product_brand","embeddable":true,"href":"https:\/\/shop.yipinqian.com\/es\/wp-json\/wp\/v2\/product_brand?post=1852"},{"taxonomy":"product_cat","embeddable":true,"href":"https:\/\/shop.yipinqian.com\/es\/wp-json\/wp\/v2\/product_cat?post=1852"},{"taxonomy":"product_tag","embeddable":true,"href":"https:\/\/shop.yipinqian.com\/es\/wp-json\/wp\/v2\/product_tag?post=1852"}],"curies":[{"name":"wp","href":"https:\/\/api.w.org\/{rel}","templated":true}]}}