{"id":1851,"date":"2024-10-24T23:23:05","date_gmt":"2024-10-24T15:23:05","guid":{"rendered":"https:\/\/shop.yipinqian.com\/product\/very-rare-green-red-and-yellow-natural-type-a-jadeite-jade-pendant-necklace-with-sceneries-certificate-included-weigh-29-84-grams-measurement-61-6-39-7-5-8-mm-pendant183\/"},"modified":"2025-02-24T01:17:25","modified_gmt":"2025-02-23T17:17:25","slug":"very-rare-green-red-and-yellow-natural-type-a-jadeite-jade-pendant-necklace-with-sceneries-certificate-included-weigh-29-84-grams-measurement-61-6-39-7-5-8-mm-pendant183","status":"publish","type":"product","link":"https:\/\/shop.yipinqian.com\/es\/producto\/very-rare-green-red-and-yellow-natural-type-a-jadeite-jade-pendant-necklace-with-sceneries-certificate-included-weigh-29-84-grams-measurement-61-6-39-7-5-8-mm-pendant183\/","title":{"rendered":"Very Rare Green, Red and Yellow Natural Type A Jadeite Jade Pendant Necklace with Sceneries, certificate included weigh 29.84 grams, measurement 61.6 * 39.7 * 5.8 mm (pendant183)"},"content":{"rendered":"<p>Elevate your jewelry collection with this Very Rare Green, Red and Yellow Natural Type A Jadeite Jade Pendant Necklace with Sceneries. This necklace is a stunning example of the beauty of jadeite jade, featuring a combination of green, red and yellow colors.<\/p>\n<p><\/p>\n<p><strong>Certificate numbers: ZS22090100086<\/strong><\/p>\n<ul>\n<li>Unique Design: The pendant is designed with beautiful sceneries that make it stand out from other necklaces.<\/li>\n<li>High-Quality Material: Made from natural Type A jadeite jade, this necklace is durable and long-lasting.<\/li>\n<li>Certificate Included: This necklace comes with a certificate to ensure its authenticity.<\/li>\n<\/ul>\n<p>Peso <strong>29.84 grams<\/strong> y midiendo <strong>61.6 * 39.7 * 5.8 mm<\/strong> (pendant183), this unisex necklace has an elegant style that makes it perfect for daily wear or special occasions.<\/p>\n<ul>\n<li>Made in Myanmar: The country of origin for this product is Myanmar where the best quality jade stones are found<\/li>\n<\/ul>\n<p>Add this Very Rare Green, Red and Yellow Natural Type A Jadeite Jade Pendant Necklace to your collection today to elevate any outfit effortlessly!<\/p>\n<p><\/p>\n<p>Yi Pin Qian \u2013 Comerciante de piedras preciosas y metales preciosos en Singapur \u2013 N\u00famero de licencia PS20190000031<\/p>\n<p><\/p>\n<p>*Todos los jade\u00edtas comprados a Yi Pin Qian en Singapur, los clientes pueden reservar espacios para pulirlos o hacer reparaciones menores por mal manejo; se aplican tarifas y solo para los clientes de Yi Pin Qian en Singapur*<\/p>\n<p><\/p>\n<p><strong>**Tipos de certificados**<\/strong><\/p>\n<p><\/p>\n<p><strong>NGI (Gemolog\u00eda Nan Yang)<\/strong><\/p>\n<p>o <strong>Certificados en el extranjero <\/strong>(Yi Pin Qian solo utiliza certificados aut\u00e9nticos de laboratorios extranjeros y tambi\u00e9n controla la calidad de cada uno de nuestros productos antes de ponerlos a la venta en SG)<\/p>\n<p><\/p>\n<p>Todos los productos de TikTok contar\u00e1n con el tipo de certificado que se indica en la descripci\u00f3n. Para cualquier cliente que desee enviar su pedido a NGI Singapur, habr\u00e1 un tiempo de espera para la entrega del pedido estimado de aproximadamente 4 semanas para recibirlo. <strong>Las solicitudes de informes de NGI Gemstone deben realizarse enviando un mensaje a la tienda TikTok de Yi Pin Qian.<\/strong> Gracias, <strong><u>Se aplican tarifas adicionales<\/u><\/strong>.<\/p>\n<p><\/p>\n<p><strong>La jade\u00edta natural no es perfecta, solo un peque\u00f1o recordatorio: nuestra jade\u00edta natural, como todas las cosas hermosas de la naturaleza, tiene sus caracter\u00edsticas y variaciones \u00fanicas. Invitamos a nuestros valiosos clientes a adoptar estas variaciones naturales. \u00a1Felices compras!<\/strong><\/p>\n<p><\/p>\n<p><strong><u>Ninguna de las fotograf\u00edas ni los v\u00eddeos han sido filtrados. Animamos a nuestros clientes a que vean tambi\u00e9n los v\u00eddeos adjuntos para tener una visi\u00f3n m\u00e1s completa de nuestros productos.<\/u><\/strong><\/p>","protected":false},"excerpt":{"rendered":"<p>Elevate your jewelry collection with this Very Rare Green, Red and Yellow Natural Type A Jadeite Jade Pendant Necklace with Sceneries. This necklace is a stunning example of the beauty of jadeite jade, featuring a combination of green, red and yellow colors. Certificate numbers: ZS22090100086 Unique Design: The pendant is designed with beautiful sceneries that [&hellip;]<\/p>","protected":false},"featured_media":8454,"comment_status":"open","ping_status":"closed","template":"","meta":[],"product_brand":[],"product_cat":[195],"product_tag":[],"class_list":{"0":"post-1851","1":"product","2":"type-product","3":"status-publish","4":"has-post-thumbnail","6":"product_cat-heirloom-grade","8":"first","9":"instock","10":"sale","11":"shipping-taxable","12":"purchasable","13":"product-type-simple"},"_links":{"self":[{"href":"https:\/\/shop.yipinqian.com\/es\/wp-json\/wp\/v2\/product\/1851","targetHints":{"allow":["GET"]}}],"collection":[{"href":"https:\/\/shop.yipinqian.com\/es\/wp-json\/wp\/v2\/product"}],"about":[{"href":"https:\/\/shop.yipinqian.com\/es\/wp-json\/wp\/v2\/types\/product"}],"replies":[{"embeddable":true,"href":"https:\/\/shop.yipinqian.com\/es\/wp-json\/wp\/v2\/comments?post=1851"}],"version-history":[{"count":0,"href":"https:\/\/shop.yipinqian.com\/es\/wp-json\/wp\/v2\/product\/1851\/revisions"}],"wp:featuredmedia":[{"embeddable":true,"href":"https:\/\/shop.yipinqian.com\/es\/wp-json\/wp\/v2\/media\/8454"}],"wp:attachment":[{"href":"https:\/\/shop.yipinqian.com\/es\/wp-json\/wp\/v2\/media?parent=1851"}],"wp:term":[{"taxonomy":"product_brand","embeddable":true,"href":"https:\/\/shop.yipinqian.com\/es\/wp-json\/wp\/v2\/product_brand?post=1851"},{"taxonomy":"product_cat","embeddable":true,"href":"https:\/\/shop.yipinqian.com\/es\/wp-json\/wp\/v2\/product_cat?post=1851"},{"taxonomy":"product_tag","embeddable":true,"href":"https:\/\/shop.yipinqian.com\/es\/wp-json\/wp\/v2\/product_tag?post=1851"}],"curies":[{"name":"wp","href":"https:\/\/api.w.org\/{rel}","templated":true}]}}