{"id":1846,"date":"2024-10-24T23:23:02","date_gmt":"2024-10-24T15:23:02","guid":{"rendered":"https:\/\/shop.yipinqian.com\/product\/very-rare-good-quality-reddish-yellow-and-light-green-natural-type-a-jadeite-jade-crafted-with-milo-buddha-as-pendant-with-certificate-weigh-37-43-grams-measurement-50-18-5-20-3-mm-pendant235\/"},"modified":"2025-02-24T01:17:25","modified_gmt":"2025-02-23T17:17:25","slug":"very-rare-good-quality-reddish-yellow-and-light-green-natural-type-a-jadeite-jade-crafted-with-milo-buddha-as-pendant-with-certificate-weigh-37-43-grams-measurement-50-18-5-20-3-mm-pendant235","status":"publish","type":"product","link":"https:\/\/shop.yipinqian.com\/es\/producto\/very-rare-good-quality-reddish-yellow-and-light-green-natural-type-a-jadeite-jade-crafted-with-milo-buddha-as-pendant-with-certificate-weigh-37-43-grams-measurement-50-18-5-20-3-mm-pendant235\/","title":{"rendered":"Very Rare Good Quality Reddish Yellow and Light Green Natural Type A Jadeite Jade crafted with Milo Buddha as Pendant with certificate weigh 37.43 grams, measurement 50 * 18.5 * 20.3 mm (pendant235)"},"content":{"rendered":"<p>This stunning pendant features a very rare and high-quality Reddish Yellow and Light Green Natural Type A Jadeite Jade, expertly crafted with a Milo Buddha design. The pendant comes with a certificate, weighing 37.43 grams and measuring 50 * 18.5 * 20.3 mm.<\/p>\n<p><\/p>\n<p>Certificate numbers: GD2203H010383<\/p>\n<ul>\n<li>\n<strong>Rare Type A Jadeite:<\/strong> Made from rare and high-quality Reddish Yellow and Light Green Natural Type A Jadeite.<\/li>\n<li>\n<strong>Milo Buddha Design:<\/strong> Intricately crafted with exquisite detailing of Milo Buddha.<\/li>\n<li>\n<strong>Certificado incluido:<\/strong> Comes with a certificate for authenticity assurance.<\/li>\n<li>\n<strong>Weighs 37.43 grams:<\/strong> Substantial weight for a luxurious feel when worn.<\/li>\n<\/ul>\n<p>Yi Pin Qian \u2013 Comerciante de piedras preciosas y metales preciosos en Singapur \u2013 N\u00famero de licencia PS20190000031<\/p>\n<p><\/p>\n<p>*Todos los jade\u00edtas comprados a Yi Pin Qian en Singapur, los clientes pueden reservar espacios para pulirlos o hacer reparaciones menores por mal manejo; se aplican tarifas y solo para los clientes de Yi Pin Qian en Singapur*<\/p>\n<p><\/p>\n<p><strong>**Tipos de certificados**<\/strong><\/p>\n<p><\/p>\n<p><strong>NGI (Gemolog\u00eda Nan Yang)<\/strong><\/p>\n<p>o <strong>Certificados en el extranjero <\/strong>(Yi Pin Qian solo utiliza certificados aut\u00e9nticos de laboratorios extranjeros y tambi\u00e9n controla la calidad de cada uno de nuestros productos antes de ponerlos a la venta en SG)<\/p>\n<p><\/p>\n<p>Todos los productos de TikTok contar\u00e1n con el tipo de certificado que se indica en la descripci\u00f3n. Para cualquier cliente que desee enviar su pedido a NGI Singapur, habr\u00e1 un tiempo de espera para la entrega del pedido estimado de aproximadamente 4 semanas para recibirlo. <strong>Las solicitudes de informes de NGI Gemstone deben realizarse enviando un mensaje a la tienda TikTok de Yi Pin Qian.<\/strong> Gracias, <strong><u>Se aplican tarifas adicionales<\/u><\/strong>.<\/p>\n<p><\/p>\n<p><strong>La jade\u00edta natural no es perfecta, solo un peque\u00f1o recordatorio: nuestra jade\u00edta natural, como todas las cosas hermosas de la naturaleza, tiene sus caracter\u00edsticas y variaciones \u00fanicas. Invitamos a nuestros valiosos clientes a adoptar estas variaciones naturales. \u00a1Felices compras!<\/strong><\/p>\n<p><\/p>\n<p><strong><u>Ninguna de las fotograf\u00edas ni los v\u00eddeos han sido filtrados. Animamos a nuestros clientes a que vean tambi\u00e9n los v\u00eddeos adjuntos para tener una visi\u00f3n m\u00e1s completa de nuestros productos.<\/u><\/strong><\/p>","protected":false},"excerpt":{"rendered":"<p>This stunning pendant features a very rare and high-quality Reddish Yellow and Light Green Natural Type A Jadeite Jade, expertly crafted with a Milo Buddha design. The pendant comes with a certificate, weighing 37.43 grams and measuring 50 * 18.5 * 20.3 mm. Certificate numbers: GD2203H010383 Rare Type A Jadeite: Made from rare and high-quality [&hellip;]<\/p>","protected":false},"featured_media":8419,"comment_status":"open","ping_status":"closed","template":"","meta":[],"product_brand":[],"product_cat":[195],"product_tag":[],"class_list":{"0":"post-1846","1":"product","2":"type-product","3":"status-publish","4":"has-post-thumbnail","6":"product_cat-heirloom-grade","8":"first","9":"instock","10":"sale","11":"shipping-taxable","12":"purchasable","13":"product-type-simple"},"_links":{"self":[{"href":"https:\/\/shop.yipinqian.com\/es\/wp-json\/wp\/v2\/product\/1846","targetHints":{"allow":["GET"]}}],"collection":[{"href":"https:\/\/shop.yipinqian.com\/es\/wp-json\/wp\/v2\/product"}],"about":[{"href":"https:\/\/shop.yipinqian.com\/es\/wp-json\/wp\/v2\/types\/product"}],"replies":[{"embeddable":true,"href":"https:\/\/shop.yipinqian.com\/es\/wp-json\/wp\/v2\/comments?post=1846"}],"version-history":[{"count":0,"href":"https:\/\/shop.yipinqian.com\/es\/wp-json\/wp\/v2\/product\/1846\/revisions"}],"wp:featuredmedia":[{"embeddable":true,"href":"https:\/\/shop.yipinqian.com\/es\/wp-json\/wp\/v2\/media\/8419"}],"wp:attachment":[{"href":"https:\/\/shop.yipinqian.com\/es\/wp-json\/wp\/v2\/media?parent=1846"}],"wp:term":[{"taxonomy":"product_brand","embeddable":true,"href":"https:\/\/shop.yipinqian.com\/es\/wp-json\/wp\/v2\/product_brand?post=1846"},{"taxonomy":"product_cat","embeddable":true,"href":"https:\/\/shop.yipinqian.com\/es\/wp-json\/wp\/v2\/product_cat?post=1846"},{"taxonomy":"product_tag","embeddable":true,"href":"https:\/\/shop.yipinqian.com\/es\/wp-json\/wp\/v2\/product_tag?post=1846"}],"curies":[{"name":"wp","href":"https:\/\/api.w.org\/{rel}","templated":true}]}}