{"id":1841,"date":"2024-10-24T23:22:58","date_gmt":"2024-10-24T15:22:58","guid":{"rendered":"https:\/\/shop.yipinqian.com\/product\/very-beautiful-full-green-and-light-green-hue-natural-type-a-jadeite-jade-crafted-with-three-legs-toad-with-coin-and-ruyi-with-certificate-weigh-16-97-grams-measurement-52-8-21-2-10-7-mm-pendant180\/"},"modified":"2025-02-17T00:04:18","modified_gmt":"2025-02-16T16:04:18","slug":"very-beautiful-full-green-and-light-green-hue-natural-type-a-jadeite-jade-crafted-with-three-legs-toad-with-coin-and-ruyi-with-certificate-weigh-16-97-grams-measurement-52-8-21-2-10-7-mm-pendant180","status":"publish","type":"product","link":"https:\/\/shop.yipinqian.com\/es\/producto\/very-beautiful-full-green-and-light-green-hue-natural-type-a-jadeite-jade-crafted-with-three-legs-toad-with-coin-and-ruyi-with-certificate-weigh-16-97-grams-measurement-52-8-21-2-10-7-mm-pendant180\/","title":{"rendered":"Hermoso jade\u00edta natural tipo A de tono verde completo y verde claro elaborado con sapo de tres patas con moneda y Ruyi con certificado, pesa 16,97 gramos, medida 52,8 * 21,2 * 10,7 mm (colgante 180)"},"content":{"rendered":"<p>Este colgante de jade\u00edta natural tipo A es una hermosa incorporaci\u00f3n a cualquier colecci\u00f3n de joyas. El tono verde intenso y verde claro le da una apariencia \u00fanica y llamativa, mientras que el dise\u00f1o de sapo de tres patas con moneda y Ruyi le agrega un significado simb\u00f3lico.<\/p>\n<p><\/p>\n<p><strong>N\u00fameros de certificado: GD2112H009368<\/strong><\/p>\n<ul>\n<li>\n<strong>Dise\u00f1o:<\/strong> El colgante est\u00e1 elaborado con un sapo de tres patas con moneda y dise\u00f1o Ruyi, que se consideran s\u00edmbolos de la suerte en la cultura china.<\/li>\n<li>\n<strong>Peso:<\/strong> Este colgante pesa 16,97 gramos, lo que lo hace ligero y c\u00f3modo de llevar.<\/li>\n<li>\n<strong>Certificado:<\/strong> Este producto viene con un certificado de autenticidad que garantiza que el jade es jade\u00edta natural tipo A.<\/li>\n<\/ul>\n<p>El colgante tiene unas medidas de 52,8*21,2*10,7 mm (colgante 180), por lo que es un tama\u00f1o ideal para uso diario o como accesorio para ocasiones casuales.<\/p>\n<ul>\n<li>\n<strong>Ocasi\u00f3n:<\/strong>El estilo vers\u00e1til del collar lo hace adecuado para el uso diario o para ocasiones casuales.<\/li>\n<li>.<\/li>\n<\/ul>\n<p>Este collar unisex no viene con ninguna garant\u00eda, pero es una excelente opci\u00f3n de regalo para sus seres queridos que aprecian piezas de joyer\u00eda \u00fanicas y ricas en simbolismo.<\/p>\n<p>.<\/p>\n<p>Yi Pin Qian \u2013 Comerciante de piedras preciosas y metales preciosos en Singapur \u2013 N\u00famero de licencia PS20190000031<\/p>\n<p><\/p>\n<p>*Todos los jade\u00edtas comprados a Yi Pin Qian en Singapur, los clientes pueden reservar espacios para pulirlos o hacer reparaciones menores por mal manejo; se aplican tarifas y solo para los clientes de Yi Pin Qian en Singapur*<\/p>\n<p><\/p>\n<p><strong>**Tipos de certificados**<\/strong><\/p>\n<p><\/p>\n<p><strong>NGI (Gemolog\u00eda Nan Yang)<\/strong><\/p>\n<p>o <strong>Certificados en el extranjero <\/strong>(Yi Pin Qian solo utiliza certificados aut\u00e9nticos de laboratorios extranjeros y tambi\u00e9n controla la calidad de cada uno de nuestros productos antes de ponerlos a la venta en SG)<\/p>\n<p><\/p>\n<p>Todos los productos de TikTok contar\u00e1n con el tipo de certificado que se indica en la descripci\u00f3n. Para cualquier cliente que desee enviar su pedido a NGI Singapur, habr\u00e1 un tiempo de espera para la entrega del pedido estimado de aproximadamente 4 semanas para recibirlo. <strong>Las solicitudes de informes de NGI Gemstone deben realizarse enviando un mensaje a la tienda TikTok de Yi Pin Qian.<\/strong> Gracias, <strong><u>Se aplican tarifas adicionales<\/u><\/strong>.<\/p>\n<p><\/p>\n<p><strong>La jade\u00edta natural no es perfecta, solo un peque\u00f1o recordatorio: nuestra jade\u00edta natural, como todas las cosas hermosas de la naturaleza, tiene sus caracter\u00edsticas y variaciones \u00fanicas. Invitamos a nuestros valiosos clientes a adoptar estas variaciones naturales. \u00a1Felices compras!<\/strong><\/p>\n<p><\/p>\n<p><strong><u>Ninguna de las fotograf\u00edas ni los v\u00eddeos han sido filtrados. Animamos a nuestros clientes a que vean tambi\u00e9n los v\u00eddeos adjuntos para tener una visi\u00f3n m\u00e1s completa de nuestros productos.<\/u><\/strong><\/p>","protected":false},"excerpt":{"rendered":"<p>This Natural Type A Jadeite Jade pendant is a beautiful addition to any jewelry collection. The Full Green and Light Green Hue gives it a unique and eye-catching appearance, while the Three Legs Toad with coin and Ruyi design adds symbolic significance. Certificate numbers: GD2112H009368 Design: The pendant is crafted with Three Legs Toad with [&hellip;]<\/p>","protected":false},"featured_media":8381,"comment_status":"open","ping_status":"closed","template":"","meta":[],"product_brand":[],"product_cat":[48],"product_tag":[],"class_list":{"0":"post-1841","1":"product","2":"type-product","3":"status-publish","4":"has-post-thumbnail","6":"product_cat-pendants","8":"first","9":"instock","10":"sale","11":"shipping-taxable","12":"purchasable","13":"product-type-simple"},"_links":{"self":[{"href":"https:\/\/shop.yipinqian.com\/es\/wp-json\/wp\/v2\/product\/1841","targetHints":{"allow":["GET"]}}],"collection":[{"href":"https:\/\/shop.yipinqian.com\/es\/wp-json\/wp\/v2\/product"}],"about":[{"href":"https:\/\/shop.yipinqian.com\/es\/wp-json\/wp\/v2\/types\/product"}],"replies":[{"embeddable":true,"href":"https:\/\/shop.yipinqian.com\/es\/wp-json\/wp\/v2\/comments?post=1841"}],"version-history":[{"count":0,"href":"https:\/\/shop.yipinqian.com\/es\/wp-json\/wp\/v2\/product\/1841\/revisions"}],"wp:featuredmedia":[{"embeddable":true,"href":"https:\/\/shop.yipinqian.com\/es\/wp-json\/wp\/v2\/media\/8381"}],"wp:attachment":[{"href":"https:\/\/shop.yipinqian.com\/es\/wp-json\/wp\/v2\/media?parent=1841"}],"wp:term":[{"taxonomy":"product_brand","embeddable":true,"href":"https:\/\/shop.yipinqian.com\/es\/wp-json\/wp\/v2\/product_brand?post=1841"},{"taxonomy":"product_cat","embeddable":true,"href":"https:\/\/shop.yipinqian.com\/es\/wp-json\/wp\/v2\/product_cat?post=1841"},{"taxonomy":"product_tag","embeddable":true,"href":"https:\/\/shop.yipinqian.com\/es\/wp-json\/wp\/v2\/product_tag?post=1841"}],"curies":[{"name":"wp","href":"https:\/\/api.w.org\/{rel}","templated":true}]}}