{"id":1836,"date":"2024-10-24T23:22:57","date_gmt":"2024-10-24T15:22:57","guid":{"rendered":"https:\/\/shop.yipinqian.com\/product\/unique-lavender-natural-type-a-jadeite-pendant-carved-with-scene-come-with-certificate-weight-19-55-grams-53-80-27-50-5-50-mmm-suitable-for-daily-wear-pendant121\/"},"modified":"2025-02-24T00:49:49","modified_gmt":"2025-02-23T16:49:49","slug":"unique-lavender-natural-type-a-jadeite-pendant-carved-with-scene-come-with-certificate-weight-19-55-grams-53-80-27-50-5-50-mmm-suitable-for-daily-wear-pendant121","status":"publish","type":"product","link":"https:\/\/shop.yipinqian.com\/es\/producto\/unique-lavender-natural-type-a-jadeite-pendant-carved-with-scene-come-with-certificate-weight-19-55-grams-53-80-27-50-5-50-mmm-suitable-for-daily-wear-pendant121\/","title":{"rendered":"Colgante de jade\u00edta tipo A natural lavanda \u00fanico tallado con escena viene con certificado peso 19,55 gramos, 53,80 * 27,50 * 5,50 mmm, adecuado para uso diario (colgante 121)"},"content":{"rendered":"<p>Este colgante de jade\u00edta natural tipo A de color lavanda es una incorporaci\u00f3n sorprendente a su colecci\u00f3n de joyas. Este colgante, tallado con una escena intrincada, viene con un certificado para garantizar su autenticidad y tiene un peso de 19,55 gramos.<\/p>\n<ul>\n<li>\n<strong>Material:<\/strong> Fabricado con hermosa jade\u00edta tipo A, este colgante es de la m\u00e1s alta calidad.<\/li>\n<li>\n<strong>Dimensiones:<\/strong> Con 53,80 x 27,50 x 5,50 mm, este colgante tiene el tama\u00f1o perfecto para el uso diario.<\/li>\n<li>\n<strong>Apto para todos:<\/strong> Este colgante unisex es adecuado para cualquier persona que busque agregar algo de elegancia a su atuendo.<\/li>\n<\/ul>\n<p><strong>N\u00famero de certificado: ZJ23013107050<\/strong><\/p>\n<p><img fetchpriority=\"high\" decoding=\"async\" height=\"1080\" src=\"https:\/\/shop.yipinqian.com\/wp-content\/uploads\/2024\/10\/03dce99f603da944ab65e5044d0727fe.jpg?from=476444299\" width=\"1080\"><\/p>\n<p>Este collar de jade\u00edta lavanda, fabricado en Myanmar y perfecto para usar a diario, tiene una sutil elegancia que le aporta estilo y sofisticaci\u00f3n a cualquier atuendo. \u00a1Invierte en ti o sorprende a alguien especial regal\u00e1ndole algo \u00fanico!<\/p>\n<p>\u00a0<\/p>\n<p>Yi Pin Qian \u2013 Comerciante de piedras preciosas y metales preciosos en Singapur \u2013 N\u00famero de licencia PS20190000031<\/p>\n<p>\u00a0<\/p>\n<p>*Todos los jade\u00edtas comprados a Yi Pin Qian en Singapur, los clientes pueden reservar espacios para pulirlos o hacer reparaciones menores por mal manejo; se aplican tarifas y solo para los clientes de Yi Pin Qian en Singapur*<\/p>\n<p>\u00a0<\/p>\n<p><strong>**Tipos de certificados**<\/strong><\/p>\n<p>\u00a0<\/p>\n<p><strong>NGI (Gemolog\u00eda Nan Yang)<\/strong><\/p>\n<p>o <strong>Certificados en el extranjero <\/strong>(Yi Pin Qian solo utiliza certificados aut\u00e9nticos de laboratorios extranjeros y tambi\u00e9n controla la calidad de cada uno de nuestros productos antes de ponerlos a la venta en SG)<\/p>\n<p>\u00a0<\/p>\n<p>Todos los productos de TikTok contar\u00e1n con el tipo de certificado que se indica en la descripci\u00f3n. Para cualquier cliente que desee enviar su pedido a NGI Singapur, habr\u00e1 un tiempo de espera para la entrega del pedido estimado de aproximadamente 4 semanas para recibirlo. <strong>Las solicitudes de informes de NGI Gemstone deben realizarse enviando un mensaje a la tienda TikTok de Yi Pin Qian.<\/strong> Gracias, <strong><u>Se aplican tarifas adicionales<\/u><\/strong>.<\/p>","protected":false},"excerpt":{"rendered":"<p>This Unique Lavender Natural Type A Jadeite Pendant is a stunning addition to your jewelry collection. Carved with an intricate scene, this pendant comes with a certificate to ensure authenticity and has a weight of 19.55 grams. Material: Made from beautiful Type A Jadeite, this pendant is of the highest quality. Dimensions: At 53.80 *27.50 [&hellip;]<\/p>","protected":false},"featured_media":8345,"comment_status":"open","ping_status":"closed","template":"","meta":[],"product_brand":[],"product_cat":[194],"product_tag":[],"class_list":{"0":"post-1836","1":"product","2":"type-product","3":"status-publish","4":"has-post-thumbnail","6":"product_cat-value-picks","8":"first","9":"instock","10":"sale","11":"shipping-taxable","12":"purchasable","13":"product-type-simple"},"_links":{"self":[{"href":"https:\/\/shop.yipinqian.com\/es\/wp-json\/wp\/v2\/product\/1836","targetHints":{"allow":["GET"]}}],"collection":[{"href":"https:\/\/shop.yipinqian.com\/es\/wp-json\/wp\/v2\/product"}],"about":[{"href":"https:\/\/shop.yipinqian.com\/es\/wp-json\/wp\/v2\/types\/product"}],"replies":[{"embeddable":true,"href":"https:\/\/shop.yipinqian.com\/es\/wp-json\/wp\/v2\/comments?post=1836"}],"version-history":[{"count":0,"href":"https:\/\/shop.yipinqian.com\/es\/wp-json\/wp\/v2\/product\/1836\/revisions"}],"wp:featuredmedia":[{"embeddable":true,"href":"https:\/\/shop.yipinqian.com\/es\/wp-json\/wp\/v2\/media\/8345"}],"wp:attachment":[{"href":"https:\/\/shop.yipinqian.com\/es\/wp-json\/wp\/v2\/media?parent=1836"}],"wp:term":[{"taxonomy":"product_brand","embeddable":true,"href":"https:\/\/shop.yipinqian.com\/es\/wp-json\/wp\/v2\/product_brand?post=1836"},{"taxonomy":"product_cat","embeddable":true,"href":"https:\/\/shop.yipinqian.com\/es\/wp-json\/wp\/v2\/product_cat?post=1836"},{"taxonomy":"product_tag","embeddable":true,"href":"https:\/\/shop.yipinqian.com\/es\/wp-json\/wp\/v2\/product_tag?post=1836"}],"curies":[{"name":"wp","href":"https:\/\/api.w.org\/{rel}","templated":true}]}}