{"id":1834,"date":"2024-10-24T23:22:54","date_gmt":"2024-10-24T15:22:54","guid":{"rendered":"https:\/\/shop.yipinqian.com\/product\/unique-design-with-10-quality-green-natural-type-a-jadeite-jade-cabochons-set-on-quality-s925-silver-as-pendant-certificate-weigh-2-39-grams-s925p1\/"},"modified":"2025-02-24T00:49:49","modified_gmt":"2025-02-23T16:49:49","slug":"unique-design-with-10-quality-green-natural-type-a-jadeite-jade-cabochons-set-on-quality-s925-silver-as-pendant-certificate-weigh-2-39-grams-s925p1","status":"publish","type":"product","link":"https:\/\/shop.yipinqian.com\/es\/producto\/unique-design-with-10-quality-green-natural-type-a-jadeite-jade-cabochons-set-on-quality-s925-silver-as-pendant-certificate-weigh-2-39-grams-s925p1\/","title":{"rendered":"Dise\u00f1o \u00fanico con 10 cabujones de jade\u00edta natural tipo A de calidad verde engastados en plata S925 de calidad como colgante, certificado con un peso de 2,39 gramos (s925p1)"},"content":{"rendered":"<p>Agregue un toque de elegancia a su colecci\u00f3n de joyas con este colgante de dise\u00f1o \u00fanico que presenta 10 cabujones de jade\u00edta natural verde tipo A de calidad engarzados en plata S925 de calidad.<\/p>\n<p><\/p>\n<p>N\u00fameros de certificado: GD2201H010168<\/p>\n<p><\/p>\n<p><strong><u>Medidas de cabuj\u00f3n<\/u><\/strong><\/p>\n<ol>\n<li><strong>5,9 x 4 x 2 mm<\/strong><\/li>\n<li><strong>4,6 x 3,9 x 2,4 mm<\/strong><\/li>\n<li><strong>4,6 x 3,9 x 1,9 mm<\/strong><\/li>\n<li><strong>4,1 x 4,1 x 2,2 mm<\/strong><\/li>\n<li><strong>5 * 3,9 * 2,1 mm<\/strong><\/li>\n<li><strong>3,4 x 3,2 x 2 mm<\/strong><\/li>\n<li><strong>4,3 x 4,2 x 2 mm<\/strong><\/li>\n<li><strong>3,1 x 3,2 x 1,6 mm<\/strong><\/li>\n<li><strong>3,9 x 3,6 x 1,7 mm<\/strong><\/li>\n<li><strong>4,6 x 3,7 x 1,6 mm<\/strong><\/li>\n<\/ol>\n<p><\/p>\n<ul>\n<li>\n<strong>Material de alta calidad:<\/strong> Este colgante est\u00e1 elaborado con plata S925, lo que le otorga una calidad duradera y resistente.<\/li>\n<li>\n<strong>Jade natural:<\/strong> El colgante cuenta con 10 cabujones de jade jade\u00edta verde natural tipo A que le dan una apariencia \u00fanica y hermosa.<\/li>\n<li>\n<strong>Certificado incluido:<\/strong> Este producto viene con un certificado para demostrar la autenticidad del jade utilizado en el colgante.<\/li>\n<\/ul>\n<p>Este colgante de dise\u00f1o exclusivo pesa alrededor de 2,39 gramos, lo que lo hace ligero y c\u00f3modo de llevar. Es un accesorio ideal para cualquier ocasi\u00f3n formal y le a\u00f1ade un toque elegante a tu atuendo.<\/p>\n<ul>\n<li>\n<strong>Estilo femenino:<\/strong> El estilo del collar de este producto es elegante y femenino, perfecto para todas las mujeres que desean algo especial en su colecci\u00f3n de joyas.<\/li>\n<\/ul>\n<p>Este colgante de dise\u00f1o exclusivo ser\u00eda un excelente regalo para sus seres queridos en ocasiones especiales como cumplea\u00f1os o aniversarios o incluso como muestra de agradecimiento. En general, si est\u00e1 buscando artesan\u00eda de calidad que le dure a\u00f1os sin gastar una fortuna, \u00a1no busque m\u00e1s que esta hermosa pieza!<\/p>\n<p><\/p>\n<p>Yi Pin Qian \u2013 Comerciante de piedras preciosas y metales preciosos en Singapur \u2013 N\u00famero de licencia PS20190000031<\/p>\n<p><\/p>\n<p>*Todos los jade\u00edtas comprados a Yi Pin Qian en Singapur, los clientes pueden reservar espacios para pulirlos o hacer reparaciones menores por mal manejo; se aplican tarifas y solo para los clientes de Yi Pin Qian en Singapur*<\/p>\n<p><\/p>\n<p><strong>**Tipos de certificados**<\/strong><\/p>\n<p><\/p>\n<p><strong>NGI (Gemolog\u00eda Nan Yang)<\/strong><\/p>\n<p>o <strong>Certificados en el extranjero <\/strong>(Yi Pin Qian solo utiliza certificados aut\u00e9nticos de laboratorios extranjeros y tambi\u00e9n controla la calidad de cada uno de nuestros productos antes de ponerlos a la venta en SG)<\/p>\n<p><\/p>\n<p>Todos los productos de TikTok contar\u00e1n con el tipo de certificado que se indica en la descripci\u00f3n. Para cualquier cliente que desee enviar su pedido a NGI Singapur, habr\u00e1 un tiempo de espera para la entrega del pedido estimado de aproximadamente 4 semanas para recibirlo. <strong>Las solicitudes de informes de NGI Gemstone deben realizarse enviando un mensaje a la tienda TikTok de Yi Pin Qian.<\/strong> Gracias, <strong><u>Se aplican tarifas adicionales<\/u><\/strong>.<\/p>\n<p><\/p>\n<p><strong>La jade\u00edta natural no es perfecta, solo un peque\u00f1o recordatorio: nuestra jade\u00edta natural, como todas las cosas hermosas de la naturaleza, tiene sus caracter\u00edsticas y variaciones \u00fanicas. Invitamos a nuestros valiosos clientes a adoptar estas variaciones naturales. \u00a1Felices compras!<\/strong><\/p>\n<p><\/p>\n<p><strong><u>Ninguna de las fotograf\u00edas ni los v\u00eddeos han sido filtrados. Animamos a nuestros clientes a que vean tambi\u00e9n los v\u00eddeos adjuntos para tener una visi\u00f3n m\u00e1s completa de nuestros productos.<\/u><\/strong><\/p>\n<p><\/p>\n<p>.<\/p>","protected":false},"excerpt":{"rendered":"<p>Agregue un toque de elegancia a su colecci\u00f3n de joyas con este colgante de dise\u00f1o \u00fanico que presenta 10 cabujones de jade\u00edta natural verde tipo A de calidad engastados en plata S925 de calidad. N\u00fameros de certificado: GD2201H010168 Medidas del cabuj\u00f3n 5,9 * 4 * 2 mm 4,6 * 3,9 * 2,4 mm 4,6 * 3,9 * 1,9 mm 4,1 * 4,1 [\u2026]<\/p>","protected":false},"featured_media":8335,"comment_status":"open","ping_status":"closed","template":"","meta":[],"product_brand":[],"product_cat":[194],"product_tag":[],"class_list":{"0":"post-1834","1":"product","2":"type-product","3":"status-publish","4":"has-post-thumbnail","6":"product_cat-value-picks","8":"first","9":"instock","10":"sale","11":"shipping-taxable","12":"purchasable","13":"product-type-simple"},"_links":{"self":[{"href":"https:\/\/shop.yipinqian.com\/es\/wp-json\/wp\/v2\/product\/1834","targetHints":{"allow":["GET"]}}],"collection":[{"href":"https:\/\/shop.yipinqian.com\/es\/wp-json\/wp\/v2\/product"}],"about":[{"href":"https:\/\/shop.yipinqian.com\/es\/wp-json\/wp\/v2\/types\/product"}],"replies":[{"embeddable":true,"href":"https:\/\/shop.yipinqian.com\/es\/wp-json\/wp\/v2\/comments?post=1834"}],"version-history":[{"count":0,"href":"https:\/\/shop.yipinqian.com\/es\/wp-json\/wp\/v2\/product\/1834\/revisions"}],"wp:featuredmedia":[{"embeddable":true,"href":"https:\/\/shop.yipinqian.com\/es\/wp-json\/wp\/v2\/media\/8335"}],"wp:attachment":[{"href":"https:\/\/shop.yipinqian.com\/es\/wp-json\/wp\/v2\/media?parent=1834"}],"wp:term":[{"taxonomy":"product_brand","embeddable":true,"href":"https:\/\/shop.yipinqian.com\/es\/wp-json\/wp\/v2\/product_brand?post=1834"},{"taxonomy":"product_cat","embeddable":true,"href":"https:\/\/shop.yipinqian.com\/es\/wp-json\/wp\/v2\/product_cat?post=1834"},{"taxonomy":"product_tag","embeddable":true,"href":"https:\/\/shop.yipinqian.com\/es\/wp-json\/wp\/v2\/product_tag?post=1834"}],"curies":[{"name":"wp","href":"https:\/\/api.w.org\/{rel}","templated":true}]}}