{"id":1827,"date":"2024-10-24T23:22:50","date_gmt":"2024-10-24T15:22:50","guid":{"rendered":"https:\/\/shop.yipinqian.com\/product\/this-cute-oily-green-three-legs-toad-natural-type-a-jadeite-necklace-pendant-with-qic-labs-approved-certificate-included-weighs-30-60-grams-42-7-27-6-16-9-mm-symbols-of-good-fortunes-and-money-is-very\/"},"modified":"2025-02-17T00:04:18","modified_gmt":"2025-02-16T16:04:18","slug":"this-cute-oily-green-three-legs-toad-natural-type-a-jadeite-necklace-pendant-with-qic-labs-approved-certificate-included-weighs-30-60-grams-42-7-27-6-16-9-mm-symbols-of-good-fortunes-and-money-is-very","status":"publish","type":"product","link":"https:\/\/shop.yipinqian.com\/es\/producto\/this-cute-oily-green-three-legs-toad-natural-type-a-jadeite-necklace-pendant-with-qic-labs-approved-certificate-included-weighs-30-60-grams-42-7-27-6-16-9-mm-symbols-of-good-fortunes-and-money-is-very\/","title":{"rendered":"Este lindo colgante de collar de jade\u00edta natural tipo A con forma de sapo de tres patas verde aceitoso con certificado aprobado por QIC Labs incluido pesa 30,60 gramos, 42,7 * 27,6 * 16,9 mm, s\u00edmbolos de buena fortuna y dinero, es muy adecuado para su uso diario (colgante 126)"},"content":{"rendered":"<p>A\u00f1ade un toque de buena fortuna y suerte a tu ropa diaria con este bonito colgante de jade\u00edta natural tipo A con forma de sapo de tres patas de color verde petr\u00f3leo. El colgante pesa 30,60 gramos y mide 42,7 x 27,6 x 16,9 mm.<\/p>\n<ul>\n<li>S\u00edmbolos de buena fortuna y prosperidad.<\/li>\n<li>Estilo de collar informal adecuado para uso diario.<\/li>\n<li>Fabricado con jade\u00edta natural tipo A de Myanmar.<\/li>\n<li><strong>Con certificado aprobado por QIC Labs incluido \u2013 N\u00fameros de certificado: SD24040804648<\/strong><\/li>\n<\/ul>\n<p><img fetchpriority=\"high\" decoding=\"async\" height=\"1080\" src=\"https:\/\/shop.yipinqian.com\/wp-content\/uploads\/2024\/10\/a9421e1b8e480129a501a8866a7342ed.jpg?from=476444299\" width=\"1080\"><img decoding=\"async\" height=\"1080\" src=\"https:\/\/shop.yipinqian.com\/wp-content\/uploads\/2024\/10\/125f9d9e90f76c1a0fde7d1a28663519.jpg?from=476444299\" width=\"1080\"><\/p>\n<p><strong>Compra adicional de cuerda para este colgante, podemos hacer nosotros mismos una ronda de cuerdas para que act\u00faen como broche para que el cliente pueda enganchar esta compra adicional de cuerda ajustable para abrir\/cerrar<\/strong><\/p>\n<p>\u00a0<\/p>\n<p>El sapo de tres patas, tambi\u00e9n conocido como rana del dinero, es un s\u00edmbolo popular de riqueza, suerte y prosperidad en las culturas asi\u00e1ticas.<br \/>Este collar tiene un dise\u00f1o unisex, lo que lo convierte en el regalo perfecto para cualquier persona que ama los accesorios \u00fanicos que aportan energ\u00eda positiva a sus vidas.<br \/>Conf\u00ede en la autenticidad de este producto, ya que viene con un certificado aprobado por QIC Labs incluido.<br \/>\u00a1Agrega un poco de encanto a tus atuendos diarios con esta pieza llamativa que es a la vez elegante y significativa!<\/p>\n<p>.<\/p>\n<p>Yi Pin Qian \u2013 Comerciante de piedras preciosas y metales preciosos en Singapur \u2013 N\u00famero de licencia PS20190000031<\/p>\n<p>*Todos los jade\u00edtas comprados a Yi Pin Qian en Singapur, los clientes pueden reservar espacios para pulirlos o hacer reparaciones menores por mal manejo; se aplican tarifas y solo para los clientes de Yi Pin Qian en Singapur*<\/p>\n<p><strong>**Tipos de certificados**<\/strong><\/p>\n<p><strong>NGI (Gemolog\u00eda Nan Yang)<\/strong><\/p>\n<p>o <strong>Certificados en el extranjero <\/strong>(Yi Pin Qian solo utiliza certificados aut\u00e9nticos de laboratorios extranjeros y tambi\u00e9n controla la calidad de cada uno de nuestros productos antes de ponerlos a la venta en SG)<\/p>\n<p>Todos los productos de TikTok contar\u00e1n con el tipo de certificado que se indica en la descripci\u00f3n. Para cualquier cliente que desee enviar su pedido a NGI Singapur, habr\u00e1 un tiempo de espera para la entrega del pedido estimado de aproximadamente 4 semanas para recibirlo. <strong>Las solicitudes de informes de NGI Gemstone deben realizarse enviando un mensaje a la tienda TikTok de Yi Pin Qian.<\/strong> Gracias, <strong><u>Se aplican tarifas adicionales<\/u><\/strong>.<\/p>\n<p><strong>La jade\u00edta natural no es perfecta, solo un peque\u00f1o recordatorio: nuestra jade\u00edta natural, como todas las cosas hermosas de la naturaleza, tiene sus caracter\u00edsticas y variaciones \u00fanicas. Invitamos a nuestros valiosos clientes a adoptar estas variaciones naturales. \u00a1Felices compras!<\/strong><\/p>\n<p><strong><u>Ninguna de las fotograf\u00edas ni los v\u00eddeos han sido filtrados. Animamos a nuestros clientes a que vean tambi\u00e9n los v\u00eddeos adjuntos para tener una visi\u00f3n m\u00e1s completa de nuestros productos.<\/u><\/strong><\/p>","protected":false},"excerpt":{"rendered":"<p>A\u00f1ade un toque de buena fortuna y suerte a tu ropa diaria con este bonito colgante de jade\u00edta natural tipo A con forma de sapo de tres patas de color verde petr\u00f3leo. El colgante pesa 30,60 gramos y mide 42,7 x 27,6 x 16,9 mm. S\u00edmbolos de buena fortuna y prosperidad Estilo de collar informal adecuado para el uso diario Hecho de jade\u00edta natural tipo A [\u2026]<\/p>","protected":false},"featured_media":8280,"comment_status":"open","ping_status":"closed","template":"","meta":[],"product_brand":[],"product_cat":[48],"product_tag":[],"class_list":{"0":"post-1827","1":"product","2":"type-product","3":"status-publish","4":"has-post-thumbnail","6":"product_cat-pendants","8":"first","9":"instock","10":"sale","11":"shipping-taxable","12":"purchasable","13":"product-type-simple"},"_links":{"self":[{"href":"https:\/\/shop.yipinqian.com\/es\/wp-json\/wp\/v2\/product\/1827","targetHints":{"allow":["GET"]}}],"collection":[{"href":"https:\/\/shop.yipinqian.com\/es\/wp-json\/wp\/v2\/product"}],"about":[{"href":"https:\/\/shop.yipinqian.com\/es\/wp-json\/wp\/v2\/types\/product"}],"replies":[{"embeddable":true,"href":"https:\/\/shop.yipinqian.com\/es\/wp-json\/wp\/v2\/comments?post=1827"}],"version-history":[{"count":0,"href":"https:\/\/shop.yipinqian.com\/es\/wp-json\/wp\/v2\/product\/1827\/revisions"}],"wp:featuredmedia":[{"embeddable":true,"href":"https:\/\/shop.yipinqian.com\/es\/wp-json\/wp\/v2\/media\/8280"}],"wp:attachment":[{"href":"https:\/\/shop.yipinqian.com\/es\/wp-json\/wp\/v2\/media?parent=1827"}],"wp:term":[{"taxonomy":"product_brand","embeddable":true,"href":"https:\/\/shop.yipinqian.com\/es\/wp-json\/wp\/v2\/product_brand?post=1827"},{"taxonomy":"product_cat","embeddable":true,"href":"https:\/\/shop.yipinqian.com\/es\/wp-json\/wp\/v2\/product_cat?post=1827"},{"taxonomy":"product_tag","embeddable":true,"href":"https:\/\/shop.yipinqian.com\/es\/wp-json\/wp\/v2\/product_tag?post=1827"}],"curies":[{"name":"wp","href":"https:\/\/api.w.org\/{rel}","templated":true}]}}