{"id":1826,"date":"2024-10-24T23:22:49","date_gmt":"2024-10-24T15:22:49","guid":{"rendered":"https:\/\/shop.yipinqian.com\/product\/the-moonlight-light-bangle-light-lavender-natural-type-a-jadeite-jade-crafted-as-peace-bracelet-bangle-certificate-weigh-56-46-grams-measurements-width-13mm-thickness-8-1mm-inner-diameter-54-6mm-bangl\/"},"modified":"2025-02-24T01:17:25","modified_gmt":"2025-02-23T17:17:25","slug":"the-moonlight-light-bangle-light-lavender-natural-type-a-jadeite-jade-crafted-as-peace-bracelet-bangle-certificate-weigh-56-46-grams-measurements-width-13mm-thickness-8-1mm-inner-diameter-54-6mm-bangl","status":"publish","type":"product","link":"https:\/\/shop.yipinqian.com\/es\/producto\/the-moonlight-light-bangle-light-lavender-natural-type-a-jadeite-jade-crafted-as-peace-bracelet-bangle-certificate-weigh-56-46-grams-measurements-width-13mm-thickness-8-1mm-inner-diameter-54-6mm-bangl\/","title":{"rendered":"The Moonlight Bangle &#8211; Light Lavender Natural Type A Jadeite Jade crafted as Peace bracelet Bangle, Certificate weigh 56.46 grams, Measurements: Width 13mm, Thickness 8.1mm, Inner Diameter 54.6mm (Bangle1)"},"content":{"rendered":"<article class=\"lzd-article\">\n<p style=\"line-height: 1.7;text-align: left;text-indent: 0;margin-left: 0;margin-top: 0;margin-bottom: 0\"><span>The White Moonlight Light Bangle is a beautifully crafted Peace bracelet made of a Natural Type A Jadeite Jade in a Light Lavender shade. This stunning bangle bracelet features an Inner Diameter of <\/span><span style=\"font-weight: bold\">54.6mm<\/span><span> and has been measured with a <\/span><span style=\"font-weight: bold\">Width of 13mm<\/span><span> and <\/span><span style=\"font-weight: bold\">Thickness of 8.1mm<\/span><span>.<\/span><\/p>\n<p style=\"line-height: 1.7;text-align: left;text-indent: 0;margin-left: 0;margin-top: 0;margin-bottom: 0\"><span><\/span><\/p>\n<p style=\"line-height: 1.7;text-align: left;text-indent: 0;margin-left: 0;margin-top: 0;margin-bottom: 0\"><span style=\"font-weight: bold\">White Moonlight Bangle &#8211; Lavender hues dance in the light, an illusion of white moonlight<\/span><\/p>\n<p style=\"line-height: 1.7;text-align: left;text-indent: 0;margin-left: 0;margin-top: 0;margin-bottom: 0\"><span><\/span><\/p>\n<p style=\"line-height: 1.7;text-align: left;text-indent: 0;margin-left: 0;margin-top: 0;margin-bottom: 0\"><span style=\"font-weight: bold\">[Get Genuine &#8211; No Regrets]<\/span><\/p>\n<p style=\"line-height: 1.7;text-align: left;text-indent: 0;margin-left: 0;margin-top: 0;margin-bottom: 0\"><span><\/span><\/p>\n<p style=\"line-height: 1.7;text-align: left;text-indent: 0;margin-left: 0;margin-top: 0;margin-bottom: 0\"><span style=\"font-weight: bold\">Peace Bracelet &#8211; The inner surface is flat or gradually arc-shaped, the outer surface is convex circular-arc-shaped<\/span><span>.<\/span><\/p>\n<p style=\"line-height: 1.7;text-align: left;text-indent: 0;margin-left: 0;margin-top: 0;margin-bottom: 0\"><span><\/span><\/p>\n<p style=\"line-height: 1.7;text-align: left;text-indent: 0;margin-left: 0;margin-top: 0;margin-bottom: 0\"><span style=\"font-weight: bold\">Certificate numbers: GD2110H014376<\/span><\/p>\n<p style=\"line-height: 1.7;text-align: left;text-indent: 0;margin-left: 0;margin-top: 0;margin-bottom: 0\"><span style=\"font-weight: bold\"> <\/span><\/p>\n<ul>\n<li>\n<div style=\"line-height: 1.7;text-align: left;text-indent: 0\"><span>High-Quality Material: The bangle is made from Natural Type A Jadeite Jade, which is known for its durability and elegance.<\/span><\/div>\n<\/li>\n<li>\n<div style=\"line-height: 1.7;text-align: left;text-indent: 0\"><span>Peaceful Design: The Moonlight Light Bangle features the perfect design that creates peace every time you wear it.<\/span><\/div>\n<\/li>\n<li>\n<div style=\"line-height: 1.7;text-align: left;text-indent: 0\"><span>Certificate Included: This product comes with an authenticity certificate, making it the perfect gift for someone special or to add to your own collection.<\/span><\/div>\n<\/li>\n<\/ul>\n<p style=\"line-height: 1.7;text-align: left;text-indent: 0;margin-left: 0;margin-top: 0;margin-bottom: 0\"><span><\/span><img decoding=\"async\" src=\"https:\/\/shop.yipinqian.com\/wp-content\/uploads\/2024\/10\/Sebb0310554b44285b943af2ae35f1d68a.jpg\" style=\"width: 526.0px;height: 362.0px;vertical-align: middle\"><span> <\/span><\/p>\n<p style=\"line-height: 1.7;text-align: left;text-indent: 0;margin-left: 0;margin-top: 0;margin-bottom: 0\"><span><\/span><\/p>\n<p style=\"line-height: 1.7;text-align: left;text-indent: 0;margin-left: 0;margin-top: 0;margin-bottom: 0\"><span>This beautiful Lavender jade bangle has been crafted with great attention to detail, making it the perfect accessory for daily wear or special occasions such as weddings and parties. It has been sourced from Myanmar &#8211; known for producing some of the finest jade in the world &#8211; so you can be sure that this product is both high-quality and authentic.<\/span><\/p>\n<ul>\n<li>\n<div style=\"line-height: 1.7;text-align: left;text-indent: 0\"><span>Built To Last: Made from durable materials this high-quality bracelet will last many years without losing its shine or luster<\/span><\/div>\n<\/li>\n<\/ul>\n<p style=\"line-height: 1.7;text-align: left;text-indent: 0;margin-left: 0;margin-top: 0;margin-bottom: 0\"><span>This Female bangle compliments every outfit perfectly while adding elegance to your wrist effortlessly. Get your hands on The Moonlight Light Bungle today!<\/span><\/p>\n<p style=\"line-height: 1.7;text-align: left;text-indent: 0;margin-left: 0;margin-top: 0;margin-bottom: 0\"><span><\/span><\/p>\n<p style=\"line-height: 1.7;text-align: left;text-indent: 0;margin-left: 0;margin-top: 0;margin-bottom: 0\"><span>Yi Pin Qian \u2013 Comerciante de piedras preciosas y metales preciosos en Singapur \u2013 N\u00famero de licencia PS20190000031<\/span><\/p>\n<p style=\"line-height: 1.7;text-align: left;text-indent: 0;margin-left: 0;margin-top: 0;margin-bottom: 0\"><span><\/span><\/p>\n<p style=\"line-height: 1.7;text-align: left;text-indent: 0;margin-left: 0;margin-top: 0;margin-bottom: 0\"><span>*Todos los jade\u00edtas comprados a Yi Pin Qian en Singapur, los clientes pueden reservar espacios para pulirlos o hacer reparaciones menores por mal manejo; se aplican tarifas y solo para los clientes de Yi Pin Qian en Singapur*<\/span><\/p>\n<p style=\"line-height: 1.7;text-align: left;text-indent: 0;margin-left: 0;margin-top: 0;margin-bottom: 0\"><span><\/span><\/p>\n<p style=\"line-height: 1.7;text-align: left;text-indent: 0;margin-left: 0;margin-top: 0;margin-bottom: 0\"><span style=\"font-weight: bold\">**Tipos de certificados**<\/span><\/p>\n<p style=\"line-height: 1.7;text-align: left;text-indent: 0;margin-left: 0;margin-top: 0;margin-bottom: 0\"><span><\/span><\/p>\n<p style=\"line-height: 1.7;text-align: left;text-indent: 0;margin-left: 0;margin-top: 0;margin-bottom: 0\"><span style=\"font-weight: bold\">NGI (Gemolog\u00eda Nan Yang)<\/span><\/p>\n<p style=\"line-height: 1.7;text-align: left;text-indent: 0;margin-left: 0;margin-top: 0;margin-bottom: 0\"><span>o <\/span><span style=\"font-weight: bold\">Certificados en el extranjero <\/span><span>(Yi Pin Qian solo utiliza certificados aut\u00e9nticos de laboratorios extranjeros y tambi\u00e9n controla la calidad de cada uno de nuestros productos antes de ponerlos a la venta en SG)<\/span><\/p>\n<p style=\"line-height: 1.7;text-align: left;text-indent: 0;margin-left: 0;margin-top: 0;margin-bottom: 0\"><span><\/span><\/p>\n<p style=\"line-height: 1.7;text-align: left;text-indent: 0;margin-left: 0;margin-top: 0;margin-bottom: 0\"><span>Todos los productos de TikTok contar\u00e1n con el tipo de certificado que se indica en la descripci\u00f3n. Para cualquier cliente que desee enviar su pedido a NGI Singapur, habr\u00e1 un tiempo de espera para la entrega del pedido estimado de aproximadamente 4 semanas para recibirlo. <\/span><span style=\"font-weight: bold\">Las solicitudes de informes de NGI Gemstone deben realizarse enviando un mensaje a la tienda TikTok de Yi Pin Qian.<\/span><span> Gracias, <\/span><span style=\"font-weight: bold;text-decoration: underline\">Se aplican tarifas adicionales<\/span><span>.<\/span><\/p>\n<p style=\"line-height: 1.7;text-align: left;text-indent: 0;margin-left: 0;margin-top: 0;margin-bottom: 0\"><span><\/span><\/p>\n<p style=\"line-height: 1.7;text-align: left;text-indent: 0;margin-left: 0;margin-top: 0;margin-bottom: 0\"><span style=\"font-weight: bold\">La jade\u00edta natural no es perfecta, solo un peque\u00f1o recordatorio: nuestra jade\u00edta natural, como todas las cosas hermosas de la naturaleza, tiene sus caracter\u00edsticas y variaciones \u00fanicas. Invitamos a nuestros valiosos clientes a adoptar estas variaciones naturales. \u00a1Felices compras!<\/span><\/p>\n<p style=\"line-height: 1.7;text-align: left;text-indent: 0;margin-left: 0;margin-top: 0;margin-bottom: 0\"><span><\/span><\/p>\n<p style=\"line-height: 1.7;text-align: left;text-indent: 0;margin-left: 0;margin-top: 0;margin-bottom: 0\"><span style=\"font-weight: bold;text-decoration: underline\">Ninguna de las fotograf\u00edas ni los v\u00eddeos han sido filtrados. Animamos a nuestros clientes a que vean tambi\u00e9n los v\u00eddeos adjuntos para tener una visi\u00f3n m\u00e1s completa de nuestros productos.<\/span><\/p>\n<\/article>","protected":false},"excerpt":{"rendered":"<p>El brazalete White Moonlight Light es un brazalete Peace elaborado a la perfecci\u00f3n con jade\u00edta natural tipo A en tono lavanda claro. Este impresionante brazalete tipo brazalete tiene un di\u00e1metro interior de 54,6 mm y se ha medido con un ancho de 13 mm y un grosor de 8,1 mm. Brazalete White Moonlight: los tonos lavanda bailan en [\u2026]<\/p>","protected":false},"featured_media":8268,"comment_status":"open","ping_status":"closed","template":"","meta":[],"product_brand":[],"product_cat":[195],"product_tag":[],"class_list":{"0":"post-1826","1":"product","2":"type-product","3":"status-publish","4":"has-post-thumbnail","6":"product_cat-heirloom-grade","8":"first","9":"instock","10":"sale","11":"shipping-taxable","12":"purchasable","13":"product-type-simple"},"_links":{"self":[{"href":"https:\/\/shop.yipinqian.com\/es\/wp-json\/wp\/v2\/product\/1826","targetHints":{"allow":["GET"]}}],"collection":[{"href":"https:\/\/shop.yipinqian.com\/es\/wp-json\/wp\/v2\/product"}],"about":[{"href":"https:\/\/shop.yipinqian.com\/es\/wp-json\/wp\/v2\/types\/product"}],"replies":[{"embeddable":true,"href":"https:\/\/shop.yipinqian.com\/es\/wp-json\/wp\/v2\/comments?post=1826"}],"version-history":[{"count":0,"href":"https:\/\/shop.yipinqian.com\/es\/wp-json\/wp\/v2\/product\/1826\/revisions"}],"wp:featuredmedia":[{"embeddable":true,"href":"https:\/\/shop.yipinqian.com\/es\/wp-json\/wp\/v2\/media\/8268"}],"wp:attachment":[{"href":"https:\/\/shop.yipinqian.com\/es\/wp-json\/wp\/v2\/media?parent=1826"}],"wp:term":[{"taxonomy":"product_brand","embeddable":true,"href":"https:\/\/shop.yipinqian.com\/es\/wp-json\/wp\/v2\/product_brand?post=1826"},{"taxonomy":"product_cat","embeddable":true,"href":"https:\/\/shop.yipinqian.com\/es\/wp-json\/wp\/v2\/product_cat?post=1826"},{"taxonomy":"product_tag","embeddable":true,"href":"https:\/\/shop.yipinqian.com\/es\/wp-json\/wp\/v2\/product_tag?post=1826"}],"curies":[{"name":"wp","href":"https:\/\/api.w.org\/{rel}","templated":true}]}}