{"id":1823,"date":"2024-10-24T23:22:48","date_gmt":"2024-10-24T15:22:48","guid":{"rendered":"https:\/\/shop.yipinqian.com\/product\/tea-green-yellow-natural-type-a-jadeite-pendant-carved-as-dragon-head-fish-body-meaning-prosperity-wealth-and-happiness-with-certificate-weighs-49-67-grams-62-60-43-50-12-10-mm-pendant93\/"},"modified":"2025-02-17T00:04:18","modified_gmt":"2025-02-16T16:04:18","slug":"tea-green-yellow-natural-type-a-jadeite-pendant-carved-as-dragon-head-fish-body-meaning-prosperity-wealth-and-happiness-with-certificate-weighs-49-67-grams-62-60-43-50-12-10-mm-pendant93","status":"publish","type":"product","link":"https:\/\/shop.yipinqian.com\/es\/producto\/tea-green-yellow-natural-type-a-jadeite-pendant-carved-as-dragon-head-fish-body-meaning-prosperity-wealth-and-happiness-with-certificate-weighs-49-67-grams-62-60-43-50-12-10-mm-pendant93\/","title":{"rendered":"Colgante de jade\u00edta natural tipo A de color verde t\u00e9 amarillo tallado con forma de cabeza de drag\u00f3n y cuerpo de pez que significa prosperidad, riqueza y felicidad con certificado pesa 49,67 gramos, 62,60 * 43,50 * 12,10 mm (colgante 93)"},"content":{"rendered":"<p>Mejora tu juego de accesorios con este colgante de jade\u00edta natural tipo A de color verde t\u00e9 amarillo tallado con forma de cabeza de drag\u00f3n y cuerpo de pez. Elaborado con jade\u00edta de alta calidad, este colgante est\u00e1 tallado de manera intrincada para representar una cabeza de drag\u00f3n y un cuerpo de pez, que simbolizan prosperidad, riqueza y felicidad.<\/p>\n<ul>\n<li>\n<strong>Material:<\/strong> Elaborado con jade\u00edta natural tipo A de color verde t\u00e9 amarillo de alta calidad.<\/li>\n<li>\n<strong>Dise\u00f1o:<\/strong> Presenta una cabeza de drag\u00f3n y un cuerpo de pez intrincadamente tallados.<\/li>\n<li>\n<strong>Certificado:<\/strong> Viene con un certificado de autenticidad.<\/li>\n<\/ul>\n<p><strong>N\u00fameros de certificado: ZS240319048<\/strong><\/p>\n<p><img fetchpriority=\"high\" decoding=\"async\" height=\"1080\" src=\"https:\/\/shop.yipinqian.com\/wp-content\/uploads\/2024\/10\/c661b784bc84e8555594bde3a351a9b0.jpg?from=476444299\" width=\"1080\"><\/p>\n<ul>\n<li><strong>DIMENSIONES (mm): El colgante pesa 49,67 gramos y mide 62,60 * 43,50 * 12,10 (L*An*Al)<\/strong><\/li>\n<\/ul>\n<p><strong>Esta pieza unisex es perfecta para a\u00f1adir un toque de elegancia a cualquier atuendo casual o uso diario.<\/strong><\/p>\n<ul>\n<li><strong>Tipo de jade: jade\u00edta<\/strong><\/li>\n<li><strong>Certificado: S\u00ed<\/strong><\/li>\n<\/ul>\n<p><strong>Fabricado en Myanmar, es un regalo ideal o un complemento para su propia colecci\u00f3n de joyas.<\/strong><\/p>\n<p>\u00a0<\/p>\n<p>Yi Pin Qian \u2013 Comerciante de piedras preciosas y metales preciosos en Singapur \u2013 N\u00famero de licencia PS20190000031<\/p>\n<p>\u00a0<\/p>\n<p>*Todos los jade\u00edtas comprados a Yi Pin Qian en Singapur, los clientes pueden reservar espacios para pulirlos o hacer reparaciones menores por mal manejo; se aplican tarifas y solo para los clientes de Yi Pin Qian en Singapur*<\/p>\n<p>\u00a0<\/p>\n<p><strong>**Tipos de certificados**<\/strong><\/p>\n<p>\u00a0<\/p>\n<p><strong>NGI (Gemolog\u00eda Nan Yang)<\/strong><\/p>\n<p>o <strong>Certificados en el extranjero <\/strong>(Yi Pin Qian solo utiliza certificados aut\u00e9nticos de laboratorios extranjeros y tambi\u00e9n controla la calidad de cada uno de nuestros productos antes de ponerlos a la venta en SG)<\/p>\n<p>\u00a0<\/p>\n<p>Todos los productos de TikTok contar\u00e1n con el tipo de certificado que se indica en la descripci\u00f3n. Para cualquier cliente que desee enviar su pedido a NGI Singapur, habr\u00e1 un tiempo de espera para la entrega del pedido estimado de aproximadamente 4 semanas para recibirlo. <strong>Las solicitudes de informes de NGI Gemstone deben realizarse enviando un mensaje a la tienda TikTok de Yi Pin Qian.<\/strong> Gracias, <strong><u>Se aplican tarifas adicionales<\/u><\/strong>.<\/p>\n<p>\u00a0<\/p>\n<p><strong>.<\/strong><\/p>","protected":false},"excerpt":{"rendered":"<p>Elevate your accessory game with this Tea Green Yellow Natural Type A Jadeite Pendant Carved as Dragon Head Fish Body. Crafted from high-quality jadeite, this pendant is intricately carved to depict a dragon head and fish body, symbolizing prosperity, wealth and happiness. Material: Made from high-quality Tea Green Yellow Natural Type A Jadeite Design: Features [&hellip;]<\/p>","protected":false},"featured_media":8247,"comment_status":"open","ping_status":"closed","template":"","meta":[],"product_brand":[],"product_cat":[48],"product_tag":[],"class_list":{"0":"post-1823","1":"product","2":"type-product","3":"status-publish","4":"has-post-thumbnail","6":"product_cat-pendants","8":"first","9":"instock","10":"sale","11":"shipping-taxable","12":"purchasable","13":"product-type-simple"},"_links":{"self":[{"href":"https:\/\/shop.yipinqian.com\/es\/wp-json\/wp\/v2\/product\/1823","targetHints":{"allow":["GET"]}}],"collection":[{"href":"https:\/\/shop.yipinqian.com\/es\/wp-json\/wp\/v2\/product"}],"about":[{"href":"https:\/\/shop.yipinqian.com\/es\/wp-json\/wp\/v2\/types\/product"}],"replies":[{"embeddable":true,"href":"https:\/\/shop.yipinqian.com\/es\/wp-json\/wp\/v2\/comments?post=1823"}],"version-history":[{"count":0,"href":"https:\/\/shop.yipinqian.com\/es\/wp-json\/wp\/v2\/product\/1823\/revisions"}],"wp:featuredmedia":[{"embeddable":true,"href":"https:\/\/shop.yipinqian.com\/es\/wp-json\/wp\/v2\/media\/8247"}],"wp:attachment":[{"href":"https:\/\/shop.yipinqian.com\/es\/wp-json\/wp\/v2\/media?parent=1823"}],"wp:term":[{"taxonomy":"product_brand","embeddable":true,"href":"https:\/\/shop.yipinqian.com\/es\/wp-json\/wp\/v2\/product_brand?post=1823"},{"taxonomy":"product_cat","embeddable":true,"href":"https:\/\/shop.yipinqian.com\/es\/wp-json\/wp\/v2\/product_cat?post=1823"},{"taxonomy":"product_tag","embeddable":true,"href":"https:\/\/shop.yipinqian.com\/es\/wp-json\/wp\/v2\/product_tag?post=1823"}],"curies":[{"name":"wp","href":"https:\/\/api.w.org\/{rel}","templated":true}]}}