{"id":1822,"date":"2024-10-24T23:22:47","date_gmt":"2024-10-24T15:22:47","guid":{"rendered":"https:\/\/shop.yipinqian.com\/product\/super-rare-yellow-redish-and-green-hue-natural-type-a-jadeite-jade-crafted-with-lion-as-hand-held-piece-display-or-pendant-certificate-weigh-93-64-grams-measurement-53-3-32-2-30-7-mm-hand5\/"},"modified":"2025-02-24T01:17:25","modified_gmt":"2025-02-23T17:17:25","slug":"super-rare-yellow-redish-and-green-hue-natural-type-a-jadeite-jade-crafted-with-lion-as-hand-held-piece-display-or-pendant-certificate-weigh-93-64-grams-measurement-53-3-32-2-30-7-mm-hand5","status":"publish","type":"product","link":"https:\/\/shop.yipinqian.com\/es\/producto\/super-rare-yellow-redish-and-green-hue-natural-type-a-jadeite-jade-crafted-with-lion-as-hand-held-piece-display-or-pendant-certificate-weigh-93-64-grams-measurement-53-3-32-2-30-7-mm-hand5\/","title":{"rendered":"Jade\u00edta natural tipo A s\u00faper rara de tono amarillo, rojizo y verde elaborada con le\u00f3n como pieza de mano, exhibici\u00f3n o colgante, certificado pesa 93,64 gramos, medida 53,3 * 32,2 * 30,7 mm (mano 5)"},"content":{"rendered":"<p>Este jade\u00edta natural tipo A de color amarillo, rojizo y verde, muy raro, es una impresionante pieza de joyer\u00eda, accesorio y decoraci\u00f3n que te dejar\u00e1 sin aliento. Con un peso de 93,64 gramos y unas medidas de 53,3 x 32,2 x 30,7 mm (hand5), est\u00e1 elaborado con un dise\u00f1o de le\u00f3n que se puede utilizar como pieza de mano, de exhibici\u00f3n o colgante.<\/p>\n<p>\u00a0<\/p>\n<p>N\u00fameros de certificado: GD2112H009364<\/p>\n<p><img fetchpriority=\"high\" decoding=\"async\" height=\"1080\" src=\"https:\/\/shop.yipinqian.com\/wp-content\/uploads\/2024\/10\/ebfda337164528cd39c3ea18aa5d1ca4.jpg?from=476444299\" width=\"1080\"><\/p>\n<ul>\n<li>\n<strong>Jade\u00edta natural tipo A:<\/strong> Este jade est\u00e1 hecho de jade\u00edta natural tipo A con colores impresionantes que lo hacen \u00fanico.<\/li>\n<li>\n<strong>Certificado:<\/strong> Este producto tiene certificado, asegurando su autenticidad.<\/li>\n<li>\n<strong>Tipo de jade:<\/strong> Hecho de jade\u00edta de alta calidad, lo que lo hace m\u00e1s valioso y hermoso.<\/li>\n<\/ul>\n<p>Este accesorio de joyer\u00eda tambi\u00e9n se puede utilizar como decoraci\u00f3n de adornos para el hogar para agregar belleza a la colecci\u00f3n de decoraci\u00f3n de su hogar y hacer que su habitaci\u00f3n sea m\u00e1s elegante que nunca.<\/p>\n<ul>\n<li>\n<strong>Pa\u00eds natal:<\/strong> El pa\u00eds de origen de este producto es Myanmar, por lo que sabes que est\u00e1s obteniendo materiales aut\u00e9nticos y de calidad de los expertos en el campo.<\/li>\n<li>\n<strong>No incluye garant\u00eda: <\/strong>Esta incre\u00edble pieza no viene con ning\u00fan tipo de garant\u00eda, pero su material aut\u00e9ntico durar\u00e1 muchos a\u00f1os si se maneja con cuidado.<\/li>\n<li>.<\/li>\n<\/ul>\n<p>Esta pieza\/exhibici\u00f3n\/colgante de jade\u00edta natural tipo A s\u00faper rara, de color amarillo, rojizo y verde, hecha a mano, ser\u00e1 una incre\u00edble adici\u00f3n a cualquier colecci\u00f3n o un regalo inolvidable para alguien especial en tu vida, as\u00ed que no lo dudes: \u00a1c\u00f3mpralo hoy!<\/p>\n<p>\u00a0<\/p>\n<p>Yi Pin Qian \u2013 Comerciante de piedras preciosas y metales preciosos en Singapur \u2013 N\u00famero de licencia PS20190000031<\/p>\n<p>\u00a0<\/p>\n<p>*Todos los jade\u00edtas comprados a Yi Pin Qian en Singapur, los clientes pueden reservar espacios para pulirlos o hacer reparaciones menores por mal manejo; se aplican tarifas y solo para los clientes de Yi Pin Qian en Singapur*<\/p>\n<p>\u00a0<\/p>\n<p><strong>**Tipos de certificados**<\/strong><\/p>\n<p>\u00a0<\/p>\n<p><strong>NGI (Gemolog\u00eda Nan Yang)<\/strong><\/p>\n<p>o <strong>Certificados en el extranjero <\/strong>(Yi Pin Qian solo utiliza certificados aut\u00e9nticos de laboratorios extranjeros y tambi\u00e9n controla la calidad de cada uno de nuestros productos antes de ponerlos a la venta en SG)<\/p>\n<p>\u00a0<\/p>\n<p>Todos los productos de TikTok contar\u00e1n con el tipo de certificado que se indica en la descripci\u00f3n. Para cualquier cliente que desee enviar su pedido a NGI Singapur, habr\u00e1 un tiempo de espera para la entrega del pedido estimado de aproximadamente 4 semanas para recibirlo. <strong>Las solicitudes de informes de NGI Gemstone deben realizarse enviando un mensaje a la tienda TikTok de Yi Pin Qian.<\/strong> Gracias, <strong><u>Se aplican tarifas adicionales<\/u><\/strong>.<\/p>\n<p>\u00a0<\/p>\n<p><strong>La jade\u00edta natural no es perfecta, solo un peque\u00f1o recordatorio: nuestra jade\u00edta natural, como todas las cosas hermosas de la naturaleza, tiene sus caracter\u00edsticas y variaciones \u00fanicas. Invitamos a nuestros valiosos clientes a adoptar estas variaciones naturales. \u00a1Felices compras!<\/strong><\/p>\n<p>\u00a0<\/p>\n<p><strong><u>Ninguna de las fotograf\u00edas ni los v\u00eddeos han sido filtrados. Animamos a nuestros clientes a que vean tambi\u00e9n los v\u00eddeos adjuntos para tener una visi\u00f3n m\u00e1s completa de nuestros productos.<\/u><\/strong><\/p>","protected":false},"excerpt":{"rendered":"<p>Este jade\u00edta natural tipo A de tonalidad amarilla, rojiza y verde, s\u00faper raro, es una impresionante pieza de joyer\u00eda, accesorio y decoraci\u00f3n que te dejar\u00e1 sin aliento. Con un peso de 93,64 gramos y unas medidas de 53,3 x 32,2 x 30,7 mm (mano 5), est\u00e1 elaborado con un dise\u00f1o de le\u00f3n que se puede utilizar como [\u2026]<\/p>","protected":false},"featured_media":8237,"comment_status":"open","ping_status":"closed","template":"","meta":[],"product_brand":[],"product_cat":[195],"product_tag":[],"class_list":{"0":"post-1822","1":"product","2":"type-product","3":"status-publish","4":"has-post-thumbnail","6":"product_cat-heirloom-grade","8":"first","9":"instock","10":"sale","11":"shipping-taxable","12":"purchasable","13":"product-type-simple"},"_links":{"self":[{"href":"https:\/\/shop.yipinqian.com\/es\/wp-json\/wp\/v2\/product\/1822","targetHints":{"allow":["GET"]}}],"collection":[{"href":"https:\/\/shop.yipinqian.com\/es\/wp-json\/wp\/v2\/product"}],"about":[{"href":"https:\/\/shop.yipinqian.com\/es\/wp-json\/wp\/v2\/types\/product"}],"replies":[{"embeddable":true,"href":"https:\/\/shop.yipinqian.com\/es\/wp-json\/wp\/v2\/comments?post=1822"}],"version-history":[{"count":0,"href":"https:\/\/shop.yipinqian.com\/es\/wp-json\/wp\/v2\/product\/1822\/revisions"}],"wp:featuredmedia":[{"embeddable":true,"href":"https:\/\/shop.yipinqian.com\/es\/wp-json\/wp\/v2\/media\/8237"}],"wp:attachment":[{"href":"https:\/\/shop.yipinqian.com\/es\/wp-json\/wp\/v2\/media?parent=1822"}],"wp:term":[{"taxonomy":"product_brand","embeddable":true,"href":"https:\/\/shop.yipinqian.com\/es\/wp-json\/wp\/v2\/product_brand?post=1822"},{"taxonomy":"product_cat","embeddable":true,"href":"https:\/\/shop.yipinqian.com\/es\/wp-json\/wp\/v2\/product_cat?post=1822"},{"taxonomy":"product_tag","embeddable":true,"href":"https:\/\/shop.yipinqian.com\/es\/wp-json\/wp\/v2\/product_tag?post=1822"}],"curies":[{"name":"wp","href":"https:\/\/api.w.org\/{rel}","templated":true}]}}