{"id":1818,"date":"2024-10-24T23:22:44","date_gmt":"2024-10-24T15:22:44","guid":{"rendered":"https:\/\/shop.yipinqian.com\/product\/super-rare-reddish-yellow-abd-tea-green-premium-quality-natural-type-a-jadeite-jade-crafted-with-pixiu-as-pendant-with-certificate-weigh-34-14-grams-measurement-45-2-19-5-22-1-mm-pendant221\/"},"modified":"2025-02-24T01:17:26","modified_gmt":"2025-02-23T17:17:26","slug":"super-rare-reddish-yellow-abd-tea-green-premium-quality-natural-type-a-jadeite-jade-crafted-with-pixiu-as-pendant-with-certificate-weigh-34-14-grams-measurement-45-2-19-5-22-1-mm-pendant221","status":"publish","type":"product","link":"https:\/\/shop.yipinqian.com\/es\/producto\/super-rare-reddish-yellow-abd-tea-green-premium-quality-natural-type-a-jadeite-jade-crafted-with-pixiu-as-pendant-with-certificate-weigh-34-14-grams-measurement-45-2-19-5-22-1-mm-pendant221\/","title":{"rendered":"Jade\u00edta natural tipo A de calidad superior, s\u00faper rara, de color rojizo, amarillo y verde t\u00e9, elaborada con Pixiu como colgante con certificado, pesa 34,14 gramos, mide 45,2 x 19,5 x 22,1 mm (colgante 221)"},"content":{"rendered":"<p>Presentamos nuestro jade\u00edta natural tipo A de calidad pr\u00e9mium de color rojizo, amarillo y verde t\u00e9, elaborado con Pixiu como colgante. Esta impresionante pieza es una verdadera obra maestra, con un peso de 34,14 gramos y unas medidas de 45,2 x 19,5 x 22,1 mm (colgante 221). Es el complemento perfecto para tu colecci\u00f3n de joyas.<\/p>\n<p>\u00a0<\/p>\n<p>N\u00fameros de certificado: GD2111H016490<\/p>\n<ul>\n<li>\n<strong>Material de alta calidad:<\/strong> Fabricado con jade\u00edta natural tipo A de primera calidad, este colgante es duradero y durar\u00e1 toda la vida.<\/li>\n<li>\n<strong>Certificado incluido:<\/strong> Este colgante viene con un certificado de autenticidad para garantizar que obtiene jade\u00edta natural genuina.<\/li>\n<li>\n<strong>Hermoso dise\u00f1o:<\/strong> Los colores s\u00faper raros rojizo, amarillo y verde t\u00e9 del jade se complementan perfectamente con el dise\u00f1o Pixiu que agrega un elemento de estilo a esta pieza.<\/li>\n<\/ul>\n<p>\u00a1Este estilo de collar unisex es perfecto para uso casual o para ocasiones especiales en las que desea dejar una declaraci\u00f3n sobre su gusto exquisito en accesorios de joyer\u00eda y derivados!<\/p>\n<ul>\n<li>\n<strong>Hecho en Myanmar:<\/strong>Esta hermosa pieza proviene directamente de Myanmar, \u00a1un pa\u00eds conocido por su jade jade\u00edta natural tipo A de alta calidad!<\/li>\n<\/ul>\n<p>\u00a1No encontrar\u00e1s otro colgante como este en ning\u00fan otro lugar! Si buscas algo \u00fanico y elegante, no busques m\u00e1s que nuestro colgante de jade\u00edta natural tipo A de calidad pr\u00e9mium de color rojizo, amarillo y verde t\u00e9, \u00a1realizado con Pixiu!<\/p>\n<p>\u00a0<\/p>\n<p>Yi Pin Qian \u2013 Comerciante de piedras preciosas y metales preciosos en Singapur \u2013 N\u00famero de licencia PS20190000031<\/p>\n<p>\u00a0<\/p>\n<p>*Todos los jade\u00edtas comprados a Yi Pin Qian en Singapur, los clientes pueden reservar espacios para pulirlos o hacer reparaciones menores por mal manejo; se aplican tarifas y solo para los clientes de Yi Pin Qian en Singapur*<\/p>\n<p>\u00a0<\/p>\n<p><strong>**Tipos de certificados**<\/strong><\/p>\n<p>\u00a0<\/p>\n<p><strong>NGI (Gemolog\u00eda Nan Yang)<\/strong><\/p>\n<p>o <strong>Certificados en el extranjero <\/strong>(Yi Pin Qian solo utiliza certificados aut\u00e9nticos de laboratorios extranjeros y tambi\u00e9n controla la calidad de cada uno de nuestros productos antes de ponerlos a la venta en SG)<\/p>\n<p>\u00a0<\/p>\n<p>Todos los productos de TikTok contar\u00e1n con el tipo de certificado que se indica en la descripci\u00f3n. Para cualquier cliente que desee enviar su pedido a NGI Singapur, habr\u00e1 un tiempo de espera para la entrega del pedido estimado de aproximadamente 4 semanas para recibirlo. <strong>Las solicitudes de informes de NGI Gemstone deben realizarse enviando un mensaje a la tienda TikTok de Yi Pin Qian.<\/strong> Gracias, <strong><u>Se aplican tarifas adicionales<\/u><\/strong>.<\/p>\n<p>\u00a0<\/p>\n<p><strong>La jade\u00edta natural no es perfecta, solo un peque\u00f1o recordatorio: nuestra jade\u00edta natural, como todas las cosas hermosas de la naturaleza, tiene sus caracter\u00edsticas y variaciones \u00fanicas. Invitamos a nuestros valiosos clientes a adoptar estas variaciones naturales. \u00a1Felices compras!<\/strong><\/p>\n<p>\u00a0<\/p>\n<p><strong><u>Ninguna de las fotograf\u00edas ni los v\u00eddeos han sido filtrados. Animamos a nuestros clientes a que vean tambi\u00e9n los v\u00eddeos adjuntos para tener una visi\u00f3n m\u00e1s completa de nuestros productos.<\/u><\/strong><\/p>","protected":false},"excerpt":{"rendered":"<p>Introducing our Super Rare Reddish, Yellow and Tea Green Premium Quality Natural Type A Jadeite Jade crafted with Pixiu as Pendant. This stunning piece is a true masterpiece, weighing 34.14 grams and measuring 45.2 * 19.5 * 22.1 mm (pendant221). It&#8217;s the perfect addition to your jewelry collection. \u00a0 Certificate numbers: GD2111H016490 High-Quality Material: Made [&hellip;]<\/p>","protected":false},"featured_media":8210,"comment_status":"open","ping_status":"closed","template":"","meta":[],"product_brand":[],"product_cat":[195],"product_tag":[],"class_list":{"0":"post-1818","1":"product","2":"type-product","3":"status-publish","4":"has-post-thumbnail","6":"product_cat-heirloom-grade","8":"first","9":"instock","10":"sale","11":"shipping-taxable","12":"purchasable","13":"product-type-simple"},"_links":{"self":[{"href":"https:\/\/shop.yipinqian.com\/es\/wp-json\/wp\/v2\/product\/1818","targetHints":{"allow":["GET"]}}],"collection":[{"href":"https:\/\/shop.yipinqian.com\/es\/wp-json\/wp\/v2\/product"}],"about":[{"href":"https:\/\/shop.yipinqian.com\/es\/wp-json\/wp\/v2\/types\/product"}],"replies":[{"embeddable":true,"href":"https:\/\/shop.yipinqian.com\/es\/wp-json\/wp\/v2\/comments?post=1818"}],"version-history":[{"count":0,"href":"https:\/\/shop.yipinqian.com\/es\/wp-json\/wp\/v2\/product\/1818\/revisions"}],"wp:featuredmedia":[{"embeddable":true,"href":"https:\/\/shop.yipinqian.com\/es\/wp-json\/wp\/v2\/media\/8210"}],"wp:attachment":[{"href":"https:\/\/shop.yipinqian.com\/es\/wp-json\/wp\/v2\/media?parent=1818"}],"wp:term":[{"taxonomy":"product_brand","embeddable":true,"href":"https:\/\/shop.yipinqian.com\/es\/wp-json\/wp\/v2\/product_brand?post=1818"},{"taxonomy":"product_cat","embeddable":true,"href":"https:\/\/shop.yipinqian.com\/es\/wp-json\/wp\/v2\/product_cat?post=1818"},{"taxonomy":"product_tag","embeddable":true,"href":"https:\/\/shop.yipinqian.com\/es\/wp-json\/wp\/v2\/product_tag?post=1818"}],"curies":[{"name":"wp","href":"https:\/\/api.w.org\/{rel}","templated":true}]}}