{"id":1816,"date":"2024-10-24T23:22:43","date_gmt":"2024-10-24T15:22:43","guid":{"rendered":"https:\/\/shop.yipinqian.com\/product\/super-rare-premium-high-quality-light-green-with-green-natural-type-a-jadeite-jade-crafted-as-standing-guanyin-set-on-18k-gold-with-diamonds-and-one-green-cabochon-certificate-weigh-27-19-grams-measur\/"},"modified":"2025-02-24T01:34:17","modified_gmt":"2025-02-23T17:34:17","slug":"super-rare-premium-high-quality-light-green-with-green-natural-type-a-jadeite-jade-crafted-as-standing-guanyin-set-on-18k-gold-with-diamonds-and-one-green-cabochon-certificate-weigh-27-19-grams-measur","status":"publish","type":"product","link":"https:\/\/shop.yipinqian.com\/es\/producto\/super-rare-premium-high-quality-light-green-with-green-natural-type-a-jadeite-jade-crafted-as-standing-guanyin-set-on-18k-gold-with-diamonds-and-one-green-cabochon-certificate-weigh-27-19-grams-measur\/","title":{"rendered":"Jade\u00edta natural tipo A de color verde claro y verde de alta calidad, s\u00faper rara, elaborada como Guanyin de pie engastado en oro de 18 k con diamantes y un cabuj\u00f3n verde, certificado con un peso de 27,19 gramos, medida 89,9 * 33,2 * 11,9 mm (18kp34)"},"content":{"rendered":"<p>Experimente la exquisita belleza de este collar de jade\u00edta natural verde claro y verde de alta calidad, s\u00faper raro y de primera calidad, que presenta un dise\u00f1o de Guanyin de pie. Esta pieza, montada en oro de 18 k, adornada con diamantes y un impresionante cabuj\u00f3n verde, es verdaderamente \u00fanica.<\/p>\n<p>\u00a0<\/p>\n<p>N\u00fameros de certificado: GD2110H016123<\/p>\n<p>\u00a0<\/p>\n<p><strong>Peso del oro de 18 quilates = 6,61 gramos <\/strong><\/p>\n<p><strong>Medida de jade\u00edta = 74,3 * 29,5 * 6,3 mm<\/strong><\/p>\n<p><strong>Con ajuste de medida = 89,9 * 33,2 * 11,9 mm<\/strong><\/p>\n<p><strong>Diamantes: 120 * 0,003 = 0,36 quilates<\/strong><\/p>\n<p>\u00a0<\/p>\n<ul>\n<li>Super rara calidad premium<\/li>\n<li>Jade\u00edta natural tipo A<\/li>\n<li>Dise\u00f1o de Guanyin de pie<\/li>\n<li>Montura de oro de 18 quilates<\/li>\n<\/ul>\n<p>Con un peso de 27,19 gramos y unas dimensiones de 89,9 x 33,2 x 11,9 mm, este collar irradia elegancia y sofisticaci\u00f3n.<\/p>\n<ul>\n<li>Certificado incluido: S\u00ed<\/li>\n<li>Material secundario del diamante Oro puro en quilates Material de engaste<\/li>\n<\/ul>\n<p>Fabricado en Myanmar (Birmania)Jade<\/p>\n<p>Tipo: Jade\u00edta \/ Collar elegante<\/p>\n<p>\u00a0<\/p>\n<p>Yi Pin Qian \u2013 Comerciante de piedras preciosas y metales preciosos en Singapur \u2013 N\u00famero de licencia PS20190000031<\/p>\n<p>\u00a0<\/p>\n<p>*Todos los jade\u00edtas comprados a Yi Pin Qian en Singapur, los clientes pueden reservar espacios para pulirlos o hacer reparaciones menores por mal manejo; se aplican tarifas y solo para los clientes de Yi Pin Qian en Singapur*<\/p>\n<p>\u00a0<\/p>\n<p><strong>**Tipos de certificados**<\/strong><\/p>\n<p>\u00a0<\/p>\n<p><strong>NGI (Gemolog\u00eda Nan Yang)<\/strong><\/p>\n<p>o <strong>Certificados en el extranjero <\/strong>(Yi Pin Qian solo utiliza certificados aut\u00e9nticos de laboratorios extranjeros y tambi\u00e9n controla la calidad de cada uno de nuestros productos antes de ponerlos a la venta en SG)<\/p>\n<p>\u00a0<\/p>\n<p>Todos los productos de TikTok contar\u00e1n con el tipo de certificado que se indica en la descripci\u00f3n. Para cualquier cliente que desee enviar su pedido a NGI Singapur, habr\u00e1 un tiempo de espera para la entrega del pedido estimado de aproximadamente 4 semanas para recibirlo. <strong>Las solicitudes de informes de NGI Gemstone deben realizarse enviando un mensaje a la tienda TikTok de Yi Pin Qian.<\/strong> Gracias, <strong><u>Se aplican tarifas adicionales<\/u><\/strong>.<\/p>\n<p>\u00a0<\/p>\n<p><strong>La jade\u00edta natural no es perfecta, solo un peque\u00f1o recordatorio: nuestra jade\u00edta natural, como todas las cosas hermosas de la naturaleza, tiene sus caracter\u00edsticas y variaciones \u00fanicas. Invitamos a nuestros valiosos clientes a adoptar estas variaciones naturales. \u00a1Felices compras!<\/strong><\/p>\n<p>\u00a0<\/p>\n<p><strong><u>Ninguna de las fotograf\u00edas ni los v\u00eddeos han sido filtrados. Animamos a nuestros clientes a que vean tambi\u00e9n los v\u00eddeos adjuntos para tener una visi\u00f3n m\u00e1s completa de nuestros productos.<\/u><\/strong><\/p>","protected":false},"excerpt":{"rendered":"<p>Experience the exquisite beauty of this Super Rare Premium High Quality Light Green with Green Natural Type A Jadeite Jade necklace featuring a Standing Guanyin design. Set on 18k Gold, adorned with diamonds and a stunning green cabochon, this piece is truly one-of-a-kind. \u00a0 Certificate numbers: GD2110H016123 \u00a0 18k Gold Weight = 6.61 grams Jadeite [&hellip;]<\/p>","protected":false},"featured_media":8176,"comment_status":"open","ping_status":"closed","template":"","meta":[],"product_brand":[],"product_cat":[196],"product_tag":[],"class_list":{"0":"post-1816","1":"product","2":"type-product","3":"status-publish","4":"has-post-thumbnail","6":"product_cat-vault-collection","8":"first","9":"instock","10":"sale","11":"shipping-taxable","12":"purchasable","13":"product-type-simple"},"_links":{"self":[{"href":"https:\/\/shop.yipinqian.com\/es\/wp-json\/wp\/v2\/product\/1816","targetHints":{"allow":["GET"]}}],"collection":[{"href":"https:\/\/shop.yipinqian.com\/es\/wp-json\/wp\/v2\/product"}],"about":[{"href":"https:\/\/shop.yipinqian.com\/es\/wp-json\/wp\/v2\/types\/product"}],"replies":[{"embeddable":true,"href":"https:\/\/shop.yipinqian.com\/es\/wp-json\/wp\/v2\/comments?post=1816"}],"version-history":[{"count":0,"href":"https:\/\/shop.yipinqian.com\/es\/wp-json\/wp\/v2\/product\/1816\/revisions"}],"wp:featuredmedia":[{"embeddable":true,"href":"https:\/\/shop.yipinqian.com\/es\/wp-json\/wp\/v2\/media\/8176"}],"wp:attachment":[{"href":"https:\/\/shop.yipinqian.com\/es\/wp-json\/wp\/v2\/media?parent=1816"}],"wp:term":[{"taxonomy":"product_brand","embeddable":true,"href":"https:\/\/shop.yipinqian.com\/es\/wp-json\/wp\/v2\/product_brand?post=1816"},{"taxonomy":"product_cat","embeddable":true,"href":"https:\/\/shop.yipinqian.com\/es\/wp-json\/wp\/v2\/product_cat?post=1816"},{"taxonomy":"product_tag","embeddable":true,"href":"https:\/\/shop.yipinqian.com\/es\/wp-json\/wp\/v2\/product_tag?post=1816"}],"curies":[{"name":"wp","href":"https:\/\/api.w.org\/{rel}","templated":true}]}}