{"id":1811,"date":"2024-10-24T23:22:41","date_gmt":"2024-10-24T15:22:41","guid":{"rendered":"https:\/\/shop.yipinqian.com\/product\/super-rare-multi-tones-collectible-natural-type-a-jadeite-jade-crafted-with-parrot-for-handheld-certificate-weighs-121-86-grams-measurement-76-42-5-34-3-mm-hand7\/"},"modified":"2025-02-24T01:34:17","modified_gmt":"2025-02-23T17:34:17","slug":"super-rare-multi-tones-collectible-natural-type-a-jadeite-jade-crafted-with-parrot-for-handheld-certificate-weighs-121-86-grams-measurement-76-42-5-34-3-mm-hand7","status":"publish","type":"product","link":"https:\/\/shop.yipinqian.com\/es\/producto\/super-rare-multi-tones-collectible-natural-type-a-jadeite-jade-crafted-with-parrot-for-handheld-certificate-weighs-121-86-grams-measurement-76-42-5-34-3-mm-hand7\/","title":{"rendered":"Jade\u00edta natural tipo A coleccionable de varios tonos s\u00faper rara elaborada con loro para mano, certificado, pesa 121,86 gramos, medida 76 * 42,5 * 34,3 mm (mano 7)"},"content":{"rendered":"<p>Mejore su colecci\u00f3n con este jade\u00edta natural tipo A s\u00faper raro y coleccionable en varios tonos que presenta un dise\u00f1o de loro bellamente elaborado.<\/p>\n<p>\u00a0<\/p>\n<p>N\u00fameros de certificado: 920660031212<\/p>\n<p><img fetchpriority=\"high\" decoding=\"async\" height=\"1080\" src=\"https:\/\/shop.yipinqian.com\/wp-content\/uploads\/2024\/10\/68772d8f0c6cac34c4048dd139302a12.jpg?from=476444299\" width=\"1080\"><\/p>\n<ul>\n<li>Exquisita artesan\u00eda<\/li>\n<li>Pesa 121,86 gramos<\/li>\n<li>Medidas: 76*42,5*34,3 mm (mano7)<\/li>\n<\/ul>\n<p>Esta pieza \u00fanica viene con un certificado que garantiza su autenticidad y calidad, convirti\u00e9ndola en una valiosa adici\u00f3n a su colecci\u00f3n de accesorios de joyer\u00eda y derivados.<\/p>\n<ul>\n<li>Certificado incluido: S\u00ed<\/li>\n<\/ul>\n<ul>\n<li>Mejora tu estilo con esta impresionante decoraci\u00f3n de jade, perfecta tanto para uso port\u00e1til como para exhibici\u00f3n.<\/li>\n<li>Tipo de jade: jade\u00edta<\/li>\n<\/ul>\n<p>Yi Pin Qian \u2013 Comerciante de piedras preciosas y metales preciosos en Singapur \u2013 N\u00famero de licencia PS20190000031<\/p>\n<p>\u00a0<\/p>\n<p>*Todos los jade\u00edtas comprados a Yi Pin Qian en Singapur, los clientes pueden reservar espacios para pulirlos o hacer reparaciones menores por mal manejo; se aplican tarifas y solo para los clientes de Yi Pin Qian en Singapur*<\/p>\n<p>\u00a0<\/p>\n<p><strong>**Tipos de certificados**<\/strong><\/p>\n<p>\u00a0<\/p>\n<p><strong>NGI (Gemolog\u00eda Nan Yang)<\/strong><\/p>\n<p>o <strong>Certificados en el extranjero <\/strong>(Yi Pin Qian solo utiliza certificados aut\u00e9nticos de laboratorios extranjeros y tambi\u00e9n controla la calidad de cada uno de nuestros productos antes de ponerlos a la venta en SG)<\/p>\n<p>\u00a0<\/p>\n<p>Todos los productos de TikTok contar\u00e1n con el tipo de certificado que se indica en la descripci\u00f3n. Para cualquier cliente que desee enviar su pedido a NGI Singapur, habr\u00e1 un tiempo de espera para la entrega del pedido estimado de aproximadamente 4 semanas para recibirlo. <strong>Las solicitudes de informes de NGI Gemstone deben realizarse enviando un mensaje a la tienda TikTok de Yi Pin Qian.<\/strong> Gracias, <strong><u>Se aplican tarifas adicionales<\/u><\/strong>.<\/p>\n<p>\u00a0<\/p>\n<p><strong>La jade\u00edta natural no es perfecta, solo un peque\u00f1o recordatorio: nuestra jade\u00edta natural, como todas las cosas hermosas de la naturaleza, tiene sus caracter\u00edsticas y variaciones \u00fanicas. Invitamos a nuestros valiosos clientes a adoptar estas variaciones naturales. \u00a1Felices compras!<\/strong><\/p>\n<p>\u00a0<\/p>\n<p><strong><u>Ninguna de las fotograf\u00edas ni los v\u00eddeos han sido filtrados. Animamos a nuestros clientes a que vean tambi\u00e9n los v\u00eddeos adjuntos para tener una visi\u00f3n m\u00e1s completa de nuestros productos.<\/u><\/strong><\/p>\n<p>\u00a0<\/p>\n<ul>\n<li>Las diferentes plataformas solo pueden ver videos a trav\u00e9s de la computadora de escritorio<\/li>\n<\/ul>","protected":false},"excerpt":{"rendered":"<p>Enhance your collection with this Super Rare Multi Tones Collectible Natural Type A Jadeite Jade featuring a beautifully crafted Parrot design. \u00a0 Certificate numbers: 920660031212 Exquisite Craftsmanship Weighs 121.86 grams Measurements: 76 * 42.5 * 34.3 mm (hand7) This unique piece comes with a certificate, ensuring its authenticity and quality, making it a valuable addition [&hellip;]<\/p>","protected":false},"featured_media":8148,"comment_status":"open","ping_status":"closed","template":"","meta":[],"product_brand":[],"product_cat":[196],"product_tag":[],"class_list":{"0":"post-1811","1":"product","2":"type-product","3":"status-publish","4":"has-post-thumbnail","6":"product_cat-vault-collection","8":"first","9":"instock","10":"sale","11":"shipping-taxable","12":"purchasable","13":"product-type-simple"},"_links":{"self":[{"href":"https:\/\/shop.yipinqian.com\/es\/wp-json\/wp\/v2\/product\/1811","targetHints":{"allow":["GET"]}}],"collection":[{"href":"https:\/\/shop.yipinqian.com\/es\/wp-json\/wp\/v2\/product"}],"about":[{"href":"https:\/\/shop.yipinqian.com\/es\/wp-json\/wp\/v2\/types\/product"}],"replies":[{"embeddable":true,"href":"https:\/\/shop.yipinqian.com\/es\/wp-json\/wp\/v2\/comments?post=1811"}],"version-history":[{"count":0,"href":"https:\/\/shop.yipinqian.com\/es\/wp-json\/wp\/v2\/product\/1811\/revisions"}],"wp:featuredmedia":[{"embeddable":true,"href":"https:\/\/shop.yipinqian.com\/es\/wp-json\/wp\/v2\/media\/8148"}],"wp:attachment":[{"href":"https:\/\/shop.yipinqian.com\/es\/wp-json\/wp\/v2\/media?parent=1811"}],"wp:term":[{"taxonomy":"product_brand","embeddable":true,"href":"https:\/\/shop.yipinqian.com\/es\/wp-json\/wp\/v2\/product_brand?post=1811"},{"taxonomy":"product_cat","embeddable":true,"href":"https:\/\/shop.yipinqian.com\/es\/wp-json\/wp\/v2\/product_cat?post=1811"},{"taxonomy":"product_tag","embeddable":true,"href":"https:\/\/shop.yipinqian.com\/es\/wp-json\/wp\/v2\/product_tag?post=1811"}],"curies":[{"name":"wp","href":"https:\/\/api.w.org\/{rel}","templated":true}]}}