{"id":1809,"date":"2024-10-24T23:22:40","date_gmt":"2024-10-24T15:22:40","guid":{"rendered":"https:\/\/shop.yipinqian.com\/product\/super-rare-hugh-green-and-yellow-natural-type-a-jadeite-pendant-necklace-crafted-with-a-domineering-dragon-symbols-of-rise-step-by-step-rise-rapidly-with-certificate-weigh-44-19-grams-77-2-37-5-15-8-m\/"},"modified":"2025-02-24T01:34:17","modified_gmt":"2025-02-23T17:34:17","slug":"super-rare-hugh-green-and-yellow-natural-type-a-jadeite-pendant-necklace-crafted-with-a-domineering-dragon-symbols-of-rise-step-by-step-rise-rapidly-with-certificate-weigh-44-19-grams-77-2-37-5-15-8-m","status":"publish","type":"product","link":"https:\/\/shop.yipinqian.com\/es\/producto\/super-rare-hugh-green-and-yellow-natural-type-a-jadeite-pendant-necklace-crafted-with-a-domineering-dragon-symbols-of-rise-step-by-step-rise-rapidly-with-certificate-weigh-44-19-grams-77-2-37-5-15-8-m\/","title":{"rendered":"Collar con colgante de jade\u00edta natural tipo A s\u00faper raro, verde y amarillo, elaborado con s\u00edmbolos de drag\u00f3n dominante de ascenso paso a paso, ascenso r\u00e1pido, con certificado, pesa 44,19 gramos, 77,2 * 37,5 * 15,8 mm (colgante 25)"},"content":{"rendered":"<article class=\"lzd-article\">\n<p style=\"line-height: 1.7;text-align: left;text-indent: 0;margin-left: 0;margin-top: 0;margin-bottom: 0\"><span>Este collar con colgante de jade\u00edta natural tipo A, de color verde y amarillo, es una pieza de joyer\u00eda impresionante que rezuma lujo y estilo. El collar est\u00e1 elaborado con un s\u00edmbolo de drag\u00f3n dominante, que representa el ascenso paso a paso, el ascenso r\u00e1pido.<\/span><\/p>\n<ul>\n<li>\n<div style=\"line-height: 1.7;text-align: left;text-indent: 0\"><span>El colgante pesa 44,19 gramos y mide 77,2 * 37,5 * 15,8 mm (colgante 25).<\/span><\/div>\n<\/li>\n<li>\n<div style=\"line-height: 1.7;text-align: left;text-indent: 0\"><span>Hecho de jade\u00edta natural tipo A, este collar es verdaderamente \u00fanico.<\/span><\/div>\n<\/li>\n<\/ul>\n<p style=\"line-height: 1.7;text-align: left;text-indent: 0;margin-left: 0;margin-top: 0;margin-bottom: 0\"><span>La piedra de jade utilizada en este collar proviene de Myanmar, un pa\u00eds conocido por producir uno de los jades de mayor calidad del mundo.<\/span><\/p>\n<ul>\n<li>\n<div style=\"line-height: 1.7;text-align: left;text-indent: 0\"><span>Perfecto para el uso diario, este collar de estilo casual agregar\u00e1 un toque elegante a cualquier atuendo.<\/span><\/div>\n<\/li>\n<li>\n<div style=\"line-height: 1.7;text-align: left;text-indent: 0\"><span>Este collar colgante de jade\u00edta natural tipo A s\u00faper raro, verde y amarillo, viene con un certificado para garantizar su autenticidad, lo que le brinda la tranquilidad de saber que est\u00e1 obteniendo el producto genuino.<\/span><\/div>\n<\/li>\n<\/ul>\n<p style=\"line-height: 1.7;text-align: left;text-indent: 0;margin-left: 0;margin-top: 0;margin-bottom: 0\"><span style=\"font-weight: bold\">N\u00fameros de certificado: GD2202H006302<\/span><\/p>\n<p style=\"line-height: 1.7;text-align: left;text-indent: 0;margin-left: 0;margin-top: 0;margin-bottom: 0\"><span><\/span><\/p>\n<p style=\"line-height: 1.7;text-align: left;text-indent: 0;margin-left: 0;margin-top: 0;margin-bottom: 0\"><span><\/span><img decoding=\"async\" src=\"https:\/\/shop.yipinqian.com\/wp-content\/uploads\/2024\/10\/9ac050bf8e8f2dda674aa5f6ff2340f6.jpg?from=476444299\" style=\"width: 1080;height: 1080;vertical-align: middle\"><span><\/span><\/p>\n<p style=\"line-height: 1.7;text-align: left;text-indent: 0;margin-left: 0;margin-top: 0;margin-bottom: 0\"><span> <\/span><\/p>\n<p style=\"line-height: 1.7;text-align: left;text-indent: 0;margin-left: 0;margin-top: 0;margin-bottom: 0\"><span>Este collar colgante es unisex, por lo que es un excelente regalo o una adici\u00f3n a su colecci\u00f3n personal de joyas.<\/span><\/p>\n<p style=\"line-height: 1.7;text-align: left;text-indent: 0;margin-left: 0;margin-top: 0;margin-bottom: 0\"><span> <\/span><\/p>\n<p style=\"line-height: 1.7;text-align: left;text-indent: 0;margin-left: 0;margin-top: 0;margin-bottom: 0\"><span>Yi Pin Qian \u2013 Comerciante de piedras preciosas y metales preciosos en Singapur \u2013 N\u00famero de licencia PS20190000031<\/span><\/p>\n<p style=\"line-height: 1.7;text-align: left;text-indent: 0;margin-left: 0;margin-top: 0;margin-bottom: 0\"><span> <\/span><\/p>\n<p style=\"line-height: 1.7;text-align: left;text-indent: 0;margin-left: 0;margin-top: 0;margin-bottom: 0\"><span>*Todos los jade\u00edtas comprados a Yi Pin Qian en Singapur, los clientes pueden reservar espacios para pulirlos o hacer reparaciones menores por mal manejo; se aplican tarifas y solo para los clientes de Yi Pin Qian en Singapur*<\/span><\/p>\n<p style=\"line-height: 1.7;text-align: left;text-indent: 0;margin-left: 0;margin-top: 0;margin-bottom: 0\"><span> <\/span><\/p>\n<p style=\"line-height: 1.7;text-align: left;text-indent: 0;margin-left: 0;margin-top: 0;margin-bottom: 0\"><span style=\"font-weight: bold\">**Tipos de certificados**<\/span><\/p>\n<p style=\"line-height: 1.7;text-align: left;text-indent: 0;margin-left: 0;margin-top: 0;margin-bottom: 0\"><span> <\/span><\/p>\n<p style=\"line-height: 1.7;text-align: left;text-indent: 0;margin-left: 0;margin-top: 0;margin-bottom: 0\"><span style=\"font-weight: bold\">NGI (Gemolog\u00eda Nan Yang)<\/span><\/p>\n<p style=\"line-height: 1.7;text-align: left;text-indent: 0;margin-left: 0;margin-top: 0;margin-bottom: 0\"><span>o <\/span><span style=\"font-weight: bold\">Certificados en el extranjero <\/span><span>(Yi Pin Qian solo utiliza certificados aut\u00e9nticos de laboratorios extranjeros y tambi\u00e9n controla la calidad de cada uno de nuestros productos antes de ponerlos a la venta en SG)<\/span><\/p>\n<p style=\"line-height: 1.7;text-align: left;text-indent: 0;margin-left: 0;margin-top: 0;margin-bottom: 0\"><span> <\/span><\/p>\n<p style=\"line-height: 1.7;text-align: left;text-indent: 0;margin-left: 0;margin-top: 0;margin-bottom: 0\"><span>Todos los productos de TikTok contar\u00e1n con el tipo de certificado que se indica en la descripci\u00f3n. Para cualquier cliente que desee enviar su pedido a NGI Singapur, habr\u00e1 un tiempo de espera para la entrega del pedido estimado de aproximadamente 4 semanas para recibirlo. <\/span><span style=\"font-weight: bold\">Las solicitudes de informes de NGI Gemstone deben realizarse enviando un mensaje a la tienda TikTok de Yi Pin Qian.<\/span><span> Gracias, <\/span><span style=\"font-weight: bold;text-decoration: underline\">Se aplican tarifas adicionales<\/span><span>.<\/span><\/p>\n<p style=\"line-height: 1.7;text-align: left;text-indent: 0;margin-left: 0;margin-top: 0;margin-bottom: 0\"><span> <\/span><\/p>\n<p style=\"line-height: 1.7;text-align: left;text-indent: 0;margin-left: 0;margin-top: 0;margin-bottom: 0\"><span style=\"font-weight: bold\">La jade\u00edta natural no es perfecta, solo un peque\u00f1o recordatorio: nuestra jade\u00edta natural, como todas las cosas hermosas de la naturaleza, tiene sus caracter\u00edsticas y variaciones \u00fanicas. Invitamos a nuestros valiosos clientes a adoptar estas variaciones naturales. \u00a1Felices compras!<\/span><\/p>\n<p style=\"line-height: 1.7;text-align: left;text-indent: 0;margin-left: 0;margin-top: 0;margin-bottom: 0\"><span> <\/span><\/p>\n<p style=\"line-height: 1.7;text-align: left;text-indent: 0;margin-left: 0;margin-top: 0;margin-bottom: 0\"><span style=\"font-weight: bold;text-decoration: underline\">Ninguna de las fotograf\u00edas ni los v\u00eddeos han sido filtrados. Animamos a nuestros clientes a que vean tambi\u00e9n los v\u00eddeos adjuntos para tener una visi\u00f3n m\u00e1s completa de nuestros productos.<\/span><\/p>\n<\/article>","protected":false},"excerpt":{"rendered":"<p>Este collar con colgante de jade\u00edta natural tipo A, s\u00faper raro, verde y amarillo, es una pieza de joyer\u00eda impresionante que rezuma lujo y estilo. El collar est\u00e1 elaborado con un s\u00edmbolo de drag\u00f3n dominante, que representa el ascenso paso a paso, el ascenso r\u00e1pido. El colgante pesa 44,19 gramos y mide 77,2 * 37,5 * 15,8 mm (colgante 25). Hecho [\u2026]<\/p>","protected":false},"featured_media":8126,"comment_status":"open","ping_status":"closed","template":"","meta":[],"product_brand":[],"product_cat":[196],"product_tag":[],"class_list":{"0":"post-1809","1":"product","2":"type-product","3":"status-publish","4":"has-post-thumbnail","6":"product_cat-vault-collection","8":"first","9":"instock","10":"sale","11":"shipping-taxable","12":"purchasable","13":"product-type-simple"},"_links":{"self":[{"href":"https:\/\/shop.yipinqian.com\/es\/wp-json\/wp\/v2\/product\/1809","targetHints":{"allow":["GET"]}}],"collection":[{"href":"https:\/\/shop.yipinqian.com\/es\/wp-json\/wp\/v2\/product"}],"about":[{"href":"https:\/\/shop.yipinqian.com\/es\/wp-json\/wp\/v2\/types\/product"}],"replies":[{"embeddable":true,"href":"https:\/\/shop.yipinqian.com\/es\/wp-json\/wp\/v2\/comments?post=1809"}],"version-history":[{"count":0,"href":"https:\/\/shop.yipinqian.com\/es\/wp-json\/wp\/v2\/product\/1809\/revisions"}],"wp:featuredmedia":[{"embeddable":true,"href":"https:\/\/shop.yipinqian.com\/es\/wp-json\/wp\/v2\/media\/8126"}],"wp:attachment":[{"href":"https:\/\/shop.yipinqian.com\/es\/wp-json\/wp\/v2\/media?parent=1809"}],"wp:term":[{"taxonomy":"product_brand","embeddable":true,"href":"https:\/\/shop.yipinqian.com\/es\/wp-json\/wp\/v2\/product_brand?post=1809"},{"taxonomy":"product_cat","embeddable":true,"href":"https:\/\/shop.yipinqian.com\/es\/wp-json\/wp\/v2\/product_cat?post=1809"},{"taxonomy":"product_tag","embeddable":true,"href":"https:\/\/shop.yipinqian.com\/es\/wp-json\/wp\/v2\/product_tag?post=1809"}],"curies":[{"name":"wp","href":"https:\/\/api.w.org\/{rel}","templated":true}]}}