{"id":1807,"date":"2024-10-24T23:22:39","date_gmt":"2024-10-24T15:22:39","guid":{"rendered":"https:\/\/shop.yipinqian.com\/product\/super-rare-high-quality-light-green-and-yellow-natural-type-a-jadeite-jade-crafted-with-dragonfly-and-ruyi-as-pendant-certificate-weighs-60-60-grams-measurement-60-32-1-22-3-mm-pendant260\/"},"modified":"2025-02-24T01:17:26","modified_gmt":"2025-02-23T17:17:26","slug":"super-rare-high-quality-light-green-and-yellow-natural-type-a-jadeite-jade-crafted-with-dragonfly-and-ruyi-as-pendant-certificate-weighs-60-60-grams-measurement-60-32-1-22-3-mm-pendant260","status":"publish","type":"product","link":"https:\/\/shop.yipinqian.com\/es\/producto\/super-rare-high-quality-light-green-and-yellow-natural-type-a-jadeite-jade-crafted-with-dragonfly-and-ruyi-as-pendant-certificate-weighs-60-60-grams-measurement-60-32-1-22-3-mm-pendant260\/","title":{"rendered":"Super Rare High Quality Light Green and Yellow Natural Type A Jadeite Jade crafted with Dragonfly and Ruyi as Pendant, certificate weighs 60.60 grams, measurement 60 * 32.1 * 22.3 mm (pendant260)"},"content":{"rendered":"<p><span><\/span><\/p>\n<p><span>This Super Rare High Quality Light Green and Yellow Natural Type A Jadeite Jade pendant is a stunning piece of jewelry crafted with intricate details of a Dragonfly and Ruyi.<\/span><\/p>\n<p><span><\/span><\/p>\n<p><span>Certificate numbers: GD2011H021760<\/span><\/p>\n<p><span><\/span><\/p>\n<p><img fetchpriority=\"high\" decoding=\"async\" height=\"1080\" src=\"https:\/\/shop.yipinqian.com\/wp-content\/uploads\/2024\/10\/349df79ee371393e2150d6f172e2385e.jpg?from=476444299\" width=\"1080\"><\/p>\n<ul>\n<li>Exquisite Craftsmanship: The pendant is meticulously designed with high-quality jade, showcasing a unique blend of light green and yellow colors.<\/li>\n<li>Unique Design: The Dragonfly and Ruyi motifs add a symbolic touch to the pendant, making it an elegant statement piece.<\/li>\n<li>Precise Measurements: Weighing 60.60 grams and measuring 60 * 32.1 * 22.3 mm, this pendant is sure to stand out.<\/li>\n<\/ul>\n<p><span>Hand-selected from Myanmar, this Type A Jadeite Jade comes with a certificate for authenticity assurance. It is suitable for daily wear, making it perfect for any occasion.<\/span><\/p>\n<ul>\n<li>Certificado incluido: S\u00ed<\/li>\n<li>Pa\u00eds de origen: Myanmar<\/li>\n<li>Ocasi\u00f3n: diaria<\/li>\n<li>Tipo de garant\u00eda: No<\/li>\n<li>G\u00e9nero: unisex<\/li>\n<li>.The Necklace Style showcases an elegant design that complements the beauty of the jade perfectly.<\/li>\n<\/ul>\n<p><span>Yi Pin Qian \u2013 Comerciante de piedras preciosas y metales preciosos en Singapur \u2013 N\u00famero de licencia PS20190000031<\/span><\/p>\n<p><span><\/span><\/p>\n<p><span>*Todos los jade\u00edtas comprados a Yi Pin Qian en Singapur, los clientes pueden reservar espacios para pulirlos o hacer reparaciones menores por mal manejo; se aplican tarifas y solo para los clientes de Yi Pin Qian en Singapur*<\/span><\/p>\n<p><span><\/span><\/p>\n<p><span><strong>**Tipos de certificados**<\/strong><\/span><\/p>\n<p><span><\/span><\/p>\n<p><span><strong>NGI (Gemolog\u00eda Nan Yang)<\/strong><\/span><\/p>\n<p><span>o <strong>Certificados en el extranjero <\/strong>(Yi Pin Qian solo utiliza certificados aut\u00e9nticos de laboratorios extranjeros y tambi\u00e9n controla la calidad de cada uno de nuestros productos antes de ponerlos a la venta en SG)<\/span><\/p>\n<p><span><\/span><\/p>\n<p><span>Todos los productos de TikTok contar\u00e1n con el tipo de certificado que se indica en la descripci\u00f3n. Para cualquier cliente que desee enviar su pedido a NGI Singapur, habr\u00e1 un tiempo de espera para la entrega del pedido estimado de aproximadamente 4 semanas para recibirlo. <strong>Las solicitudes de informes de NGI Gemstone deben realizarse enviando un mensaje a la tienda TikTok de Yi Pin Qian.<\/strong> Gracias, <strong><u>Se aplican tarifas adicionales<\/u><\/strong>.<\/span><\/p>\n<p><span><\/span><\/p>\n<p><span><strong>La jade\u00edta natural no es perfecta, solo un peque\u00f1o recordatorio: nuestra jade\u00edta natural, como todas las cosas hermosas de la naturaleza, tiene sus caracter\u00edsticas y variaciones \u00fanicas. Invitamos a nuestros valiosos clientes a adoptar estas variaciones naturales. \u00a1Felices compras!<\/strong><\/span><\/p>\n<p><span><\/span><\/p>\n<p><span><strong><u>Ninguna de las fotograf\u00edas ni los v\u00eddeos han sido filtrados. Animamos a nuestros clientes a que vean tambi\u00e9n los v\u00eddeos adjuntos para tener una visi\u00f3n m\u00e1s completa de nuestros productos.<\/u><\/strong><\/span><\/p>\n<p><span><\/span><\/p>","protected":false},"excerpt":{"rendered":"<p>Este colgante de jade\u00edta natural tipo A de color verde claro y amarillo de alta calidad y s\u00faper raro es una impresionante pieza de joyer\u00eda elaborada con intrincados detalles de una lib\u00e9lula y un ruyi. N\u00fameros de certificado: GD2011H021760 Artesan\u00eda exquisita: el colgante est\u00e1 dise\u00f1ado meticulosamente con jade de alta calidad, que muestra una combinaci\u00f3n \u00fanica de colores verde claro y amarillo. Dise\u00f1o \u00fanico: [\u2026]<\/p>","protected":false},"featured_media":8092,"comment_status":"open","ping_status":"closed","template":"","meta":[],"product_brand":[],"product_cat":[195],"product_tag":[],"class_list":{"0":"post-1807","1":"product","2":"type-product","3":"status-publish","4":"has-post-thumbnail","6":"product_cat-heirloom-grade","8":"first","9":"instock","10":"sale","11":"shipping-taxable","12":"purchasable","13":"product-type-simple"},"_links":{"self":[{"href":"https:\/\/shop.yipinqian.com\/es\/wp-json\/wp\/v2\/product\/1807","targetHints":{"allow":["GET"]}}],"collection":[{"href":"https:\/\/shop.yipinqian.com\/es\/wp-json\/wp\/v2\/product"}],"about":[{"href":"https:\/\/shop.yipinqian.com\/es\/wp-json\/wp\/v2\/types\/product"}],"replies":[{"embeddable":true,"href":"https:\/\/shop.yipinqian.com\/es\/wp-json\/wp\/v2\/comments?post=1807"}],"version-history":[{"count":0,"href":"https:\/\/shop.yipinqian.com\/es\/wp-json\/wp\/v2\/product\/1807\/revisions"}],"wp:featuredmedia":[{"embeddable":true,"href":"https:\/\/shop.yipinqian.com\/es\/wp-json\/wp\/v2\/media\/8092"}],"wp:attachment":[{"href":"https:\/\/shop.yipinqian.com\/es\/wp-json\/wp\/v2\/media?parent=1807"}],"wp:term":[{"taxonomy":"product_brand","embeddable":true,"href":"https:\/\/shop.yipinqian.com\/es\/wp-json\/wp\/v2\/product_brand?post=1807"},{"taxonomy":"product_cat","embeddable":true,"href":"https:\/\/shop.yipinqian.com\/es\/wp-json\/wp\/v2\/product_cat?post=1807"},{"taxonomy":"product_tag","embeddable":true,"href":"https:\/\/shop.yipinqian.com\/es\/wp-json\/wp\/v2\/product_tag?post=1807"}],"curies":[{"name":"wp","href":"https:\/\/api.w.org\/{rel}","templated":true}]}}