{"id":1803,"date":"2024-10-24T23:22:36","date_gmt":"2024-10-24T15:22:36","guid":{"rendered":"https:\/\/shop.yipinqian.com\/product\/super-rare-green-and-brown-natural-type-a-jadeite-jade-crafted-with-vermilion-bird-as-pendant-with-certificate-weigh-59-21-grams-measurement-45-8-32-27-3-mm-pendant231\/"},"modified":"2025-02-24T01:17:26","modified_gmt":"2025-02-23T17:17:26","slug":"super-rare-green-and-brown-natural-type-a-jadeite-jade-crafted-with-vermilion-bird-as-pendant-with-certificate-weigh-59-21-grams-measurement-45-8-32-27-3-mm-pendant231","status":"publish","type":"product","link":"https:\/\/shop.yipinqian.com\/es\/producto\/super-rare-green-and-brown-natural-type-a-jadeite-jade-crafted-with-vermilion-bird-as-pendant-with-certificate-weigh-59-21-grams-measurement-45-8-32-27-3-mm-pendant231\/","title":{"rendered":"Jade\u00edta natural tipo A s\u00faper rara verde y marr\u00f3n elaborada con p\u00e1jaro bermell\u00f3n como colgante con certificado que pesa 59,21 gramos, medida 45,8 * 32 * 27,3 mm (colgante 231)"},"content":{"rendered":"<p>Este colgante de jade\u00edta natural tipo A verde y marr\u00f3n s\u00faper raro es una verdadera obra maestra, elaborada con intrincados detalles del p\u00e1jaro bermell\u00f3n. El colgante pesa 59,21 gramos y mide 45,8 * 32 * 27,3 mm, lo que lo convierte en una incorporaci\u00f3n \u00fanica a su colecci\u00f3n de joyas.<\/p>\n<p>\u00a0<\/p>\n<p>N\u00fameros de certificado: GD2109H018441<\/p>\n<ul>\n<li>\n<strong>Raro y natural:<\/strong> Fabricada con aut\u00e9ntica jade\u00edta tipo A de Myanmar, esta pieza es verdaderamente \u00fanica.<\/li>\n<li>\n<strong>Con Certificado:<\/strong> Este colgante viene con un certificado de autenticidad para su tranquilidad.<\/li>\n<li>\n<strong>Ocasi\u00f3n auspiciosa:<\/strong> El p\u00e1jaro bermell\u00f3n simboliza buena fortuna y prosperidad, lo que lo hace perfecto para cualquier ocasi\u00f3n auspiciosa que puedas estar celebrando.<\/li>\n<\/ul>\n<p>El dise\u00f1o unisex hace que este collar sea adecuado para cualquier persona que busque agregar un toque de estilo informal a su atuendo. Tenga en cuenta que este producto no viene con ning\u00fan tipo de garant\u00eda ofrecida por el fabricante o el vendedor.<\/p>\n<p>\u00a0<\/p>\n<p>El p\u00e1jaro bermell\u00f3n es uno de los cuatro s\u00edmbolos de las constelaciones chinas. Seg\u00fan el Wu Xing, el sistema tao\u00edsta de cinco elementos, representa el elemento fuego, la direcci\u00f3n sur y la estaci\u00f3n del verano, respectivamente.<\/p>\n<p>\u00a0<\/p>\n<p>Yi Pin Qian \u2013 Comerciante de piedras preciosas y metales preciosos en Singapur \u2013 N\u00famero de licencia PS20190000031<\/p>\n<p>\u00a0<\/p>\n<p>*Todos los jade\u00edtas comprados a Yi Pin Qian en Singapur, los clientes pueden reservar espacios para pulirlos o hacer reparaciones menores por mal manejo; se aplican tarifas y solo para los clientes de Yi Pin Qian en Singapur*<\/p>\n<p>\u00a0<\/p>\n<p><strong>**Tipos de certificados**<\/strong><\/p>\n<p>\u00a0<\/p>\n<p><strong>NGI (Gemolog\u00eda Nan Yang)<\/strong><\/p>\n<p>o <strong>Certificados en el extranjero <\/strong>(Yi Pin Qian solo utiliza certificados aut\u00e9nticos de laboratorios extranjeros y tambi\u00e9n controla la calidad de cada uno de nuestros productos antes de ponerlos a la venta en SG)<\/p>\n<p>\u00a0<\/p>\n<p>Todos los productos de TikTok contar\u00e1n con el tipo de certificado que se indica en la descripci\u00f3n. Para cualquier cliente que desee enviar su pedido a NGI Singapur, habr\u00e1 un tiempo de espera para la entrega del pedido estimado de aproximadamente 4 semanas para recibirlo. <strong>Las solicitudes de informes de NGI Gemstone deben realizarse enviando un mensaje a la tienda TikTok de Yi Pin Qian.<\/strong> Gracias, <strong><u>Se aplican tarifas adicionales<\/u><\/strong>.<\/p>\n<p>\u00a0<\/p>\n<p><strong>La jade\u00edta natural no es perfecta, solo un peque\u00f1o recordatorio: nuestra jade\u00edta natural, como todas las cosas hermosas de la naturaleza, tiene sus caracter\u00edsticas y variaciones \u00fanicas. Invitamos a nuestros valiosos clientes a adoptar estas variaciones naturales. \u00a1Felices compras!<\/strong><\/p>\n<p>\u00a0<\/p>\n<p><strong><u>Ninguna de las fotograf\u00edas ni los v\u00eddeos han sido filtrados. Animamos a nuestros clientes a que vean tambi\u00e9n los v\u00eddeos adjuntos para tener una visi\u00f3n m\u00e1s completa de nuestros productos.<\/u><\/strong><\/p>","protected":false},"excerpt":{"rendered":"<p>This Super Rare Green and Brown Natural Type A Jadeite Jade pendant is a true masterpiece, crafted with intricate details of the Vermilion bird. The pendant weighs 59.21 grams and measures 45.8 * 32 * 27.3 mm, making it a unique addition to your jewelry collection. \u00a0 Certificate numbers: GD2109H018441 Rare &#038; Natural: Made from [&hellip;]<\/p>","protected":false},"featured_media":8063,"comment_status":"open","ping_status":"closed","template":"","meta":[],"product_brand":[],"product_cat":[195],"product_tag":[],"class_list":{"0":"post-1803","1":"product","2":"type-product","3":"status-publish","4":"has-post-thumbnail","6":"product_cat-heirloom-grade","8":"first","9":"instock","10":"sale","11":"shipping-taxable","12":"purchasable","13":"product-type-simple"},"_links":{"self":[{"href":"https:\/\/shop.yipinqian.com\/es\/wp-json\/wp\/v2\/product\/1803","targetHints":{"allow":["GET"]}}],"collection":[{"href":"https:\/\/shop.yipinqian.com\/es\/wp-json\/wp\/v2\/product"}],"about":[{"href":"https:\/\/shop.yipinqian.com\/es\/wp-json\/wp\/v2\/types\/product"}],"replies":[{"embeddable":true,"href":"https:\/\/shop.yipinqian.com\/es\/wp-json\/wp\/v2\/comments?post=1803"}],"version-history":[{"count":0,"href":"https:\/\/shop.yipinqian.com\/es\/wp-json\/wp\/v2\/product\/1803\/revisions"}],"wp:featuredmedia":[{"embeddable":true,"href":"https:\/\/shop.yipinqian.com\/es\/wp-json\/wp\/v2\/media\/8063"}],"wp:attachment":[{"href":"https:\/\/shop.yipinqian.com\/es\/wp-json\/wp\/v2\/media?parent=1803"}],"wp:term":[{"taxonomy":"product_brand","embeddable":true,"href":"https:\/\/shop.yipinqian.com\/es\/wp-json\/wp\/v2\/product_brand?post=1803"},{"taxonomy":"product_cat","embeddable":true,"href":"https:\/\/shop.yipinqian.com\/es\/wp-json\/wp\/v2\/product_cat?post=1803"},{"taxonomy":"product_tag","embeddable":true,"href":"https:\/\/shop.yipinqian.com\/es\/wp-json\/wp\/v2\/product_tag?post=1803"}],"curies":[{"name":"wp","href":"https:\/\/api.w.org\/{rel}","templated":true}]}}