{"id":1802,"date":"2024-10-24T23:22:36","date_gmt":"2024-10-24T15:22:36","guid":{"rendered":"https:\/\/shop.yipinqian.com\/product\/stunning-rare-brown-with-red-and-white-antique-style-pendant-necklace-natural-type-a-jadeite-with-certificate-included-weigh-33-71-grams-51-3-42-6-7-mm-engrave-with-chinese-word-ruyi-means-as-one-wish\/"},"modified":"2025-02-24T01:17:26","modified_gmt":"2025-02-23T17:17:26","slug":"stunning-rare-brown-with-red-and-white-antique-style-pendant-necklace-natural-type-a-jadeite-with-certificate-included-weigh-33-71-grams-51-3-42-6-7-mm-engrave-with-chinese-word-ruyi-means-as-one-wish","status":"publish","type":"product","link":"https:\/\/shop.yipinqian.com\/es\/producto\/stunning-rare-brown-with-red-and-white-antique-style-pendant-necklace-natural-type-a-jadeite-with-certificate-included-weigh-33-71-grams-51-3-42-6-7-mm-engrave-with-chinese-word-ruyi-means-as-one-wish\/","title":{"rendered":"Impresionante collar colgante estilo antiguo marr\u00f3n con rojo y blanco, jade\u00edta natural tipo A con certificado incluido, pesa 33,71 gramos, 51,3 * 42 * 6,7 mm, grabado con la palabra china ruyi que significa Como uno desee, para uso diario (colgante 27)"},"content":{"rendered":"<p>Del\u00e9itese con la belleza de este impresionante y raro collar colgante de estilo antiguo en tonos marr\u00f3n, rojo y blanco elaborado con jade\u00edta natural tipo A. Con un peso de 33,71 gramos y un tama\u00f1o de 51,3 x 42 x 6,7 mm, este collar viene con un certificado de autenticidad de Myanmar.<\/p>\n<ul>\n<li>\n<strong>Dise\u00f1o de estilo antiguo:<\/strong> El collar presenta un colgante de estilo antiguo que a\u00f1ade un toque de encanto vintage a tu look.<\/li>\n<li>\n<strong>Jade\u00edta rara:<\/strong> La jade\u00edta natural tipo A utilizada en el colgante es rara y conocida por sus colores vibrantes.<\/li>\n<li>\n<strong>Grabado de Ruyi:<\/strong>La palabra china \u201cruyi\u201d, que significa \u201cComo uno desea, todo va bien\u201d, est\u00e1 grabada en el colgante, lo que lo convierte en un s\u00edmbolo de buena suerte y prosperidad.<\/li>\n<\/ul>\n<p>Este collar unisex es perfecto para el uso diario, ya que presenta un estilo casual que complementa bien cualquier atuendo.<\/p>\n<ul>\n<li><strong>Certificado incluido: el certificado incluido garantiza que obtendr\u00e1 jade\u00edta genuina. <\/strong><\/li>\n<\/ul>\n<p><strong>N\u00fameros de certificado: GD2111H009128<\/strong><\/p>\n<p><img fetchpriority=\"high\" decoding=\"async\" height=\"1080\" src=\"https:\/\/shop.yipinqian.com\/wp-content\/uploads\/2024\/10\/28bed2b58d298d201ef6dbfd98057d1f.jpg?from=476444299\" width=\"1080\"><\/p>\n<ul>\n<li><strong>Sin garant\u00eda: este producto no viene con ning\u00fan tipo de garant\u00eda, pero no te preocupes, \u00a1est\u00e1 hecho para durar mucho tiempo!<\/strong><\/li>\n<\/ul>\n<p><strong>Mejora tu estilo a\u00f1adiendo este impresionante y raro collar colgante estilo antiguo en marr\u00f3n con rojo y blanco a tu colecci\u00f3n de joyas.<\/strong><\/p>\n<p>\u00a0<\/p>\n<p>Yi Pin Qian \u2013 Comerciante de piedras preciosas y metales preciosos en Singapur \u2013 N\u00famero de licencia PS20190000031<\/p>\n<p>\u00a0<\/p>\n<p>*Todos los jade\u00edtas comprados a Yi Pin Qian en Singapur, los clientes pueden reservar espacios para pulirlos o hacer reparaciones menores por mal manejo; se aplican tarifas y solo para los clientes de Yi Pin Qian en Singapur*<\/p>\n<p>\u00a0<\/p>\n<p><strong>**Tipos de certificados**<\/strong><\/p>\n<p>\u00a0<\/p>\n<p><strong>NGI (Gemolog\u00eda Nan Yang)<\/strong><\/p>\n<p>o <strong>Certificados en el extranjero <\/strong>(Yi Pin Qian solo utiliza certificados aut\u00e9nticos de laboratorios extranjeros y tambi\u00e9n controla la calidad de cada uno de nuestros productos antes de ponerlos a la venta en SG)<\/p>\n<p>\u00a0<\/p>\n<p>Todos los productos de TikTok contar\u00e1n con el tipo de certificado que se indica en la descripci\u00f3n. Para cualquier cliente que desee enviar su pedido a NGI Singapur, habr\u00e1 un tiempo de espera para la entrega del pedido estimado de aproximadamente 4 semanas para recibirlo. <strong>Las solicitudes de informes de NGI Gemstone deben realizarse enviando un mensaje a la tienda TikTok de Yi Pin Qian.<\/strong> Gracias, <strong><u>Se aplican tarifas adicionales<\/u><\/strong>.<\/p>\n<p>\u00a0<\/p>\n<p><strong>La jade\u00edta natural no es perfecta, solo un peque\u00f1o recordatorio: nuestra jade\u00edta natural, como todas las cosas hermosas de la naturaleza, tiene sus caracter\u00edsticas y variaciones \u00fanicas. Invitamos a nuestros valiosos clientes a adoptar estas variaciones naturales. \u00a1Felices compras!<\/strong><\/p>\n<p>\u00a0<\/p>\n<p><strong><u>Ninguna de las fotograf\u00edas ni los v\u00eddeos han sido filtrados. Animamos a nuestros clientes a que vean tambi\u00e9n los v\u00eddeos adjuntos para tener una visi\u00f3n m\u00e1s completa de nuestros productos.<\/u><\/strong><\/p>","protected":false},"excerpt":{"rendered":"<p>Indulge in the beauty of this Stunning Rare Brown with Red and White Antique-style Pendant Necklace made of natural Type A Jadeite. Weighing 33.71 grams and sized at 51.3 * 42 * 6.7 mm, this necklace comes with a certificate of authenticity from Myanmar. Antique-style Design: The necklace features an antique-style pendant that adds a [&hellip;]<\/p>","protected":false},"featured_media":8055,"comment_status":"open","ping_status":"closed","template":"","meta":[],"product_brand":[],"product_cat":[195],"product_tag":[],"class_list":{"0":"post-1802","1":"product","2":"type-product","3":"status-publish","4":"has-post-thumbnail","6":"product_cat-heirloom-grade","8":"first","9":"instock","10":"sale","11":"shipping-taxable","12":"purchasable","13":"product-type-simple"},"_links":{"self":[{"href":"https:\/\/shop.yipinqian.com\/es\/wp-json\/wp\/v2\/product\/1802","targetHints":{"allow":["GET"]}}],"collection":[{"href":"https:\/\/shop.yipinqian.com\/es\/wp-json\/wp\/v2\/product"}],"about":[{"href":"https:\/\/shop.yipinqian.com\/es\/wp-json\/wp\/v2\/types\/product"}],"replies":[{"embeddable":true,"href":"https:\/\/shop.yipinqian.com\/es\/wp-json\/wp\/v2\/comments?post=1802"}],"version-history":[{"count":0,"href":"https:\/\/shop.yipinqian.com\/es\/wp-json\/wp\/v2\/product\/1802\/revisions"}],"wp:featuredmedia":[{"embeddable":true,"href":"https:\/\/shop.yipinqian.com\/es\/wp-json\/wp\/v2\/media\/8055"}],"wp:attachment":[{"href":"https:\/\/shop.yipinqian.com\/es\/wp-json\/wp\/v2\/media?parent=1802"}],"wp:term":[{"taxonomy":"product_brand","embeddable":true,"href":"https:\/\/shop.yipinqian.com\/es\/wp-json\/wp\/v2\/product_brand?post=1802"},{"taxonomy":"product_cat","embeddable":true,"href":"https:\/\/shop.yipinqian.com\/es\/wp-json\/wp\/v2\/product_cat?post=1802"},{"taxonomy":"product_tag","embeddable":true,"href":"https:\/\/shop.yipinqian.com\/es\/wp-json\/wp\/v2\/product_tag?post=1802"}],"curies":[{"name":"wp","href":"https:\/\/api.w.org\/{rel}","templated":true}]}}