{"id":1801,"date":"2024-10-24T23:22:35","date_gmt":"2024-10-24T15:22:35","guid":{"rendered":"https:\/\/shop.yipinqian.com\/product\/stunning-piece-of-natural-type-a-jadeite-pendant-necklace-crafted-with-nothing-symbols-of-peace-and-peace-everything-goes-well-with-gic-labs-approved-certificate-weigh-10-79-grams-35-5-18-3-8-8-mm-ver\/"},"modified":"2025-02-24T00:49:51","modified_gmt":"2025-02-23T16:49:51","slug":"stunning-piece-of-natural-type-a-jadeite-pendant-necklace-crafted-with-nothing-symbols-of-peace-and-peace-everything-goes-well-with-gic-labs-approved-certificate-weigh-10-79-grams-35-5-18-3-8-8-mm-ver","status":"publish","type":"product","link":"https:\/\/shop.yipinqian.com\/es\/producto\/stunning-piece-of-natural-type-a-jadeite-pendant-necklace-crafted-with-nothing-symbols-of-peace-and-peace-everything-goes-well-with-gic-labs-approved-certificate-weigh-10-79-grams-35-5-18-3-8-8-mm-ver\/","title":{"rendered":"Impresionante pieza de collar colgante de jade\u00edta tipo A natural elaborado sin nada, s\u00edmbolos de paz y paz, todo va bien, con certificado aprobado por laboratorios QIC pesa 10,79 gramos, 35,5 * 18,3 * 8,8 mm, muy adecuado para uso diario (pendant39)"},"content":{"rendered":"<p>Este impresionante colgante de jade\u00edta natural tipo A es una incorporaci\u00f3n perfecta a su colecci\u00f3n de joyas. El hermoso colgante de jade est\u00e1 elaborado con los s\u00edmbolos de la paz y la armon\u00eda, lo que lo convierte en una opci\u00f3n perfecta para usar a diario o para colecciones.<\/p>\n<ul>\n<li><strong>S\u00edmbolos de la paz:<\/strong> El colgante est\u00e1 elaborado con los s\u00edmbolos de la paz y la armon\u00eda, lo que lo convierte en una elecci\u00f3n perfecta para quienes valoran la paz.<\/li>\n<li><strong>Certificado aprobado por QIC Labs:<\/strong> Con el certificado aprobado por los laboratorios QIC, puede estar seguro de que est\u00e1 obteniendo una pieza aut\u00e9ntica.<\/li>\n<\/ul>\n<p><strong>N\u00fameros de certificado: 5824030101469<\/strong><\/p>\n<p><img fetchpriority=\"high\" decoding=\"async\" src=\"https:\/\/shop.yipinqian.com\/wp-content\/uploads\/2024\/10\/93a91d90c980e2732207d83bf4603b8e.jpg?from=476444299\" width=\"1080\" height=\"1080\" \/><\/p>\n<ul>\n<li><strong>Jade\u00edta natural tipo A:<\/strong> Hecho de jade\u00edta natural tipo A, este collar tiene un aspecto y un tacto exquisitos que realzar\u00e1n tu belleza.<\/li>\n<\/ul>\n<p>El collar pesa 10,79 gramos, lo que lo hace liviano y c\u00f3modo de usar durante todo el d\u00eda. El tama\u00f1o mide 35,5 * 18,3 * 8,8 mm, lo que lo hace adecuado tanto para hombres como para mujeres que prefieren estilos de joyer\u00eda informales.<\/p>\n<ul>\n<li><strong>Estilo de collar casual: <\/strong>El estilo del collar es informal, lo que hace que este colgante sea adecuado para el uso diario o para ocasiones informales.<\/li>\n<li><strong>Hecho en Myanmar: <\/strong>Este hermoso collar proviene de Myanmar, conocida como la tierra del jade en Asia, lo que garantiza su autenticidad.<\/li>\n<li>Este impresionante collar colgante de jade\u00edta tipo A natural con certificado aprobado por laboratorios GIC no tiene ning\u00fan tipo de garant\u00eda, pero su belleza durar\u00e1 para siempre como una posesi\u00f3n preciada en cualquier ocasi\u00f3n o atuendo, independientemente del g\u00e9nero.<\/li>\n<\/ul>\n<p>Yi Pin Qian \u2013 Comerciante de piedras preciosas y metales preciosos en Singapur \u2013 N\u00famero de licencia PS20190000031<\/p>\n<p>\u00a0<\/p>\n<p>*Todos los jade\u00edtas comprados a Yi Pin Qian en Singapur, los clientes pueden reservar espacios para pulirlos o hacer reparaciones menores por mal manejo; se aplican tarifas y solo para los clientes de Yi Pin Qian en Singapur*<\/p>\n<p>\u00a0<\/p>\n<p><strong>**Tipos de certificados**<\/strong><\/p>\n<p>\u00a0<\/p>\n<p><strong>NGI (Gemolog\u00eda Nan Yang)<\/strong><\/p>\n<p>o <strong>Certificados en el extranjero <\/strong>(Yi Pin Qian solo utiliza certificados aut\u00e9nticos de laboratorios extranjeros y tambi\u00e9n controla la calidad de cada uno de nuestros productos antes de ponerlos a la venta en SG)<\/p>\n<p>\u00a0<\/p>\n<p>Todos los productos de TikTok contar\u00e1n con el tipo de certificado que se indica en la descripci\u00f3n. Para cualquier cliente que desee enviar su pedido a NGI Singapur, habr\u00e1 un tiempo de espera para la entrega del pedido estimado de aproximadamente 4 semanas para recibirlo. <strong>Las solicitudes de informes de NGI Gemstone deben realizarse enviando un mensaje a la tienda TikTok de Yi Pin Qian.<\/strong> Gracias, <strong><u>Se aplican tarifas adicionales<\/u><\/strong>.<\/p>\n<p>\u00a0<\/p>\n<p><strong>La jade\u00edta natural no es perfecta, solo un peque\u00f1o recordatorio: nuestra jade\u00edta natural, como todas las cosas hermosas de la naturaleza, tiene sus caracter\u00edsticas y variaciones \u00fanicas. Invitamos a nuestros valiosos clientes a adoptar estas variaciones naturales. \u00a1Felices compras!<\/strong><\/p>\n<p>\u00a0<\/p>\n<p><strong><u>Ninguna de las fotograf\u00edas ni los v\u00eddeos han sido filtrados. Animamos a nuestros clientes a que vean tambi\u00e9n los v\u00eddeos adjuntos para tener una visi\u00f3n m\u00e1s completa de nuestros productos.<\/u><\/strong><\/p>","protected":false},"excerpt":{"rendered":"<p>This stunning piece of Natural Type A Jadeite Pendant Necklace is a perfect addition to your jewelry collection. The beautiful jade pendant is crafted with the symbols of Peace and harmony, making it a perfect choice for daily wear or collections. Symbols of Peace: The pendant is crafted with the symbols of peace and harmony, [&hellip;]<\/p>","protected":false},"featured_media":8045,"comment_status":"open","ping_status":"closed","template":"","meta":[],"product_brand":[],"product_cat":[194],"product_tag":[],"class_list":{"0":"post-1801","1":"product","2":"type-product","3":"status-publish","4":"has-post-thumbnail","6":"product_cat-value-picks","8":"first","9":"instock","10":"sale","11":"shipping-taxable","12":"purchasable","13":"product-type-simple"},"_links":{"self":[{"href":"https:\/\/shop.yipinqian.com\/es\/wp-json\/wp\/v2\/product\/1801","targetHints":{"allow":["GET"]}}],"collection":[{"href":"https:\/\/shop.yipinqian.com\/es\/wp-json\/wp\/v2\/product"}],"about":[{"href":"https:\/\/shop.yipinqian.com\/es\/wp-json\/wp\/v2\/types\/product"}],"replies":[{"embeddable":true,"href":"https:\/\/shop.yipinqian.com\/es\/wp-json\/wp\/v2\/comments?post=1801"}],"version-history":[{"count":0,"href":"https:\/\/shop.yipinqian.com\/es\/wp-json\/wp\/v2\/product\/1801\/revisions"}],"wp:featuredmedia":[{"embeddable":true,"href":"https:\/\/shop.yipinqian.com\/es\/wp-json\/wp\/v2\/media\/8045"}],"wp:attachment":[{"href":"https:\/\/shop.yipinqian.com\/es\/wp-json\/wp\/v2\/media?parent=1801"}],"wp:term":[{"taxonomy":"product_brand","embeddable":true,"href":"https:\/\/shop.yipinqian.com\/es\/wp-json\/wp\/v2\/product_brand?post=1801"},{"taxonomy":"product_cat","embeddable":true,"href":"https:\/\/shop.yipinqian.com\/es\/wp-json\/wp\/v2\/product_cat?post=1801"},{"taxonomy":"product_tag","embeddable":true,"href":"https:\/\/shop.yipinqian.com\/es\/wp-json\/wp\/v2\/product_tag?post=1801"}],"curies":[{"name":"wp","href":"https:\/\/api.w.org\/{rel}","templated":true}]}}