{"id":1796,"date":"2024-10-24T23:22:32","date_gmt":"2024-10-24T15:22:32","guid":{"rendered":"https:\/\/shop.yipinqian.com\/product\/special-sales-very-rare-brown-and-light-green-natural-type-a-jadeite-jade-crafted-with-guan-gong-as-pendant-with-certificate-weigh-66-01-grams-measurement-70-43-7-18-mm-pendant228\/"},"modified":"2025-02-24T01:34:17","modified_gmt":"2025-02-23T17:34:17","slug":"special-sales-very-rare-brown-and-light-green-natural-type-a-jadeite-jade-crafted-with-guan-gong-as-pendant-with-certificate-weigh-66-01-grams-measurement-70-43-7-18-mm-pendant228","status":"publish","type":"product","link":"https:\/\/shop.yipinqian.com\/es\/producto\/special-sales-very-rare-brown-and-light-green-natural-type-a-jadeite-jade-crafted-with-guan-gong-as-pendant-with-certificate-weigh-66-01-grams-measurement-70-43-7-18-mm-pendant228\/","title":{"rendered":"Special Sales &#8211; Very Rare Brown and Light Green Natural Type A Jadeite Jade crafted with Guan Gong as Pendant with certificate weigh 66.01 grams, measurement 70 * 43.7 * 18 mm (pendant228)"},"content":{"rendered":"<p>Take advantage of our special sales and own a very rare piece of natural Type A Jadeite Jade with the depiction of Guan Gong as a pendant. This exquisite jewelry accessory is crafted with a beautiful combination of brown and light green colors, making it truly unique.<\/p>\n<p><\/p>\n<p>Certificate numbers: ZGDX1014973<\/p>\n<ul>\n<li>\n<strong>Ocasi\u00f3n auspiciosa:<\/strong> This pendant is perfect for any auspicious occasion, adding an extra touch of elegance to your outfit.<\/li>\n<li>\n<strong>Crafted with Guan Gong:<\/strong> The depiction of Guan Gong adds a touch of symbolism to this already beautiful piece, making it perfect for those who appreciate cultural significance in their jewelry.<\/li>\n<li>\n<strong>Certificado incluido:<\/strong> You can be sure that you are getting an authentic product as this pendant comes with its own certificate so you can buy with confidence.<\/li>\n<\/ul>\n<p>Made from natural Type A Jadeite Jade sourced from Myanmar, this unisex casual necklace style weighs 66.01 grams and measures at 70 *43.7 *18 mm (pendant228). Its quality craftsmanship makes it an ideal addition to any jewelry collection without the need for warranty type concerns &#8211; just sheer beauty that will last forever<\/p>\n<p><\/p>\n<p>Yi Pin Qian \u2013 Comerciante de piedras preciosas y metales preciosos en Singapur \u2013 N\u00famero de licencia PS20190000031<\/p>\n<p><\/p>\n<p>*Todos los jade\u00edtas comprados a Yi Pin Qian en Singapur, los clientes pueden reservar espacios para pulirlos o hacer reparaciones menores por mal manejo; se aplican tarifas y solo para los clientes de Yi Pin Qian en Singapur*<\/p>\n<p><\/p>\n<p><strong>**Tipos de certificados**<\/strong><\/p>\n<p><\/p>\n<p><strong>NGI (Gemolog\u00eda Nan Yang)<\/strong><\/p>\n<p>o <strong>Certificados en el extranjero <\/strong>(Yi Pin Qian solo utiliza certificados aut\u00e9nticos de laboratorios extranjeros y tambi\u00e9n controla la calidad de cada uno de nuestros productos antes de ponerlos a la venta en SG)<\/p>\n<p><\/p>\n<p>Todos los productos de TikTok contar\u00e1n con el tipo de certificado que se indica en la descripci\u00f3n. Para cualquier cliente que desee enviar su pedido a NGI Singapur, habr\u00e1 un tiempo de espera para la entrega del pedido estimado de aproximadamente 4 semanas para recibirlo. <strong>Las solicitudes de informes de NGI Gemstone deben realizarse enviando un mensaje a la tienda TikTok de Yi Pin Qian.<\/strong> Gracias, <strong><u>Se aplican tarifas adicionales<\/u><\/strong>.<\/p>\n<p><\/p>\n<p><strong>La jade\u00edta natural no es perfecta, solo un peque\u00f1o recordatorio: nuestra jade\u00edta natural, como todas las cosas hermosas de la naturaleza, tiene sus caracter\u00edsticas y variaciones \u00fanicas. Invitamos a nuestros valiosos clientes a adoptar estas variaciones naturales. \u00a1Felices compras!<\/strong><\/p>\n<p><\/p>\n<p><strong><u>Ninguna de las fotograf\u00edas ni los v\u00eddeos han sido filtrados. Animamos a nuestros clientes a que vean tambi\u00e9n los v\u00eddeos adjuntos para tener una visi\u00f3n m\u00e1s completa de nuestros productos.<\/u><\/strong><\/p>\n<p><\/p>\n<p>.<\/p>","protected":false},"excerpt":{"rendered":"<p>Take advantage of our special sales and own a very rare piece of natural Type A Jadeite Jade with the depiction of Guan Gong as a pendant. This exquisite jewelry accessory is crafted with a beautiful combination of brown and light green colors, making it truly unique. Certificate numbers: ZGDX1014973 Auspicious Occasion: This pendant is [&hellip;]<\/p>","protected":false},"featured_media":7995,"comment_status":"open","ping_status":"closed","template":"","meta":[],"product_brand":[],"product_cat":[196],"product_tag":[],"class_list":{"0":"post-1796","1":"product","2":"type-product","3":"status-publish","4":"has-post-thumbnail","6":"product_cat-vault-collection","8":"first","9":"instock","10":"sale","11":"shipping-taxable","12":"purchasable","13":"product-type-simple"},"_links":{"self":[{"href":"https:\/\/shop.yipinqian.com\/es\/wp-json\/wp\/v2\/product\/1796","targetHints":{"allow":["GET"]}}],"collection":[{"href":"https:\/\/shop.yipinqian.com\/es\/wp-json\/wp\/v2\/product"}],"about":[{"href":"https:\/\/shop.yipinqian.com\/es\/wp-json\/wp\/v2\/types\/product"}],"replies":[{"embeddable":true,"href":"https:\/\/shop.yipinqian.com\/es\/wp-json\/wp\/v2\/comments?post=1796"}],"version-history":[{"count":0,"href":"https:\/\/shop.yipinqian.com\/es\/wp-json\/wp\/v2\/product\/1796\/revisions"}],"wp:featuredmedia":[{"embeddable":true,"href":"https:\/\/shop.yipinqian.com\/es\/wp-json\/wp\/v2\/media\/7995"}],"wp:attachment":[{"href":"https:\/\/shop.yipinqian.com\/es\/wp-json\/wp\/v2\/media?parent=1796"}],"wp:term":[{"taxonomy":"product_brand","embeddable":true,"href":"https:\/\/shop.yipinqian.com\/es\/wp-json\/wp\/v2\/product_brand?post=1796"},{"taxonomy":"product_cat","embeddable":true,"href":"https:\/\/shop.yipinqian.com\/es\/wp-json\/wp\/v2\/product_cat?post=1796"},{"taxonomy":"product_tag","embeddable":true,"href":"https:\/\/shop.yipinqian.com\/es\/wp-json\/wp\/v2\/product_tag?post=1796"}],"curies":[{"name":"wp","href":"https:\/\/api.w.org\/{rel}","templated":true}]}}