{"id":1793,"date":"2024-10-24T23:22:30","date_gmt":"2024-10-24T15:22:30","guid":{"rendered":"https:\/\/shop.yipinqian.com\/product\/special-price-unique-rare-crafted-with-mogao-caves-on-brown-natural-type-a-jadeite-jade-as-pendant-certificate-weighs-23-9-grams-measurement-23-1-41-5-13-mm-pendant287\/"},"modified":"2025-02-24T00:49:51","modified_gmt":"2025-02-23T16:49:51","slug":"special-price-unique-rare-crafted-with-mogao-caves-on-brown-natural-type-a-jadeite-jade-as-pendant-certificate-weighs-23-9-grams-measurement-23-1-41-5-13-mm-pendant287","status":"publish","type":"product","link":"https:\/\/shop.yipinqian.com\/es\/producto\/special-price-unique-rare-crafted-with-mogao-caves-on-brown-natural-type-a-jadeite-jade-as-pendant-certificate-weighs-23-9-grams-measurement-23-1-41-5-13-mm-pendant287\/","title":{"rendered":"Precio especial: colgante \u00fanico y raro elaborado con cuevas de Mogao sobre jade\u00edta marr\u00f3n natural tipo A, peso certificado: 23,9 gramos, medida: 23,1 x 41,5 x 13 mm (colgante 287)"},"content":{"rendered":"<p>Experimente una pieza \u00fanica con este colgante \u00fanico y artesanal de las cuevas de Mogao elaborado con jade\u00edta marr\u00f3n natural tipo A. Este exquisito colgante exhibe una artesan\u00eda intrincada y un dise\u00f1o \u00fanico inspirado en las cuevas de Mogao.<\/p>\n<p>\u00a0<\/p>\n<p>N\u00fameros de certificado: ZSJ12207066726<\/p>\n<p><img fetchpriority=\"high\" decoding=\"async\" height=\"1080\" src=\"https:\/\/shop.yipinqian.com\/wp-content\/uploads\/2024\/10\/a3cc65bd43a2ef09555d9a91b5d8ddb2.jpg?from=476444299\" width=\"1080\"><\/p>\n<ul>\n<li>\n<strong>Material:<\/strong> Jade\u00edta marr\u00f3n natural tipo A<\/li>\n<li>\n<strong>Pesa:<\/strong> 23,9 gramos<\/li>\n<li>\n<strong>Medidas:<\/strong> 23,1 x 41,5 x 13 mm<\/li>\n<li><strong>Certificado incluido:<\/strong><\/li>\n<\/ul>\n<p><img decoding=\"async\" height=\"1080\" src=\"https:\/\/shop.yipinqian.com\/wp-content\/uploads\/2024\/10\/d9880be6ff114baea5a0cd75261a8083.jpg?from=476444299\" width=\"1080\"><\/p>\n<p><strong>Este colgante no solo es un accesorio impresionante, sino que tambi\u00e9n tiene un significado cultural, lo que lo hace perfecto para ocasiones auspiciosas.<\/strong><\/p>\n<ul>\n<li><strong>Certificado incluido:<\/strong><\/li>\n<\/ul>\n<p><strong>Esta pieza unisex es el complemento perfecto para cualquier colecci\u00f3n de joyas, presentando un estilo de collar informal que se puede usar sin esfuerzo en cualquier ocasi\u00f3n.<\/strong><\/p>\n<ul>\n<li><strong>Fabricado en: Myanmar<\/strong><\/li>\n<\/ul>\n<p><strong>La jade\u00edta natural no es perfecta, solo un peque\u00f1o recordatorio: nuestra jade\u00edta natural, como todas las cosas hermosas de la naturaleza, tiene sus caracter\u00edsticas y variaciones \u00fanicas. Invitamos a nuestros valiosos clientes a adoptar estas variaciones naturales. \u00a1Felices compras!<\/strong><\/p>\n<p>\u00a0<\/p>\n<p><strong><u>Ninguna de las fotograf\u00edas ni los v\u00eddeos han sido filtrados. Animamos a nuestros clientes a que vean tambi\u00e9n los v\u00eddeos adjuntos para tener una visi\u00f3n m\u00e1s completa de nuestros productos.<\/u><\/strong><\/p>\n<p>\u00a0<\/p>\n<ul>\n<li>Las diferentes plataformas solo pueden ver videos a trav\u00e9s de la computadora de escritorio<\/li>\n<\/ul>","protected":false},"excerpt":{"rendered":"<p>Experience a one-of-a-kind piece with this Unique Rare Crafted Mogao Caves Pendant made from Brown Natural Type A Jadeite Jade. This exquisite pendant showcases intricate craftsmanship and a unique design inspired by the Mogao Caves. \u00a0 Certificate numbers: ZSJ12207066726 Material: Brown Natural Type A Jadeite Jade Weighs: 23.9 grams Measurements: 23.1 * 41.5 * 13 [&hellip;]<\/p>","protected":false},"featured_media":7960,"comment_status":"open","ping_status":"closed","template":"","meta":[],"product_brand":[],"product_cat":[194],"product_tag":[],"class_list":{"0":"post-1793","1":"product","2":"type-product","3":"status-publish","4":"has-post-thumbnail","6":"product_cat-value-picks","8":"first","9":"instock","10":"sale","11":"shipping-taxable","12":"purchasable","13":"product-type-simple"},"_links":{"self":[{"href":"https:\/\/shop.yipinqian.com\/es\/wp-json\/wp\/v2\/product\/1793","targetHints":{"allow":["GET"]}}],"collection":[{"href":"https:\/\/shop.yipinqian.com\/es\/wp-json\/wp\/v2\/product"}],"about":[{"href":"https:\/\/shop.yipinqian.com\/es\/wp-json\/wp\/v2\/types\/product"}],"replies":[{"embeddable":true,"href":"https:\/\/shop.yipinqian.com\/es\/wp-json\/wp\/v2\/comments?post=1793"}],"version-history":[{"count":0,"href":"https:\/\/shop.yipinqian.com\/es\/wp-json\/wp\/v2\/product\/1793\/revisions"}],"wp:featuredmedia":[{"embeddable":true,"href":"https:\/\/shop.yipinqian.com\/es\/wp-json\/wp\/v2\/media\/7960"}],"wp:attachment":[{"href":"https:\/\/shop.yipinqian.com\/es\/wp-json\/wp\/v2\/media?parent=1793"}],"wp:term":[{"taxonomy":"product_brand","embeddable":true,"href":"https:\/\/shop.yipinqian.com\/es\/wp-json\/wp\/v2\/product_brand?post=1793"},{"taxonomy":"product_cat","embeddable":true,"href":"https:\/\/shop.yipinqian.com\/es\/wp-json\/wp\/v2\/product_cat?post=1793"},{"taxonomy":"product_tag","embeddable":true,"href":"https:\/\/shop.yipinqian.com\/es\/wp-json\/wp\/v2\/product_tag?post=1793"}],"curies":[{"name":"wp","href":"https:\/\/api.w.org\/{rel}","templated":true}]}}