{"id":1791,"date":"2024-10-24T23:22:29","date_gmt":"2024-10-24T15:22:29","guid":{"rendered":"https:\/\/shop.yipinqian.com\/product\/special-offer-green-with-light-green-floating-flower-piaohua-natural-type-a-jadeite-pendant-necklace-crafted-with-bat-on-ruyi-with-certificate-weigh-17-71-grams-51-6-34-5-6-mm-sysmbols-of-happiness-au\/"},"modified":"2025-02-17T00:04:17","modified_gmt":"2025-02-16T16:04:17","slug":"special-offer-green-with-light-green-floating-flower-piaohua-natural-type-a-jadeite-pendant-necklace-crafted-with-bat-on-ruyi-with-certificate-weigh-17-71-grams-51-6-34-5-6-mm-sysmbols-of-happiness-au","status":"publish","type":"product","link":"https:\/\/shop.yipinqian.com\/es\/producto\/special-offer-green-with-light-green-floating-flower-piaohua-natural-type-a-jadeite-pendant-necklace-crafted-with-bat-on-ruyi-with-certificate-weigh-17-71-grams-51-6-34-5-6-mm-sysmbols-of-happiness-au\/","title":{"rendered":"Special Offer, Green with Light Green Floating Flower (Piaohua) Natural Type A Jadeite Pendant Necklace crafted with Bat on Ruyi with certificate weigh 17.71 grams, 51.6 * 34.5 * 6 mm sysmbols of Happiness, auspiciousness (pendant103)"},"content":{"rendered":"<p>Elevate your everyday look with this exquisite Green with Light Green Floating Flower (Piaohua) Natural Type A Jadeite Pendant Necklace. Hand-crafted to perfection, this pendant necklace features a Bat on Ruyi design, symbolizing happiness and auspiciousness.<\/p>\n<ul>\n<li>\n<strong>Material:<\/strong> Made of high-quality natural Type A jadeite from Myanmar<\/li>\n<li>\n<strong>Certificado:<\/strong> Viene con un certificado de autenticidad.<\/li>\n<\/ul>\n<p><strong>Certificate numbers: CQT910359009076<\/strong><\/p>\n<p><img fetchpriority=\"high\" decoding=\"async\" height=\"1080\" src=\"https:\/\/shop.yipinqian.com\/wp-content\/uploads\/2024\/10\/3f041433cefc3b08911a0fac9a7e1b05.jpg?from=476444299\" width=\"1080\"><\/p>\n<ul>\n<li>\n<strong>Peso y dimensiones:<\/strong> Weighing in at 17.71 grams, the pendant measures 51.6 * 34.5 * 6 mm<\/li>\n<li>\n<strong>Tipo de jade:<\/strong> Made from precious jadeite stone for added luxury and durability<\/li>\n<li><strong>Neklace Style:Casual style perfect for everyday wear.<\/strong><\/li>\n<li><strong>This unisex necklace is perfect for daily wear or as a thoughtful gift to someone special. Add some elegance to your jewelry collection today with this stunning Natural Jadeite Pendant Necklace!<\/strong><\/li>\n<\/ul>\n<p>Yi Pin Qian \u2013 Comerciante de piedras preciosas y metales preciosos en Singapur \u2013 N\u00famero de licencia PS20190000031<\/p>\n<p>\u00a0<\/p>\n<p>*Todos los jade\u00edtas comprados a Yi Pin Qian en Singapur, los clientes pueden reservar espacios para pulirlos o hacer reparaciones menores por mal manejo; se aplican tarifas y solo para los clientes de Yi Pin Qian en Singapur*<\/p>\n<p>\u00a0<\/p>\n<p><strong>**Tipos de certificados**<\/strong><\/p>\n<p>\u00a0<\/p>\n<p><strong>NGI (Gemolog\u00eda Nan Yang)<\/strong><\/p>\n<p>o <strong>Certificados en el extranjero <\/strong>(Yi Pin Qian solo utiliza certificados aut\u00e9nticos de laboratorios extranjeros y tambi\u00e9n controla la calidad de cada uno de nuestros productos antes de ponerlos a la venta en SG)<\/p>\n<p>\u00a0<\/p>\n<p>Todos los productos de TikTok contar\u00e1n con el tipo de certificado que se indica en la descripci\u00f3n. Para cualquier cliente que desee enviar su pedido a NGI Singapur, habr\u00e1 un tiempo de espera para la entrega del pedido estimado de aproximadamente 4 semanas para recibirlo. <strong>Las solicitudes de informes de NGI Gemstone deben realizarse enviando un mensaje a la tienda TikTok de Yi Pin Qian.<\/strong> Gracias, <strong><u>Se aplican tarifas adicionales<\/u><\/strong>.<\/p>\n<p>\u00a0<\/p>\n<p><strong>La jade\u00edta natural no es perfecta, solo un peque\u00f1o recordatorio: nuestra jade\u00edta natural, como todas las cosas hermosas de la naturaleza, tiene sus caracter\u00edsticas y variaciones \u00fanicas. Invitamos a nuestros valiosos clientes a adoptar estas variaciones naturales. \u00a1Felices compras!<\/strong><\/p>\n<p>\u00a0<\/p>\n<p><strong><u>Ninguna de las fotograf\u00edas ni los v\u00eddeos han sido filtrados. Animamos a nuestros clientes a que vean tambi\u00e9n los v\u00eddeos adjuntos para tener una visi\u00f3n m\u00e1s completa de nuestros productos.<\/u><\/strong><\/p>","protected":false},"excerpt":{"rendered":"<p>Elevate your everyday look with this exquisite Green with Light Green Floating Flower (Piaohua) Natural Type A Jadeite Pendant Necklace. Hand-crafted to perfection, this pendant necklace features a Bat on Ruyi design, symbolizing happiness and auspiciousness. Material: Made of high-quality natural Type A jadeite from Myanmar Certificate: Comes with a certificate of authenticity Certificate numbers: [&hellip;]<\/p>","protected":false},"featured_media":7948,"comment_status":"open","ping_status":"closed","template":"","meta":[],"product_brand":[],"product_cat":[48],"product_tag":[],"class_list":{"0":"post-1791","1":"product","2":"type-product","3":"status-publish","4":"has-post-thumbnail","6":"product_cat-pendants","8":"first","9":"instock","10":"sale","11":"shipping-taxable","12":"purchasable","13":"product-type-simple"},"_links":{"self":[{"href":"https:\/\/shop.yipinqian.com\/es\/wp-json\/wp\/v2\/product\/1791","targetHints":{"allow":["GET"]}}],"collection":[{"href":"https:\/\/shop.yipinqian.com\/es\/wp-json\/wp\/v2\/product"}],"about":[{"href":"https:\/\/shop.yipinqian.com\/es\/wp-json\/wp\/v2\/types\/product"}],"replies":[{"embeddable":true,"href":"https:\/\/shop.yipinqian.com\/es\/wp-json\/wp\/v2\/comments?post=1791"}],"version-history":[{"count":0,"href":"https:\/\/shop.yipinqian.com\/es\/wp-json\/wp\/v2\/product\/1791\/revisions"}],"wp:featuredmedia":[{"embeddable":true,"href":"https:\/\/shop.yipinqian.com\/es\/wp-json\/wp\/v2\/media\/7948"}],"wp:attachment":[{"href":"https:\/\/shop.yipinqian.com\/es\/wp-json\/wp\/v2\/media?parent=1791"}],"wp:term":[{"taxonomy":"product_brand","embeddable":true,"href":"https:\/\/shop.yipinqian.com\/es\/wp-json\/wp\/v2\/product_brand?post=1791"},{"taxonomy":"product_cat","embeddable":true,"href":"https:\/\/shop.yipinqian.com\/es\/wp-json\/wp\/v2\/product_cat?post=1791"},{"taxonomy":"product_tag","embeddable":true,"href":"https:\/\/shop.yipinqian.com\/es\/wp-json\/wp\/v2\/product_tag?post=1791"}],"curies":[{"name":"wp","href":"https:\/\/api.w.org\/{rel}","templated":true}]}}