{"id":1790,"date":"2024-10-24T23:22:28","date_gmt":"2024-10-24T15:22:28","guid":{"rendered":"https:\/\/shop.yipinqian.com\/product\/special-offer-price-semi-icy-bamboo-natural-type-a-jadeite-pendant-necklace-with-qic-approved-labs-certificate-weigh-13-67-grams-44-3-16-8-7-mm-symbols-of-rising-higher-and-everlasting-suitable-for-da\/"},"modified":"2025-02-24T00:49:51","modified_gmt":"2025-02-23T16:49:51","slug":"special-offer-price-semi-icy-bamboo-natural-type-a-jadeite-pendant-necklace-with-qic-approved-labs-certificate-weigh-13-67-grams-44-3-16-8-7-mm-symbols-of-rising-higher-and-everlasting-suitable-for-da","status":"publish","type":"product","link":"https:\/\/shop.yipinqian.com\/es\/producto\/special-offer-price-semi-icy-bamboo-natural-type-a-jadeite-pendant-necklace-with-qic-approved-labs-certificate-weigh-13-67-grams-44-3-16-8-7-mm-symbols-of-rising-higher-and-everlasting-suitable-for-da\/","title":{"rendered":"Special Offer Price Semi Icy Bamboo Natural Type A Jadeite Pendant Necklace with QIC approved labs certificate weigh 13.67 grams, 44.3 * 16 * 8.7 mm, symbols of Rising higher and everlasting, suitable for daily wear (pendant53)"},"content":{"rendered":"<p>This Special Offer Price Semi Icy Bamboo Natural Type A Jadeite Pendant Necklace is a symbol of rising higher and everlasting. With QIC approved labs certificate and weighing 13.67 grams, this necklace is made of natural type A jadeite from Myanmar.<\/p>\n<p>\u00a0<\/p>\n<p><strong>Certificate numbers: SD24030201981<\/strong><\/p>\n<p><img fetchpriority=\"high\" decoding=\"async\" height=\"1080\" src=\"https:\/\/shop.yipinqian.com\/wp-content\/uploads\/2024\/10\/f4679271aacb1eb96222059207c67e36.jpg?from=476444299\" width=\"1080\"><\/p>\n<ul>\n<li><strong>Caracter\u00edsticas principales:<\/strong><\/li>\n<li>&#8211; Weighs 13.67 grams<\/li>\n<li>&#8211; Measures 44.3 * 16 * 8.7 mm<\/li>\n<li>&#8211; QIC approved labs certificate included<\/li>\n<li>&#8211; Symbolizes rising higher and everlasting<\/li>\n<\/ul>\n<p>This necklace is perfect for daily wear, thanks to its casual style, making it suitable for anyone to wear.<\/p>\n<ul>\n<li><strong>The attributes of this product include:<\/strong><\/li>\n<li>The With Certificate: Yes\u00a0 The Country Of Origin: Myanmar\u00a0 The Occasion: Daily The Warranty Type: No \u00a0\u00a0\u00a0The Gender : Unisex \u00a0\u00a0\u00a0\u00a0<\/li>\n<li>Jade Type : Jadeite<\/li>\n<li>Necklace Style : Casual \u00a0\u00a0\u00a0\u00a0\u00a0 \u00a0\u00a0\u00a0\u00a0\u00a0\u00a0 \u00a0\u00a0\u00a0\u00a0\u00a0\u00a0\u00a0\u00a0\u00a0\u00a0\u00a0 \u00a0\u00a0\u00a0\u00a0\u00a0\u00a0\u00a0 \u00a0\u00a0\u00a0\u00a0\u00a0\u00a0\u00a0\u00a0\u00a0<\/li>\n<\/ul>\n<p>Yi Pin Qian \u2013 Comerciante de piedras preciosas y metales preciosos en Singapur \u2013 N\u00famero de licencia PS20190000031<\/p>\n<p>\u00a0<\/p>\n<p>*Todos los jade\u00edtas comprados a Yi Pin Qian en Singapur, los clientes pueden reservar espacios para pulirlos o hacer reparaciones menores por mal manejo; se aplican tarifas y solo para los clientes de Yi Pin Qian en Singapur*<\/p>\n<p>\u00a0<\/p>\n<p><strong>**Tipos de certificados**<\/strong><\/p>\n<p>\u00a0<\/p>\n<p><strong>NGI (Gemolog\u00eda Nan Yang)<\/strong><\/p>\n<p>o <strong>Certificados en el extranjero <\/strong>(Yi Pin Qian solo utiliza certificados aut\u00e9nticos de laboratorios extranjeros y tambi\u00e9n controla la calidad de cada uno de nuestros productos antes de ponerlos a la venta en SG)<\/p>\n<p>\u00a0<\/p>\n<p>Todos los productos de TikTok contar\u00e1n con el tipo de certificado que se indica en la descripci\u00f3n. Para cualquier cliente que desee enviar su pedido a NGI Singapur, habr\u00e1 un tiempo de espera para la entrega del pedido estimado de aproximadamente 4 semanas para recibirlo. <strong>Las solicitudes de informes de NGI Gemstone deben realizarse enviando un mensaje a la tienda TikTok de Yi Pin Qian.<\/strong> Gracias, <strong><u>Se aplican tarifas adicionales<\/u><\/strong>.<\/p>\n<p>\u00a0<\/p>\n<p><strong>La jade\u00edta natural no es perfecta, solo un peque\u00f1o recordatorio: nuestra jade\u00edta natural, como todas las cosas hermosas de la naturaleza, tiene sus caracter\u00edsticas y variaciones \u00fanicas. Invitamos a nuestros valiosos clientes a adoptar estas variaciones naturales. \u00a1Felices compras!<\/strong><\/p>\n<p>\u00a0<\/p>\n<p><strong><u>Ninguna de las fotograf\u00edas ni los v\u00eddeos han sido filtrados. Animamos a nuestros clientes a que vean tambi\u00e9n los v\u00eddeos adjuntos para tener una visi\u00f3n m\u00e1s completa de nuestros productos.<\/u><\/strong><\/p>","protected":false},"excerpt":{"rendered":"<p>This Special Offer Price Semi Icy Bamboo Natural Type A Jadeite Pendant Necklace is a symbol of rising higher and everlasting. With QIC approved labs certificate and weighing 13.67 grams, this necklace is made of natural type A jadeite from Myanmar. \u00a0 Certificate numbers: SD24030201981 Key Features: &#8211; Weighs 13.67 grams &#8211; Measures 44.3 * [&hellip;]<\/p>","protected":false},"featured_media":7938,"comment_status":"open","ping_status":"closed","template":"","meta":[],"product_brand":[],"product_cat":[194],"product_tag":[],"class_list":{"0":"post-1790","1":"product","2":"type-product","3":"status-publish","4":"has-post-thumbnail","6":"product_cat-value-picks","8":"first","9":"instock","10":"sale","11":"shipping-taxable","12":"purchasable","13":"product-type-simple"},"_links":{"self":[{"href":"https:\/\/shop.yipinqian.com\/es\/wp-json\/wp\/v2\/product\/1790","targetHints":{"allow":["GET"]}}],"collection":[{"href":"https:\/\/shop.yipinqian.com\/es\/wp-json\/wp\/v2\/product"}],"about":[{"href":"https:\/\/shop.yipinqian.com\/es\/wp-json\/wp\/v2\/types\/product"}],"replies":[{"embeddable":true,"href":"https:\/\/shop.yipinqian.com\/es\/wp-json\/wp\/v2\/comments?post=1790"}],"version-history":[{"count":0,"href":"https:\/\/shop.yipinqian.com\/es\/wp-json\/wp\/v2\/product\/1790\/revisions"}],"wp:featuredmedia":[{"embeddable":true,"href":"https:\/\/shop.yipinqian.com\/es\/wp-json\/wp\/v2\/media\/7938"}],"wp:attachment":[{"href":"https:\/\/shop.yipinqian.com\/es\/wp-json\/wp\/v2\/media?parent=1790"}],"wp:term":[{"taxonomy":"product_brand","embeddable":true,"href":"https:\/\/shop.yipinqian.com\/es\/wp-json\/wp\/v2\/product_brand?post=1790"},{"taxonomy":"product_cat","embeddable":true,"href":"https:\/\/shop.yipinqian.com\/es\/wp-json\/wp\/v2\/product_cat?post=1790"},{"taxonomy":"product_tag","embeddable":true,"href":"https:\/\/shop.yipinqian.com\/es\/wp-json\/wp\/v2\/product_tag?post=1790"}],"curies":[{"name":"wp","href":"https:\/\/api.w.org\/{rel}","templated":true}]}}