{"id":1789,"date":"2024-10-24T23:22:27","date_gmt":"2024-10-24T15:22:27","guid":{"rendered":"https:\/\/shop.yipinqian.com\/product\/special-offer-icy-translucent-crafted-as-pixiu-natural-type-a-jadeite-pendant-necklace-with-certificate-weigh-9-39-grams-30-16-3-13-4-mm-symbols-of-bring-in-money-keep-you-safe-and-healthy-suitable-fo\/"},"modified":"2025-02-24T00:49:51","modified_gmt":"2025-02-23T16:49:51","slug":"special-offer-icy-translucent-crafted-as-pixiu-natural-type-a-jadeite-pendant-necklace-with-certificate-weigh-9-39-grams-30-16-3-13-4-mm-symbols-of-bring-in-money-keep-you-safe-and-healthy-suitable-fo","status":"publish","type":"product","link":"https:\/\/shop.yipinqian.com\/es\/producto\/special-offer-icy-translucent-crafted-as-pixiu-natural-type-a-jadeite-pendant-necklace-with-certificate-weigh-9-39-grams-30-16-3-13-4-mm-symbols-of-bring-in-money-keep-you-safe-and-healthy-suitable-fo\/","title":{"rendered":"Oferta especial Icy Translucent elaborado como collar colgante de jade\u00edta tipo A natural Pixiu con certificado que pesa 9,39 gramos, 30 * 16,3 * 13,4 mm, s\u00edmbolos de traer dinero, mantenerte seguro y saludable, adecuado para uso diario o colecci\u00f3n (colgante 45)"},"content":{"rendered":"<p>\u00a1Consigue este hermoso collar con colgante de jade\u00edta natural tipo A de Pixiu transl\u00facido helado con certificado! Con un peso de 9,39 gramos y unas medidas de 30 x 16,3 x 13,4 mm, este collar es un s\u00edmbolo de buena fortuna, que atrae dinero y te mantiene a salvo y saludable.<\/p>\n<ul>\n<li>\n<strong>Jade de alta calidad:<\/strong> El collar est\u00e1 hecho de jade\u00edta natural tipo A de Myanmar, conocida por su hermoso color y translucidez.<\/li>\n<li>\n<strong>Certificado incluido:<\/strong> Este producto viene con un certificado para su tranquilidad.<\/li>\n<li>\n<strong>Adecuado para uso diario:<\/strong> Este collar colgante es perfecto para el uso diario o como art\u00edculo de colecci\u00f3n.<\/li>\n<\/ul>\n<p><strong>N\u00fameros de certificado: SJ2312020144<\/strong><\/p>\n<p><img fetchpriority=\"high\" decoding=\"async\" height=\"1080\" src=\"https:\/\/shop.yipinqian.com\/wp-content\/uploads\/2024\/10\/3197d8d5f059ca199ad41677dca16f5e.jpg?from=476444299\" width=\"1080\"><\/p>\n<p>El Pixiu simboliza la riqueza y la buena suerte, adem\u00e1s de brindar protecci\u00f3n a quien lo lleva. El jade transl\u00facido helado se suma a la belleza del colgante, lo que lo convierte en un accesorio elegante que se puede usar en cualquier ocasi\u00f3n.<\/p>\n<ul>\n<li>\n<strong>No incluye garant\u00eda:<\/strong> Tenga en cuenta que este producto no viene con ning\u00fan tipo de garant\u00eda.<\/li>\n<li>\n<strong>Un estilo de collar unisex: <\/strong>Este collar de estilo casual puede ser usado por cualquier persona que quiera agregar elegancia a su look diario.<\/li>\n<li>.<\/li>\n<\/ul>\n<p>\u00a1Agregue un poco de suerte a su vida adquiriendo este collar colgante de jade\u00edta natural tipo A Pixiu transl\u00facido helado en oferta especial de mitad de a\u00f1o hoy!<\/p>\n<p>\u00a0<\/p>\n<p>Yi Pin Qian \u2013 Comerciante de piedras preciosas y metales preciosos en Singapur \u2013 N\u00famero de licencia PS20190000031<\/p>\n<p>\u00a0<\/p>\n<p>*Todos los jade\u00edtas comprados a Yi Pin Qian en Singapur, los clientes pueden reservar espacios para pulirlos o hacer reparaciones menores por mal manejo; se aplican tarifas y solo para los clientes de Yi Pin Qian en Singapur*<\/p>\n<p>\u00a0<\/p>\n<p><strong>**Tipos de certificados**<\/strong><\/p>\n<p>\u00a0<\/p>\n<p><strong>NGI (Gemolog\u00eda Nan Yang)<\/strong><\/p>\n<p>o <strong>Certificados en el extranjero <\/strong>(Yi Pin Qian solo utiliza certificados aut\u00e9nticos de laboratorios extranjeros y tambi\u00e9n controla la calidad de cada uno de nuestros productos antes de ponerlos a la venta en SG)<\/p>\n<p>\u00a0<\/p>\n<p>Todos los productos de TikTok contar\u00e1n con el tipo de certificado que se indica en la descripci\u00f3n. Para cualquier cliente que desee enviar su pedido a NGI Singapur, habr\u00e1 un tiempo de espera para la entrega del pedido estimado de aproximadamente 4 semanas para recibirlo. <strong>Las solicitudes de informes de NGI Gemstone deben realizarse enviando un mensaje a la tienda TikTok de Yi Pin Qian.<\/strong> Gracias, <strong><u>Se aplican tarifas adicionales<\/u><\/strong>.<\/p>\n<p>\u00a0<\/p>\n<p><strong>La jade\u00edta natural no es perfecta, solo un peque\u00f1o recordatorio: nuestra jade\u00edta natural, como todas las cosas hermosas de la naturaleza, tiene sus caracter\u00edsticas y variaciones \u00fanicas. Invitamos a nuestros valiosos clientes a adoptar estas variaciones naturales. \u00a1Felices compras!<\/strong><\/p>\n<p>\u00a0<\/p>\n<p><strong><u>Ninguna de las fotograf\u00edas ni los v\u00eddeos han sido filtrados. Animamos a nuestros clientes a que vean tambi\u00e9n los v\u00eddeos adjuntos para tener una visi\u00f3n m\u00e1s completa de nuestros productos.<\/u><\/strong><\/p>","protected":false},"excerpt":{"rendered":"<p>Get this beautiful Special Mid Year Offer Icy Translucent Pixiu Natural Type A Jadeite Pendant Necklace with certificate! Weighing 9.39 grams and measuring 30 * 16.3 * 13.4 mm, this necklace is a symbol of good fortune, bringing money and keeping you safe and healthy. High-Quality Jade: The necklace is made of natural Type A [&hellip;]<\/p>","protected":false},"featured_media":7928,"comment_status":"open","ping_status":"closed","template":"","meta":[],"product_brand":[],"product_cat":[194],"product_tag":[],"class_list":{"0":"post-1789","1":"product","2":"type-product","3":"status-publish","4":"has-post-thumbnail","6":"product_cat-value-picks","8":"first","9":"instock","10":"sale","11":"shipping-taxable","12":"purchasable","13":"product-type-simple"},"_links":{"self":[{"href":"https:\/\/shop.yipinqian.com\/es\/wp-json\/wp\/v2\/product\/1789","targetHints":{"allow":["GET"]}}],"collection":[{"href":"https:\/\/shop.yipinqian.com\/es\/wp-json\/wp\/v2\/product"}],"about":[{"href":"https:\/\/shop.yipinqian.com\/es\/wp-json\/wp\/v2\/types\/product"}],"replies":[{"embeddable":true,"href":"https:\/\/shop.yipinqian.com\/es\/wp-json\/wp\/v2\/comments?post=1789"}],"version-history":[{"count":0,"href":"https:\/\/shop.yipinqian.com\/es\/wp-json\/wp\/v2\/product\/1789\/revisions"}],"wp:featuredmedia":[{"embeddable":true,"href":"https:\/\/shop.yipinqian.com\/es\/wp-json\/wp\/v2\/media\/7928"}],"wp:attachment":[{"href":"https:\/\/shop.yipinqian.com\/es\/wp-json\/wp\/v2\/media?parent=1789"}],"wp:term":[{"taxonomy":"product_brand","embeddable":true,"href":"https:\/\/shop.yipinqian.com\/es\/wp-json\/wp\/v2\/product_brand?post=1789"},{"taxonomy":"product_cat","embeddable":true,"href":"https:\/\/shop.yipinqian.com\/es\/wp-json\/wp\/v2\/product_cat?post=1789"},{"taxonomy":"product_tag","embeddable":true,"href":"https:\/\/shop.yipinqian.com\/es\/wp-json\/wp\/v2\/product_tag?post=1789"}],"curies":[{"name":"wp","href":"https:\/\/api.w.org\/{rel}","templated":true}]}}