{"id":1784,"date":"2024-10-24T23:22:24","date_gmt":"2024-10-24T15:22:24","guid":{"rendered":"https:\/\/shop.yipinqian.com\/product\/sky-blue-natural-type-a-jadeite-pendant-with-certificate-faceless-buddha-weight-22-44-grams-50-60-23-60-9-30-mm-suitable-for-daily-wear-pendant123\/"},"modified":"2025-02-24T00:49:51","modified_gmt":"2025-02-23T16:49:51","slug":"sky-blue-natural-type-a-jadeite-pendant-with-certificate-faceless-buddha-weight-22-44-grams-50-60-23-60-9-30-mm-suitable-for-daily-wear-pendant123","status":"publish","type":"product","link":"https:\/\/shop.yipinqian.com\/es\/producto\/sky-blue-natural-type-a-jadeite-pendant-with-certificate-faceless-buddha-weight-22-44-grams-50-60-23-60-9-30-mm-suitable-for-daily-wear-pendant123\/","title":{"rendered":"Colgante de jade\u00edta natural tipo A de color azul cielo con certificado de buda sin rostro, peso 22,44 gramos, 50,60 * 23,60 * 9,30 mm, adecuado para uso diario (colgante 123)"},"content":{"rendered":"<p>Este colgante de jade\u00edta natural tipo A de color azul cielo con certificado es una incorporaci\u00f3n sorprendente a cualquier colecci\u00f3n de joyas. El dise\u00f1o de Buda sin rostro a\u00f1ade un toque elegante, mientras que el peso de 22,44 gramos y las dimensiones de 50,60 x 23,60 x 9,30 mm lo hacen adecuado para el uso diario. Caracter\u00edsticas principales:<\/p>\n<ul>\n<li>Jade\u00edta natural tipo A de color azul cielo<\/li>\n<li>Dise\u00f1o de Buda sin rostro<\/li>\n<li>22,44 gramos, 50,60 * 23,60 * 9,30 mm<\/li>\n<li>Estilo de collar casual<\/li>\n<\/ul>\n<p>Fabricado con material de jade\u00edta de alta calidad y certificado de autenticidad, este colgante es perfecto para que tanto hombres como mujeres lo usen en cualquier ocasi\u00f3n diaria.<\/p>\n<p>\u00a0<\/p>\n<p><strong>N\u00famero de certificado: ZS24040200296<\/strong><\/p>\n<p><img fetchpriority=\"high\" decoding=\"async\" height=\"1080\" src=\"https:\/\/shop.yipinqian.com\/wp-content\/uploads\/2024\/10\/1731f7709b8c344bbd2b352dfe91294f.jpg?from=476444299\" width=\"1080\"><\/p>\n<ul>\n<li>\n<strong>OCASI\u00d3N:<\/strong> Uso diario <strong>G\u00c9NERO:<\/strong> Unisexo <strong>TIPO DE JADE:<\/strong>Jade\u00edta <strong>CON CERTIFICADO: <\/strong>Si le preocupan los problemas de autenticidad, este producto viene con un certificado de autenticaci\u00f3n. <strong>TIPO DE GARANT\u00cdA: <\/strong>No hay garant\u00eda disponible con el producto. Por lo tanto, si buscas una pieza elegante que sea a la vez estilosa y adecuada para usar a diario, este colgante de jade\u00edta natural tipo A en azul cielo deber\u00eda ser tu mejor opci\u00f3n.<\/li>\n<\/ul>\n<p>\u00a0<\/p>\n<p>Yi Pin Qian \u2013 Comerciante de piedras preciosas y metales preciosos en Singapur \u2013 N\u00famero de licencia PS20190000031<\/p>\n<p>\u00a0<\/p>\n<p>*Todos los jade\u00edtas comprados a Yi Pin Qian en Singapur, los clientes pueden reservar espacios para pulirlos o hacer reparaciones menores por mal manejo; se aplican tarifas y solo para los clientes de Yi Pin Qian en Singapur*<\/p>\n<p>\u00a0<\/p>\n<p><strong>**Tipos de certificados**<\/strong><\/p>\n<p>\u00a0<\/p>\n<p><strong>NGI (Gemolog\u00eda Nan Yang)<\/strong><\/p>\n<p>o <strong>Certificados en el extranjero <\/strong>(Yi Pin Qian solo utiliza certificados aut\u00e9nticos de laboratorios extranjeros y tambi\u00e9n controla la calidad de cada uno de nuestros productos antes de ponerlos a la venta en SG)<\/p>\n<p>\u00a0<\/p>\n<p>Todos los productos de TikTok contar\u00e1n con el tipo de certificado que se indica en la descripci\u00f3n. Para cualquier cliente que desee enviar su pedido a NGI Singapur, habr\u00e1 un tiempo de espera para la entrega del pedido estimado de aproximadamente 4 semanas para recibirlo. <strong>Las solicitudes de informes de NGI Gemstone deben realizarse enviando un mensaje a la tienda TikTok de Yi Pin Qian.<\/strong> Gracias, <strong><u>Se aplican tarifas adicionales<\/u><\/strong>.<\/p>","protected":false},"excerpt":{"rendered":"<p>This Sky Blue Natural Type A Jadeite pendant with a certificate is a stunning addition to any jewelry collection. The faceless buddha design adds an elegant touch, while the weight of 22.44 grams and dimensions of 50.60 * 23.60 * 9.30 mm make it suitable for daily wear. Key Features: Sky Blue Natural Type A [&hellip;]<\/p>","protected":false},"featured_media":7898,"comment_status":"open","ping_status":"closed","template":"","meta":[],"product_brand":[],"product_cat":[194],"product_tag":[],"class_list":{"0":"post-1784","1":"product","2":"type-product","3":"status-publish","4":"has-post-thumbnail","6":"product_cat-value-picks","8":"first","9":"instock","10":"sale","11":"shipping-taxable","12":"purchasable","13":"product-type-simple"},"_links":{"self":[{"href":"https:\/\/shop.yipinqian.com\/es\/wp-json\/wp\/v2\/product\/1784","targetHints":{"allow":["GET"]}}],"collection":[{"href":"https:\/\/shop.yipinqian.com\/es\/wp-json\/wp\/v2\/product"}],"about":[{"href":"https:\/\/shop.yipinqian.com\/es\/wp-json\/wp\/v2\/types\/product"}],"replies":[{"embeddable":true,"href":"https:\/\/shop.yipinqian.com\/es\/wp-json\/wp\/v2\/comments?post=1784"}],"version-history":[{"count":0,"href":"https:\/\/shop.yipinqian.com\/es\/wp-json\/wp\/v2\/product\/1784\/revisions"}],"wp:featuredmedia":[{"embeddable":true,"href":"https:\/\/shop.yipinqian.com\/es\/wp-json\/wp\/v2\/media\/7898"}],"wp:attachment":[{"href":"https:\/\/shop.yipinqian.com\/es\/wp-json\/wp\/v2\/media?parent=1784"}],"wp:term":[{"taxonomy":"product_brand","embeddable":true,"href":"https:\/\/shop.yipinqian.com\/es\/wp-json\/wp\/v2\/product_brand?post=1784"},{"taxonomy":"product_cat","embeddable":true,"href":"https:\/\/shop.yipinqian.com\/es\/wp-json\/wp\/v2\/product_cat?post=1784"},{"taxonomy":"product_tag","embeddable":true,"href":"https:\/\/shop.yipinqian.com\/es\/wp-json\/wp\/v2\/product_tag?post=1784"}],"curies":[{"name":"wp","href":"https:\/\/api.w.org\/{rel}","templated":true}]}}