{"id":1782,"date":"2024-10-24T23:22:23","date_gmt":"2024-10-24T15:22:23","guid":{"rendered":"https:\/\/shop.yipinqian.com\/product\/semi-translucent-icy-natural-type-a-jadeite-pendant-carved-with-faceless-buddha-and-lotus-meaning-compassion-and-wisdom-qic-labs-approved-certificate-included-weight-16-56-grams-55-50-16-10-8-80-mm-ve\/"},"modified":"2025-02-24T00:49:51","modified_gmt":"2025-02-23T16:49:51","slug":"semi-translucent-icy-natural-type-a-jadeite-pendant-carved-with-faceless-buddha-and-lotus-meaning-compassion-and-wisdom-qic-labs-approved-certificate-included-weight-16-56-grams-55-50-16-10-8-80-mm-ve","status":"publish","type":"product","link":"https:\/\/shop.yipinqian.com\/es\/producto\/semi-translucent-icy-natural-type-a-jadeite-pendant-carved-with-faceless-buddha-and-lotus-meaning-compassion-and-wisdom-qic-labs-approved-certificate-included-weight-16-56-grams-55-50-16-10-8-80-mm-ve\/","title":{"rendered":"Semi Translucent Icy Natural Type A Jadeite Pendant carved with faceless buddha and lotus meaning Compassion and Wisdom , QIC labs approved certificate included weight 16.56 grams, 55.50 * 16.10 * 8.80 mm, very suitable for daily wear (pendant95)"},"content":{"rendered":"<p>This Semi Translucent Icy Natural Type A Jadeite Pendant is a stunning addition to any jewelry collection. Carved with a faceless Buddha and lotus, it symbolizes compassion and wisdom.<\/p>\n<ul>\n<li>\n<strong>Certificado aprobado por QIC Labs:<\/strong> This pendant comes with a QIC labs approved certificate, ensuring its authenticity.<\/li>\n<\/ul>\n<p><strong>Certificate numbers: SD24030201976<\/strong><\/p>\n<p><img fetchpriority=\"high\" decoding=\"async\" height=\"1080\" src=\"https:\/\/shop.yipinqian.com\/wp-content\/uploads\/2024\/10\/1532f0fdb491a45bdc1472c4d4b78015.jpg?from=476444299\" width=\"1080\"><\/p>\n<ul>\n<li>\n<strong>Peso y dimensiones:<\/strong> The pendant weighs 16.56 grams and measures 55.50 * 16.10 * 8.8 mm &#8211; making it very suitable for daily wear.<\/li>\n<li>\n<strong>Tipo de jade:<\/strong> This pendant is made of Jadeite &#8211; one of the most sought-after types of jade for its natural beauty and rarity.<\/li>\n<li>\n<strong>Necklace Style &amp; Occasion:<\/strong> The casual necklace style suits any occasion &#8211; perfect for daily wear or as an elegant addition to an evening outfit!<\/li>\n<\/ul>\n<p>This piece is sourced from Myanmar, known for producing some of the world&#8217;s finest jadeite jewelry accessories &amp; derivatives! While this product comes without warranty, we stand by its quality assurance to give you peace of mind when you shop with us!<\/p>\n<p>Add this beautiful Semi Translucent Icy Natural Type A Jadeite Pendant to your collection today!<\/p>\n<p>\u00a0<\/p>\n<p>Yi Pin Qian \u2013 Comerciante de piedras preciosas y metales preciosos en Singapur \u2013 N\u00famero de licencia PS20190000031<\/p>\n<p>\u00a0<\/p>\n<p>*Todos los jade\u00edtas comprados a Yi Pin Qian en Singapur, los clientes pueden reservar espacios para pulirlos o hacer reparaciones menores por mal manejo; se aplican tarifas y solo para los clientes de Yi Pin Qian en Singapur*<\/p>\n<p>\u00a0<\/p>\n<p><strong>**Tipos de certificados**<\/strong><\/p>\n<p>\u00a0<\/p>\n<p><strong>NGI (Gemolog\u00eda Nan Yang)<\/strong><\/p>\n<p>o <strong>Certificados en el extranjero <\/strong>(Yi Pin Qian solo utiliza certificados aut\u00e9nticos de laboratorios extranjeros y tambi\u00e9n controla la calidad de cada uno de nuestros productos antes de ponerlos a la venta en SG)<\/p>\n<p>\u00a0<\/p>\n<p>Todos los productos de TikTok contar\u00e1n con el tipo de certificado que se indica en la descripci\u00f3n. Para cualquier cliente que desee enviar su pedido a NGI Singapur, habr\u00e1 un tiempo de espera para la entrega del pedido estimado de aproximadamente 4 semanas para recibirlo. <strong>Las solicitudes de informes de NGI Gemstone deben realizarse enviando un mensaje a la tienda TikTok de Yi Pin Qian.<\/strong> Gracias, <strong><u>Se aplican tarifas adicionales<\/u><\/strong>.<\/p>","protected":false},"excerpt":{"rendered":"<p>This Semi Translucent Icy Natural Type A Jadeite Pendant is a stunning addition to any jewelry collection. Carved with a faceless Buddha and lotus, it symbolizes compassion and wisdom. QIC Labs Approved Certificate: This pendant comes with a QIC labs approved certificate, ensuring its authenticity. Certificate numbers: SD24030201976 Weight &amp; Dimensions: The pendant weighs 16.56 [&hellip;]<\/p>","protected":false},"featured_media":7876,"comment_status":"open","ping_status":"closed","template":"","meta":[],"product_brand":[],"product_cat":[194],"product_tag":[],"class_list":{"0":"post-1782","1":"product","2":"type-product","3":"status-publish","4":"has-post-thumbnail","6":"product_cat-value-picks","8":"first","9":"instock","10":"sale","11":"shipping-taxable","12":"purchasable","13":"product-type-simple"},"_links":{"self":[{"href":"https:\/\/shop.yipinqian.com\/es\/wp-json\/wp\/v2\/product\/1782","targetHints":{"allow":["GET"]}}],"collection":[{"href":"https:\/\/shop.yipinqian.com\/es\/wp-json\/wp\/v2\/product"}],"about":[{"href":"https:\/\/shop.yipinqian.com\/es\/wp-json\/wp\/v2\/types\/product"}],"replies":[{"embeddable":true,"href":"https:\/\/shop.yipinqian.com\/es\/wp-json\/wp\/v2\/comments?post=1782"}],"version-history":[{"count":0,"href":"https:\/\/shop.yipinqian.com\/es\/wp-json\/wp\/v2\/product\/1782\/revisions"}],"wp:featuredmedia":[{"embeddable":true,"href":"https:\/\/shop.yipinqian.com\/es\/wp-json\/wp\/v2\/media\/7876"}],"wp:attachment":[{"href":"https:\/\/shop.yipinqian.com\/es\/wp-json\/wp\/v2\/media?parent=1782"}],"wp:term":[{"taxonomy":"product_brand","embeddable":true,"href":"https:\/\/shop.yipinqian.com\/es\/wp-json\/wp\/v2\/product_brand?post=1782"},{"taxonomy":"product_cat","embeddable":true,"href":"https:\/\/shop.yipinqian.com\/es\/wp-json\/wp\/v2\/product_cat?post=1782"},{"taxonomy":"product_tag","embeddable":true,"href":"https:\/\/shop.yipinqian.com\/es\/wp-json\/wp\/v2\/product_tag?post=1782"}],"curies":[{"name":"wp","href":"https:\/\/api.w.org\/{rel}","templated":true}]}}