{"id":1779,"date":"2024-10-24T23:22:22","date_gmt":"2024-10-24T15:22:22","guid":{"rendered":"https:\/\/shop.yipinqian.com\/product\/semi-icy-translucent-natural-type-a-jadeite-jade-crafted-with-fubei-as-pendant-with-certificate-weigh-9-97-grams-measurement-34-9-25-7-mm-pendant195\/"},"modified":"2025-02-24T00:49:51","modified_gmt":"2025-02-23T16:49:51","slug":"semi-icy-translucent-natural-type-a-jadeite-jade-crafted-with-fubei-as-pendant-with-certificate-weigh-9-97-grams-measurement-34-9-25-7-mm-pendant195","status":"publish","type":"product","link":"https:\/\/shop.yipinqian.com\/es\/producto\/semi-icy-translucent-natural-type-a-jadeite-jade-crafted-with-fubei-as-pendant-with-certificate-weigh-9-97-grams-measurement-34-9-25-7-mm-pendant195\/","title":{"rendered":"Jade\u00edta natural tipo A transl\u00facida semihelada elaborada con Fubei como colgante con certificado, pesa 9,97 gramos, medida 34,9 * 25 * 7 mm (colgante 195)"},"content":{"rendered":"<p>Este colgante de jade\u00edta natural tipo A transl\u00facido semiglacial con Fubei elaborado intrincadamente es una exquisita pieza de accesorio de joyer\u00eda, perfecto para el uso diario y ocasiones informales.<\/p>\n<p><\/p>\n<p><strong>N\u00fameros de certificado: 90159011532<\/strong><\/p>\n<ul>\n<li>\n<strong>Tipo de jade:<\/strong> Jade\u00edta<\/li>\n<li>\n<strong>Peso:<\/strong> 9,97 gramos<\/li>\n<li>\n<strong>Medici\u00f3n:<\/strong> 34,9 * 25 * 7 mm (colgante 195)<\/li>\n<li>\n<strong>Color del jade:<\/strong> Semi helado transl\u00facido natural<\/li>\n<li><em>Certificado incluido.<\/em><\/li>\n<\/ul>\n<p>El colgante con dise\u00f1o Fubei a\u00f1ade un encanto distintivo al jade natural, lo que lo convierte en una prenda de moda perfecta tanto para hombres como para mujeres. El jade utilizado en este colgante es de alta calidad y se selecciona a mano de las minas de Myanmar, tambi\u00e9n conocida como Birmania.<\/p>\n<p>Esta pieza ser\u00e1 un regalo ideal para sus seres queridos que aprecian las piezas de joyer\u00eda \u00fanicas o puede agregarse a su colecci\u00f3n de joyas personal, ya que su transparencia complementar\u00e1 cualquier atuendo con el que la combine.<\/p>\n<ul>\n<li>El estilo del collar es informal, lo que lo hace adecuado para el uso diario sin ser demasiado llamativo ni abrumador.<\/li>\n<\/ul>\n<p>Tenga en cuenta que este producto viene sin ning\u00fan tipo de garant\u00eda, pero tenga la seguridad de que est\u00e1 invirtiendo en un producto de calidad que ha sido elaborado minuciosamente por h\u00e1biles artesanos que tienen a\u00f1os de experiencia en la creaci\u00f3n de este tipo de obras maestras.<\/p>\n<p><\/p>\n<p>Yi Pin Qian \u2013 Comerciante de piedras preciosas y metales preciosos en Singapur \u2013 N\u00famero de licencia PS20190000031<\/p>\n<p><\/p>\n<p>*Todos los jade\u00edtas comprados a Yi Pin Qian en Singapur, los clientes pueden reservar espacios para pulirlos o hacer reparaciones menores por mal manejo; se aplican tarifas y solo para los clientes de Yi Pin Qian en Singapur*<\/p>\n<p><\/p>\n<p><strong>**Tipos de certificados**<\/strong><\/p>\n<p><\/p>\n<p><strong>NGI (Gemolog\u00eda Nan Yang)<\/strong><\/p>\n<p>o <strong>Certificados en el extranjero <\/strong>(Yi Pin Qian solo utiliza certificados aut\u00e9nticos de laboratorios extranjeros y tambi\u00e9n controla la calidad de cada uno de nuestros productos antes de ponerlos a la venta en SG)<\/p>\n<p><\/p>\n<p>Todos los productos de TikTok contar\u00e1n con el tipo de certificado que se indica en la descripci\u00f3n. Para cualquier cliente que desee enviar su pedido a NGI Singapur, habr\u00e1 un tiempo de espera para la entrega del pedido estimado de aproximadamente 4 semanas para recibirlo. <strong>Las solicitudes de informes de NGI Gemstone deben realizarse enviando un mensaje a la tienda TikTok de Yi Pin Qian.<\/strong> Gracias, <strong><u>Se aplican tarifas adicionales<\/u><\/strong>.<\/p>\n<p><\/p>\n<p><strong>La jade\u00edta natural no es perfecta, solo un peque\u00f1o recordatorio: nuestra jade\u00edta natural, como todas las cosas hermosas de la naturaleza, tiene sus caracter\u00edsticas y variaciones \u00fanicas. Invitamos a nuestros valiosos clientes a adoptar estas variaciones naturales. \u00a1Felices compras!<\/strong><\/p>\n<p><\/p>\n<p><strong><u>Ninguna de las fotograf\u00edas ni los v\u00eddeos han sido filtrados. Animamos a nuestros clientes a que vean tambi\u00e9n los v\u00eddeos adjuntos para tener una visi\u00f3n m\u00e1s completa de nuestros productos.<\/u><\/strong><\/p>\n<p><\/p>\n<p>.<\/p>","protected":false},"excerpt":{"rendered":"<p>This Semi Icy Translucent Natural Type A Jadeite Pendant with Fubei crafted intricately is an exquisite piece of jewelry accessory, perfect for daily wear and casual occasions. Certificate numbers: 90159011532 Jade Type: Jadeite Weight: 9.97 grams Measurement: 34.9 * 25 * 7 mm (pendant195) Jade Color: Semi Icy Translucent Natural Certificate included. The pendant with [&hellip;]<\/p>","protected":false},"featured_media":7858,"comment_status":"open","ping_status":"closed","template":"","meta":[],"product_brand":[],"product_cat":[194],"product_tag":[],"class_list":{"0":"post-1779","1":"product","2":"type-product","3":"status-publish","4":"has-post-thumbnail","6":"product_cat-value-picks","8":"first","9":"instock","10":"sale","11":"shipping-taxable","12":"purchasable","13":"product-type-simple"},"_links":{"self":[{"href":"https:\/\/shop.yipinqian.com\/es\/wp-json\/wp\/v2\/product\/1779","targetHints":{"allow":["GET"]}}],"collection":[{"href":"https:\/\/shop.yipinqian.com\/es\/wp-json\/wp\/v2\/product"}],"about":[{"href":"https:\/\/shop.yipinqian.com\/es\/wp-json\/wp\/v2\/types\/product"}],"replies":[{"embeddable":true,"href":"https:\/\/shop.yipinqian.com\/es\/wp-json\/wp\/v2\/comments?post=1779"}],"version-history":[{"count":0,"href":"https:\/\/shop.yipinqian.com\/es\/wp-json\/wp\/v2\/product\/1779\/revisions"}],"wp:featuredmedia":[{"embeddable":true,"href":"https:\/\/shop.yipinqian.com\/es\/wp-json\/wp\/v2\/media\/7858"}],"wp:attachment":[{"href":"https:\/\/shop.yipinqian.com\/es\/wp-json\/wp\/v2\/media?parent=1779"}],"wp:term":[{"taxonomy":"product_brand","embeddable":true,"href":"https:\/\/shop.yipinqian.com\/es\/wp-json\/wp\/v2\/product_brand?post=1779"},{"taxonomy":"product_cat","embeddable":true,"href":"https:\/\/shop.yipinqian.com\/es\/wp-json\/wp\/v2\/product_cat?post=1779"},{"taxonomy":"product_tag","embeddable":true,"href":"https:\/\/shop.yipinqian.com\/es\/wp-json\/wp\/v2\/product_tag?post=1779"}],"curies":[{"name":"wp","href":"https:\/\/api.w.org\/{rel}","templated":true}]}}