{"id":1776,"date":"2024-10-24T23:22:20","date_gmt":"2024-10-24T15:22:20","guid":{"rendered":"https:\/\/shop.yipinqian.com\/product\/semi-icy-rare-yellow-and-green-natural-type-a-jadeite-jade-crafted-as-ruyi-musical-instrument-pipa-as-pendant-with-certificate-weigh-9-08-grams-measurement-45-3-18-7-6-6-mm-pendant226\/"},"modified":"2025-02-24T00:49:51","modified_gmt":"2025-02-23T16:49:51","slug":"semi-icy-rare-yellow-and-green-natural-type-a-jadeite-jade-crafted-as-ruyi-musical-instrument-pipa-as-pendant-with-certificate-weigh-9-08-grams-measurement-45-3-18-7-6-6-mm-pendant226","status":"publish","type":"product","link":"https:\/\/shop.yipinqian.com\/es\/producto\/semi-icy-rare-yellow-and-green-natural-type-a-jadeite-jade-crafted-as-ruyi-musical-instrument-pipa-as-pendant-with-certificate-weigh-9-08-grams-measurement-45-3-18-7-6-6-mm-pendant226\/","title":{"rendered":"Jade\u00edta natural tipo A de color amarillo y verde semihelado, rara, elaborada como instrumento musical Ruyi, pipa, como colgante con certificado, pesa 9,08 gramos, mide 45,3 x 18,7 x 6,6 mm (colgante 226)"},"content":{"rendered":"<p>Este colgante de jade\u00edta natural tipo A de color amarillo y verde semi-helado, elaborado como un instrumento musical pipa de Ruyi, es un accesorio de joyer\u00eda \u00fanico y sorprendente.<\/p>\n<p><\/p>\n<p>N\u00fameros de certificado: 920660019221<\/p>\n<ul>\n<li>\n<strong>Dise\u00f1o ex\u00f3tico:<\/strong> Este colgante, elaborado con la forma del instrumento musical pipa de Ruyi, es una combinaci\u00f3n perfecta de tradici\u00f3n y elegancia. La combinaci\u00f3n de jade\u00edta natural amarilla y verde le suma belleza.<\/li>\n<li>\n<strong>Calidad Premium:<\/strong> El colgante mide 45,3 * 18,7 * 6,6 mm (colgante 226) con un peso de 9,08 gramos, lo que lo hace f\u00e1cil de llevar para el uso diario.<\/li>\n<li>\n<strong>Certificado incluido:<\/strong> Esta impresionante pieza viene con un certificado que la verifica como jade\u00edta natural tipo A, de color amarillo y verde semihelado y raro de Myanmar.<\/li>\n<\/ul>\n<p>Este estilo de collar unisex se puede usar en cualquier ocasi\u00f3n diaria sin ning\u00fan problema, lo que lo hace incre\u00edblemente vers\u00e1til en su uso.<\/p>\n<p><\/p>\n<ul>\n<li>\n<strong>Tipo de jade: <\/strong>Jade\u00edta<\/li>\n<li>\n<strong>Ocasi\u00f3n: <\/strong>A diario<\/li>\n<\/ul>\n<p>\u00a1A\u00f1ade este accesorio de joyer\u00eda \u00fanico a tu colecci\u00f3n para darle un toque ex\u00f3tico!<\/p>\n<p><\/p>\n<p><strong>La jade\u00edta natural no es perfecta, solo un peque\u00f1o recordatorio: nuestra jade\u00edta natural, como todas las cosas hermosas de la naturaleza, tiene sus caracter\u00edsticas y variaciones \u00fanicas. Invitamos a nuestros valiosos clientes a adoptar estas variaciones naturales. \u00a1Felices compras!<\/strong><\/p>\n<p><\/p>\n<p><strong><u>Ninguna de las fotograf\u00edas ni los v\u00eddeos han sido filtrados. Animamos a nuestros clientes a que vean tambi\u00e9n los v\u00eddeos adjuntos para tener una visi\u00f3n m\u00e1s completa de nuestros productos.<\/u><\/strong><\/p>","protected":false},"excerpt":{"rendered":"<p>This Semi Icy Rare Yellow and Green Natural Type A Jadeite Jade pendant, crafted as Ruyi musical instrument pipa, is a unique and stunning jewelry accessory. Certificate numbers: 920660019221 Exotic Design: Crafted in the shape of Ruyi musical instrument pipa, this pendant is a perfect blend of tradition and elegance. The combination of yellow and [&hellip;]<\/p>","protected":false},"featured_media":7850,"comment_status":"open","ping_status":"closed","template":"","meta":[],"product_brand":[],"product_cat":[194],"product_tag":[],"class_list":{"0":"post-1776","1":"product","2":"type-product","3":"status-publish","4":"has-post-thumbnail","6":"product_cat-value-picks","8":"first","9":"instock","10":"sale","11":"shipping-taxable","12":"purchasable","13":"product-type-simple"},"_links":{"self":[{"href":"https:\/\/shop.yipinqian.com\/es\/wp-json\/wp\/v2\/product\/1776","targetHints":{"allow":["GET"]}}],"collection":[{"href":"https:\/\/shop.yipinqian.com\/es\/wp-json\/wp\/v2\/product"}],"about":[{"href":"https:\/\/shop.yipinqian.com\/es\/wp-json\/wp\/v2\/types\/product"}],"replies":[{"embeddable":true,"href":"https:\/\/shop.yipinqian.com\/es\/wp-json\/wp\/v2\/comments?post=1776"}],"version-history":[{"count":0,"href":"https:\/\/shop.yipinqian.com\/es\/wp-json\/wp\/v2\/product\/1776\/revisions"}],"wp:featuredmedia":[{"embeddable":true,"href":"https:\/\/shop.yipinqian.com\/es\/wp-json\/wp\/v2\/media\/7850"}],"wp:attachment":[{"href":"https:\/\/shop.yipinqian.com\/es\/wp-json\/wp\/v2\/media?parent=1776"}],"wp:term":[{"taxonomy":"product_brand","embeddable":true,"href":"https:\/\/shop.yipinqian.com\/es\/wp-json\/wp\/v2\/product_brand?post=1776"},{"taxonomy":"product_cat","embeddable":true,"href":"https:\/\/shop.yipinqian.com\/es\/wp-json\/wp\/v2\/product_cat?post=1776"},{"taxonomy":"product_tag","embeddable":true,"href":"https:\/\/shop.yipinqian.com\/es\/wp-json\/wp\/v2\/product_tag?post=1776"}],"curies":[{"name":"wp","href":"https:\/\/api.w.org\/{rel}","templated":true}]}}