{"id":1774,"date":"2024-10-24T23:22:19","date_gmt":"2024-10-24T15:22:19","guid":{"rendered":"https:\/\/shop.yipinqian.com\/product\/semi-icy-rare-old-school-natural-type-a-jadeite-jade-pendant-necklace-crafted-as-manjushri-bodhisattva-without-mount-with-certificate-weigh-25-28-grams-58-33-2-7-3-mm-pendant167\/"},"modified":"2025-02-17T00:04:16","modified_gmt":"2025-02-16T16:04:16","slug":"semi-icy-rare-old-school-natural-type-a-jadeite-jade-pendant-necklace-crafted-as-manjushri-bodhisattva-without-mount-with-certificate-weigh-25-28-grams-58-33-2-7-3-mm-pendant167","status":"publish","type":"product","link":"https:\/\/shop.yipinqian.com\/es\/producto\/semi-icy-rare-old-school-natural-type-a-jadeite-jade-pendant-necklace-crafted-as-manjushri-bodhisattva-without-mount-with-certificate-weigh-25-28-grams-58-33-2-7-3-mm-pendant167\/","title":{"rendered":"Collar con colgante de jade\u00edta natural tipo A de la vieja escuela, semi-helado, raro, elaborado como Bodhisattva Manjushri sin montura con certificado, pesa 25,28 gramos, 58 * 33,2 * 7,3 mm (colgante 167)"},"content":{"rendered":"<p>Este collar con colgante de jade\u00edta natural tipo A de la vieja escuela, semi-helado y raro, es una pieza impresionante elaborada como el Bodhisattva Manjushri sin montura. Con un peso de 25,28 gramos y dimensiones de <strong>58 * 33,2 * 7,3 mm<\/strong>Es elegante y \u00fanico.<\/p>\n<p>N\u00fameros de certificado: <strong>920770039706<\/strong><\/p>\n<p>Caracter\u00edsticas principales:<\/p>\n<ul>\n<li>Hecho a mano como Manjushri Bodhisattva sin montura<\/li>\n<li>Jade\u00edta de tipo A natural, de la vieja escuela, rara y semihelada<\/li>\n<li>Viene con certificado,<\/li>\n<li>Pa\u00eds de origen: Myanmar<\/li>\n<li>Dise\u00f1o unisex, estilo de collar: informal.<\/li>\n<li>Ocasi\u00f3n propicia para usar este collar.<\/li>\n<li>Este collar colgante est\u00e1 hecho de jade jade\u00edta natural de alta calidad y es perfecto tanto para ocasiones casuales como auspiciosas.<\/li>\n<\/ul>\n<p>El dise\u00f1o unisex lo hace adecuado para que lo use cualquier persona. Elaborado como el Bodhisattva Manjushri sin montura, este collar colgante tiene un toque art\u00edstico \u00fanico que lo hace destacar del resto. Tambi\u00e9n es jade\u00edta natural tipo A de la vieja escuela, un jade semi-helado poco com\u00fan que se suma a su belleza.<\/p>\n<p>Puede estar seguro de que obtendr\u00e1 una pieza aut\u00e9ntica, ya que este collar colgante viene con un certificado de autenticidad de Myanmar, el pa\u00eds de origen.<\/p>\n<p>Yi Pin Qian \u2013 Comerciante de piedras preciosas y metales preciosos en Singapur \u2013 N\u00famero de licencia PS20190000031<\/p>\n<p>*Todos los jade\u00edtas comprados a Yi Pin Qian en Singapur, los clientes pueden reservar espacios para pulirlos o hacer reparaciones menores por mal manejo; se aplican tarifas y solo para los clientes de Yi Pin Qian en Singapur*<\/p>\n<p><strong>**Tipos de certificados**<\/strong><\/p>\n<p><strong>NGI (Gemolog\u00eda Nan Yang)<\/strong><\/p>\n<p>o <strong>Certificados en el extranjero <\/strong>(Yi Pin Qian solo utiliza certificados aut\u00e9nticos de laboratorios extranjeros y tambi\u00e9n controla la calidad de cada uno de nuestros productos antes de ponerlos a la venta en SG)<\/p>\n<p>Todos los productos de TikTok contar\u00e1n con el tipo de certificado que se indica en la descripci\u00f3n. Para cualquier cliente que desee enviar su pedido a NGI Singapur, habr\u00e1 un tiempo de espera para la entrega del pedido estimado de aproximadamente 4 semanas para recibirlo. <strong>Las solicitudes de informes de NGI Gemstone deben realizarse enviando un mensaje a la tienda TikTok de Yi Pin Qian.<\/strong> Gracias, <strong><u>Se aplican tarifas adicionales<\/u><\/strong>.<\/p>\n<p><strong>La jade\u00edta natural no es perfecta, solo un peque\u00f1o recordatorio: nuestra jade\u00edta natural, como todas las cosas hermosas de la naturaleza, tiene sus caracter\u00edsticas y variaciones \u00fanicas. Invitamos a nuestros valiosos clientes a adoptar estas variaciones naturales. \u00a1Felices compras!<\/strong><\/p>\n<p><strong><u>Ninguna de las fotograf\u00edas ni los v\u00eddeos han sido filtrados. Animamos a nuestros clientes a que vean tambi\u00e9n los v\u00eddeos adjuntos para tener una visi\u00f3n m\u00e1s completa de nuestros productos.<\/u><\/strong><\/p>","protected":false},"excerpt":{"rendered":"<p>Este collar con colgante de jade\u00edta natural tipo A de la vieja escuela, semi-helado y raro, es una pieza impresionante elaborada como Manjushri Bodhisattva sin montura. Con un peso de 25,28 gramos y dimensiones de 58 * 33,2 * 7,3 mm, es elegante y \u00fanico. N\u00fameros de certificado: 920770039706 Caracter\u00edsticas principales: Elaborado a mano como Manjushri Bodhisattva sin montura Semi [\u2026]<\/p>","protected":false},"featured_media":7842,"comment_status":"open","ping_status":"closed","template":"","meta":[],"product_brand":[],"product_cat":[48],"product_tag":[],"class_list":{"0":"post-1774","1":"product","2":"type-product","3":"status-publish","4":"has-post-thumbnail","6":"product_cat-pendants","8":"first","9":"instock","10":"sale","11":"shipping-taxable","12":"purchasable","13":"product-type-simple"},"_links":{"self":[{"href":"https:\/\/shop.yipinqian.com\/es\/wp-json\/wp\/v2\/product\/1774","targetHints":{"allow":["GET"]}}],"collection":[{"href":"https:\/\/shop.yipinqian.com\/es\/wp-json\/wp\/v2\/product"}],"about":[{"href":"https:\/\/shop.yipinqian.com\/es\/wp-json\/wp\/v2\/types\/product"}],"replies":[{"embeddable":true,"href":"https:\/\/shop.yipinqian.com\/es\/wp-json\/wp\/v2\/comments?post=1774"}],"version-history":[{"count":0,"href":"https:\/\/shop.yipinqian.com\/es\/wp-json\/wp\/v2\/product\/1774\/revisions"}],"wp:featuredmedia":[{"embeddable":true,"href":"https:\/\/shop.yipinqian.com\/es\/wp-json\/wp\/v2\/media\/7842"}],"wp:attachment":[{"href":"https:\/\/shop.yipinqian.com\/es\/wp-json\/wp\/v2\/media?parent=1774"}],"wp:term":[{"taxonomy":"product_brand","embeddable":true,"href":"https:\/\/shop.yipinqian.com\/es\/wp-json\/wp\/v2\/product_brand?post=1774"},{"taxonomy":"product_cat","embeddable":true,"href":"https:\/\/shop.yipinqian.com\/es\/wp-json\/wp\/v2\/product_cat?post=1774"},{"taxonomy":"product_tag","embeddable":true,"href":"https:\/\/shop.yipinqian.com\/es\/wp-json\/wp\/v2\/product_tag?post=1774"}],"curies":[{"name":"wp","href":"https:\/\/api.w.org\/{rel}","templated":true}]}}