{"id":1773,"date":"2024-10-24T23:22:19","date_gmt":"2024-10-24T15:22:19","guid":{"rendered":"https:\/\/shop.yipinqian.com\/product\/semi-icy-quality-natural-type-a-jadeite-jade-crafted-as-pixiu-set-with-18k-gold-clasp-as-pendant-with-certificate-weigh-6-76-grams-measurement-26-7-13-7-10-2-mm-18kp33\/"},"modified":"2025-02-24T00:49:51","modified_gmt":"2025-02-23T16:49:51","slug":"semi-icy-quality-natural-type-a-jadeite-jade-crafted-as-pixiu-set-with-18k-gold-clasp-as-pendant-with-certificate-weigh-6-76-grams-measurement-26-7-13-7-10-2-mm-18kp33","status":"publish","type":"product","link":"https:\/\/shop.yipinqian.com\/es\/producto\/semi-icy-quality-natural-type-a-jadeite-jade-crafted-as-pixiu-set-with-18k-gold-clasp-as-pendant-with-certificate-weigh-6-76-grams-measurement-26-7-13-7-10-2-mm-18kp33\/","title":{"rendered":"Jade\u00edta natural tipo A de calidad semihelada elaborado como Pixiu con cierre de oro de 18 k como colgante con certificado. Pesa 6,76 gramos y mide 26,7 x 13,7 x 10,2 mm (18 kp33)."},"content":{"rendered":"<p>Eleve su estilo con este exquisito colgante de jade\u00edta de jade\u00edta natural tipo A de calidad semiglacial engastado en broche de oro de 18 k. <strong>6,76 gramos<\/strong> y midiendo en <strong>26,7 x 13,7 x 10,2 mm<\/strong>Este colgante es un impresionante accesorio de joyer\u00eda que ser\u00e1 un complemento perfecto para su colecci\u00f3n.<\/p>\n<p><\/p>\n<p>Nota: Esta jade\u00edta pixiu tiene una base verde muy clara aunque no es muy visible, una buena compra ya que la calidad es buena.<\/p>\n<p><\/p>\n<p>El cierre de oro de 18 quilates pesa 0,408 gramos.<\/p>\n<p>N\u00fameros de certificado: GD2111H006114<\/p>\n<p><\/p>\n<ul>\n<li>\n<strong>Jade\u00edta natural tipo A:<\/strong> Fabricado con jade\u00edta natural tipo A de alta calidad, este colgante irradia elegancia y sofisticaci\u00f3n.<\/li>\n<li>\n<strong>Cierre de oro de 18k:<\/strong> El Pixiu est\u00e1 equipado con un cierre de oro PT\/Carat duradero y lujoso que se suma a la belleza del dise\u00f1o.<\/li>\n<li>\n<strong>Certificado incluido:<\/strong> Con un certificado de autenticidad incluido, puedes estar seguro de que est\u00e1s obteniendo jade\u00edta genuina de Myanmar.<\/li>\n<\/ul>\n<p>Este collar unisex es un excelente regalo para cualquier ocasi\u00f3n, \u00a1sea auspiciosa o no! Aunque no viene con garant\u00eda, puedes estar seguro de que esta pieza est\u00e1 hecha para durar muchos a\u00f1os.<\/p>\n<p><\/p>\n<p>Yi Pin Qian \u2013 Comerciante de piedras preciosas y metales preciosos en Singapur \u2013 N\u00famero de licencia PS20190000031<\/p>\n<p><\/p>\n<p>*Todos los jade\u00edtas comprados a Yi Pin Qian en Singapur, los clientes pueden reservar espacios para pulirlos o hacer reparaciones menores por mal manejo; se aplican tarifas y solo para los clientes de Yi Pin Qian en Singapur*<\/p>\n<p><\/p>\n<p><strong>**Tipos de certificados**<\/strong><\/p>\n<p><\/p>\n<p><strong>NGI (Gemolog\u00eda Nan Yang)<\/strong><\/p>\n<p>o <strong>Certificados en el extranjero <\/strong>(Yi Pin Qian solo utiliza certificados aut\u00e9nticos de laboratorios extranjeros y tambi\u00e9n controla la calidad de cada uno de nuestros productos antes de ponerlos a la venta en SG)<\/p>\n<p><\/p>\n<p>Todos los productos de TikTok contar\u00e1n con el tipo de certificado que se indica en la descripci\u00f3n. Para cualquier cliente que desee enviar su pedido a NGI Singapur, habr\u00e1 un tiempo de espera para la entrega del pedido estimado de aproximadamente 4 semanas para recibirlo. <strong>Las solicitudes de informes de NGI Gemstone deben realizarse enviando un mensaje a la tienda TikTok de Yi Pin Qian.<\/strong> Gracias, <strong><u>Se aplican tarifas adicionales<\/u><\/strong>.<\/p>\n<p><\/p>\n<p><strong>La jade\u00edta natural no es perfecta, solo un peque\u00f1o recordatorio: nuestra jade\u00edta natural, como todas las cosas hermosas de la naturaleza, tiene sus caracter\u00edsticas y variaciones \u00fanicas. Invitamos a nuestros valiosos clientes a adoptar estas variaciones naturales. \u00a1Felices compras!<\/strong><\/p>\n<p><\/p>\n<p><strong><u>Ninguna de las fotograf\u00edas ni los v\u00eddeos han sido filtrados. Animamos a nuestros clientes a que vean tambi\u00e9n los v\u00eddeos adjuntos para tener una visi\u00f3n m\u00e1s completa de nuestros productos.<\/u><\/strong><\/p>","protected":false},"excerpt":{"rendered":"<p>Elevate your style with this exquisite Semi Icy Quality Natural Type A Jadeite Jade Pixiu pendant set in 18k gold clasp. Weighing 6.76 grams and measuring at 26.7 * 13.7 * 10.2 mm, this pendant is a stunning jewelry accessory that will make a perfect addition to your collection. Note: This pixiu jadeite has a [&hellip;]<\/p>","protected":false},"featured_media":7825,"comment_status":"open","ping_status":"closed","template":"","meta":[],"product_brand":[],"product_cat":[194],"product_tag":[],"class_list":{"0":"post-1773","1":"product","2":"type-product","3":"status-publish","4":"has-post-thumbnail","6":"product_cat-value-picks","8":"first","9":"instock","10":"sale","11":"shipping-taxable","12":"purchasable","13":"product-type-simple"},"_links":{"self":[{"href":"https:\/\/shop.yipinqian.com\/es\/wp-json\/wp\/v2\/product\/1773","targetHints":{"allow":["GET"]}}],"collection":[{"href":"https:\/\/shop.yipinqian.com\/es\/wp-json\/wp\/v2\/product"}],"about":[{"href":"https:\/\/shop.yipinqian.com\/es\/wp-json\/wp\/v2\/types\/product"}],"replies":[{"embeddable":true,"href":"https:\/\/shop.yipinqian.com\/es\/wp-json\/wp\/v2\/comments?post=1773"}],"version-history":[{"count":0,"href":"https:\/\/shop.yipinqian.com\/es\/wp-json\/wp\/v2\/product\/1773\/revisions"}],"wp:featuredmedia":[{"embeddable":true,"href":"https:\/\/shop.yipinqian.com\/es\/wp-json\/wp\/v2\/media\/7825"}],"wp:attachment":[{"href":"https:\/\/shop.yipinqian.com\/es\/wp-json\/wp\/v2\/media?parent=1773"}],"wp:term":[{"taxonomy":"product_brand","embeddable":true,"href":"https:\/\/shop.yipinqian.com\/es\/wp-json\/wp\/v2\/product_brand?post=1773"},{"taxonomy":"product_cat","embeddable":true,"href":"https:\/\/shop.yipinqian.com\/es\/wp-json\/wp\/v2\/product_cat?post=1773"},{"taxonomy":"product_tag","embeddable":true,"href":"https:\/\/shop.yipinqian.com\/es\/wp-json\/wp\/v2\/product_tag?post=1773"}],"curies":[{"name":"wp","href":"https:\/\/api.w.org\/{rel}","templated":true}]}}