{"id":1769,"date":"2024-10-24T23:22:16","date_gmt":"2024-10-24T15:22:16","guid":{"rendered":"https:\/\/shop.yipinqian.com\/product\/semi-icy-natural-type-a-jadeite-pendant-necklace-crafted-with-grapes-symbols-of-a-huge-profit-suitable-for-businessmen-certificate-weigh-19-72-grams-44-8-19-13-3-mm-pendant161\/"},"modified":"2025-02-24T00:49:51","modified_gmt":"2025-02-23T16:49:51","slug":"semi-icy-natural-type-a-jadeite-pendant-necklace-crafted-with-grapes-symbols-of-a-huge-profit-suitable-for-businessmen-certificate-weigh-19-72-grams-44-8-19-13-3-mm-pendant161","status":"publish","type":"product","link":"https:\/\/shop.yipinqian.com\/es\/producto\/semi-icy-natural-type-a-jadeite-pendant-necklace-crafted-with-grapes-symbols-of-a-huge-profit-suitable-for-businessmen-certificate-weigh-19-72-grams-44-8-19-13-3-mm-pendant161\/","title":{"rendered":"Collar con colgante de jade\u00edta natural tipo A semihelado elaborado con s\u00edmbolos de uvas de una gran ganancia, adecuado para hombres de negocios, el certificado pesa 19,72 gramos, 44,8 * 19 * 13,3 mm (colgante 161)"},"content":{"rendered":"<p>Este collar con colgante de jade\u00edta natural tipo A semiglacial es un accesorio perfecto para los hombres de negocios que desean atraer la buena fortuna y la prosperidad. El collar est\u00e1 elaborado con uvas, s\u00edmbolos de grandes ganancias, lo que lo convierte en un regalo ideal para quienes buscan el \u00e9xito en sus emprendimientos.<\/p>\n<p><\/p>\n<p><strong>N\u00fameros de certificado: GD2111H016759<\/strong><\/p>\n<ul>\n<li>Peso <strong>19,72 gramos<\/strong>, el colgante mide <strong>44,8 x 19 x 13,3 mm<\/strong> (colgante161) y a\u00f1ade un toque de elegancia a cualquier atuendo.<\/li>\n<li>El collar est\u00e1 elaborado con jade\u00edta de alta calidad importada de Myanmar, que ha sido certificada como jade tipo A.<\/li>\n<li>El estilo del collar ha sido dise\u00f1ado teniendo en cuenta el uso informal y se puede usar a diario sin ning\u00fan problema.<\/li>\n<\/ul>\n<p>Este colgante unisex viene con un certificado de autenticidad, lo que le da la tranquilidad de que est\u00e1 adquiriendo joyas de jade\u00edta genuinas que durar\u00e1n muchos a\u00f1os. Es posible que el tipo de garant\u00eda no est\u00e9 disponible; sin embargo, el material de alta calidad utilizado lo hace lo suficientemente duradero como para permanecer como nuevo durante mucho tiempo sin ning\u00fan problema.<\/p>\n<p><\/p>\n<p>Yi Pin Qian \u2013 Comerciante de piedras preciosas y metales preciosos en Singapur \u2013 N\u00famero de licencia PS20190000031<\/p>\n<p><\/p>\n<p>*Todos los jade\u00edtas comprados a Yi Pin Qian en Singapur, los clientes pueden reservar espacios para pulirlos o hacer reparaciones menores por mal manejo; se aplican tarifas y solo para los clientes de Yi Pin Qian en Singapur*<\/p>\n<p><\/p>\n<p><strong>**Tipos de certificados**<\/strong><\/p>\n<p><\/p>\n<p><strong>NGI (Gemolog\u00eda Nan Yang)<\/strong><\/p>\n<p>o <strong>Certificados en el extranjero <\/strong>(Yi Pin Qian solo utiliza certificados aut\u00e9nticos de laboratorios extranjeros y tambi\u00e9n controla la calidad de cada uno de nuestros productos antes de ponerlos a la venta en SG)<\/p>\n<p><\/p>\n<p>Todos los productos de TikTok contar\u00e1n con el tipo de certificado que se indica en la descripci\u00f3n. Para cualquier cliente que desee enviar su pedido a NGI Singapur, habr\u00e1 un tiempo de espera para la entrega del pedido estimado de aproximadamente 4 semanas para recibirlo. <strong>Las solicitudes de informes de NGI Gemstone deben realizarse enviando un mensaje a la tienda TikTok de Yi Pin Qian.<\/strong> Gracias, <strong><u>Se aplican tarifas adicionales<\/u><\/strong>.<\/p>\n<p><\/p>\n<p><strong>La jade\u00edta natural no es perfecta, solo un peque\u00f1o recordatorio: nuestra jade\u00edta natural, como todas las cosas hermosas de la naturaleza, tiene sus caracter\u00edsticas y variaciones \u00fanicas. Invitamos a nuestros valiosos clientes a adoptar estas variaciones naturales. \u00a1Felices compras!<\/strong><\/p>\n<p><\/p>\n<p><strong><u>Ninguna de las fotograf\u00edas ni los v\u00eddeos han sido filtrados. Animamos a nuestros clientes a que vean tambi\u00e9n los v\u00eddeos adjuntos para tener una visi\u00f3n m\u00e1s completa de nuestros productos.<\/u><\/strong><\/p>","protected":false},"excerpt":{"rendered":"<p>Este collar colgante de jade\u00edta natural tipo A semiglacial es un accesorio perfecto para los hombres de negocios que desean atraer la buena fortuna y la prosperidad. El collar est\u00e1 elaborado con uvas, s\u00edmbolos de grandes ganancias, lo que lo convierte en un regalo ideal para quienes buscan el \u00e9xito en sus emprendimientos. N\u00fameros de certificado: GD2111H016759 Con un peso de 19,72 gramos, el colgante [\u2026]<\/p>","protected":false},"featured_media":7797,"comment_status":"open","ping_status":"closed","template":"","meta":[],"product_brand":[],"product_cat":[194],"product_tag":[],"class_list":{"0":"post-1769","1":"product","2":"type-product","3":"status-publish","4":"has-post-thumbnail","6":"product_cat-value-picks","8":"first","9":"instock","10":"sale","11":"shipping-taxable","12":"purchasable","13":"product-type-simple"},"_links":{"self":[{"href":"https:\/\/shop.yipinqian.com\/es\/wp-json\/wp\/v2\/product\/1769","targetHints":{"allow":["GET"]}}],"collection":[{"href":"https:\/\/shop.yipinqian.com\/es\/wp-json\/wp\/v2\/product"}],"about":[{"href":"https:\/\/shop.yipinqian.com\/es\/wp-json\/wp\/v2\/types\/product"}],"replies":[{"embeddable":true,"href":"https:\/\/shop.yipinqian.com\/es\/wp-json\/wp\/v2\/comments?post=1769"}],"version-history":[{"count":0,"href":"https:\/\/shop.yipinqian.com\/es\/wp-json\/wp\/v2\/product\/1769\/revisions"}],"wp:featuredmedia":[{"embeddable":true,"href":"https:\/\/shop.yipinqian.com\/es\/wp-json\/wp\/v2\/media\/7797"}],"wp:attachment":[{"href":"https:\/\/shop.yipinqian.com\/es\/wp-json\/wp\/v2\/media?parent=1769"}],"wp:term":[{"taxonomy":"product_brand","embeddable":true,"href":"https:\/\/shop.yipinqian.com\/es\/wp-json\/wp\/v2\/product_brand?post=1769"},{"taxonomy":"product_cat","embeddable":true,"href":"https:\/\/shop.yipinqian.com\/es\/wp-json\/wp\/v2\/product_cat?post=1769"},{"taxonomy":"product_tag","embeddable":true,"href":"https:\/\/shop.yipinqian.com\/es\/wp-json\/wp\/v2\/product_tag?post=1769"}],"curies":[{"name":"wp","href":"https:\/\/api.w.org\/{rel}","templated":true}]}}