{"id":1768,"date":"2024-10-24T23:22:15","date_gmt":"2024-10-24T15:22:15","guid":{"rendered":"https:\/\/shop.yipinqian.com\/product\/semi-icy-natural-type-a-jadeite-pendant-carved-as-guanyin-with-certificate-weighs-23-87-grams-60-3-37-1-6-2-mm-represents-compassion-wisdom-and-peace-suitable-for-daily-wear-pendant83\/"},"modified":"2025-02-24T00:49:51","modified_gmt":"2025-02-23T16:49:51","slug":"semi-icy-natural-type-a-jadeite-pendant-carved-as-guanyin-with-certificate-weighs-23-87-grams-60-3-37-1-6-2-mm-represents-compassion-wisdom-and-peace-suitable-for-daily-wear-pendant83","status":"publish","type":"product","link":"https:\/\/shop.yipinqian.com\/es\/producto\/semi-icy-natural-type-a-jadeite-pendant-carved-as-guanyin-with-certificate-weighs-23-87-grams-60-3-37-1-6-2-mm-represents-compassion-wisdom-and-peace-suitable-for-daily-wear-pendant83\/","title":{"rendered":"Colgante de jade\u00edta natural tipo A semihelado tallado como Guanyin con certificado pesa 23,87 gramos, 60,3 * 37,1 * 6,2 mm, representa la compasi\u00f3n, la sabidur\u00eda y la paz, adecuado para el uso diario (colgante83)"},"content":{"rendered":"<p>Este colgante de jade\u00edta natural tipo A semiglacial tallado como Guanyin representa la compasi\u00f3n, la sabidur\u00eda y la paz. Este colgante es adecuado para usar a diario y es un gran accesorio para combinar con cualquier atuendo.<\/p>\n<ul>\n<li><strong>Caracter\u00edsticas principales:<\/strong><\/li>\n<li>Peso: 23,87 gramos<\/li>\n<li>Medidas: 60,3*37,1*6,2 mm<\/li>\n<li>Tipo de jade: jade\u00edta<\/li>\n<li>Estilo del collar: Casual<\/li>\n<\/ul>\n<p>El Guanyin tallado en el colgante a\u00f1ade un toque de elegancia a su aspecto general.<\/p>\n<ul>\n<li><strong>Atributos del producto:<\/strong><\/li>\n<\/ul>\n<ul>\n<li>\n<strong>Certificado:<\/strong> S\u00ed, este producto viene con un certificado.<\/li>\n<\/ul>\n<p><strong>N\u00fameros de certificado: ZS24031902027<\/strong><\/p>\n<p><img fetchpriority=\"high\" decoding=\"async\" height=\"1080\" src=\"https:\/\/shop.yipinqian.com\/wp-content\/uploads\/2024\/10\/8b34d4873083108589eb3ab6a9080b6f.jpg?from=476444299\" width=\"1080\"><\/p>\n<ul>\n<li>\n<strong>Pa\u00edses de origen:<\/strong>Este producto es de Myanmar.<\/li>\n<li>\n<strong>Ocasi\u00f3n:<\/strong>Este colgante estilo collar se puede usar a diario o en ocasiones especiales, lo que lo hace vers\u00e1til para diferentes ocasiones.<\/li>\n<li>El jade utilizado en esta pieza de joyer\u00eda representa la Compasi\u00f3n, la Sabidur\u00eda y la Paz.<\/li>\n<li>Esta pieza viene sin ninguna garant\u00eda pero est\u00e1 fabricada con materiales de alta calidad que aseguran su durabilidad a lo largo de los a\u00f1os.<\/li>\n<li>Este colgante de jade estilo collar puede ser usado tanto por hombres como por mujeres, ya que tiene un dise\u00f1o unisex.<\/li>\n<\/ul>\n<p><img decoding=\"async\" height=\"1080\" src=\"https:\/\/shop.yipinqian.com\/wp-content\/uploads\/2024\/10\/1784b3ce7b052c93ebb0585b05bae042.jpg?from=476444299\" width=\"1080\"><\/p>\n<p>Yi Pin Qian \u2013 Comerciante de piedras preciosas y metales preciosos en Singapur \u2013 N\u00famero de licencia PS20190000031<\/p>\n<p>\u00a0<\/p>\n<p>*Todos los jade\u00edtas comprados a Yi Pin Qian en Singapur, los clientes pueden reservar espacios para pulirlos o hacer reparaciones menores por mal manejo; se aplican tarifas y solo para los clientes de Yi Pin Qian en Singapur*<\/p>\n<p>\u00a0<\/p>\n<p><strong>**Tipos de certificados**<\/strong><\/p>\n<p>\u00a0<\/p>\n<p><strong>NGI (Gemolog\u00eda Nan Yang)<\/strong><\/p>\n<p>o <strong>Certificados en el extranjero <\/strong>(Yi Pin Qian solo utiliza certificados aut\u00e9nticos de laboratorios extranjeros y tambi\u00e9n controla la calidad de cada uno de nuestros productos antes de ponerlos a la venta en SG)<\/p>\n<p>\u00a0<\/p>\n<p>Todos los productos de TikTok contar\u00e1n con el tipo de certificado que se indica en la descripci\u00f3n. Para cualquier cliente que desee enviar su pedido a NGI Singapur, habr\u00e1 un tiempo de espera para la entrega del pedido estimado de aproximadamente 4 semanas para recibirlo. <strong>Las solicitudes de informes de NGI Gemstone deben realizarse enviando un mensaje a la tienda TikTok de Yi Pin Qian.<\/strong> Gracias, <strong><u>Se aplican tarifas adicionales<\/u><\/strong>.<\/p>\n<p>\u00a0<\/p>\n<p><strong>La jade\u00edta natural no es perfecta, solo un peque\u00f1o recordatorio: nuestra jade\u00edta natural, como todas las cosas hermosas de la naturaleza, tiene sus caracter\u00edsticas y variaciones \u00fanicas. Invitamos a nuestros valiosos clientes a adoptar estas variaciones naturales. \u00a1Felices compras!<\/strong><\/p>\n<p>\u00a0<\/p>\n<p><strong><u>Ninguna de las fotograf\u00edas ni los v\u00eddeos han sido filtrados. Animamos a nuestros clientes a que vean tambi\u00e9n los v\u00eddeos adjuntos para tener una visi\u00f3n m\u00e1s completa de nuestros productos.<\/u><\/strong><\/p>","protected":false},"excerpt":{"rendered":"<p>This Semi Icy Natural Type A Jadeite Pendant carved as Guanyin represents Compassion, wisdom and peace. This pendant is suitable for daily wear and is a great accessory to go with any outfit. Key Features: Weight: 23.87 grams Measurements: 60.3 * 37.1 * 6.2 mm Jade Type: Jadeite Necklace Style: Casual The Guanyin carved on [&hellip;]<\/p>","protected":false},"featured_media":7789,"comment_status":"open","ping_status":"closed","template":"","meta":[],"product_brand":[],"product_cat":[194],"product_tag":[],"class_list":{"0":"post-1768","1":"product","2":"type-product","3":"status-publish","4":"has-post-thumbnail","6":"product_cat-value-picks","8":"first","9":"instock","10":"sale","11":"shipping-taxable","12":"purchasable","13":"product-type-simple"},"_links":{"self":[{"href":"https:\/\/shop.yipinqian.com\/es\/wp-json\/wp\/v2\/product\/1768","targetHints":{"allow":["GET"]}}],"collection":[{"href":"https:\/\/shop.yipinqian.com\/es\/wp-json\/wp\/v2\/product"}],"about":[{"href":"https:\/\/shop.yipinqian.com\/es\/wp-json\/wp\/v2\/types\/product"}],"replies":[{"embeddable":true,"href":"https:\/\/shop.yipinqian.com\/es\/wp-json\/wp\/v2\/comments?post=1768"}],"version-history":[{"count":0,"href":"https:\/\/shop.yipinqian.com\/es\/wp-json\/wp\/v2\/product\/1768\/revisions"}],"wp:featuredmedia":[{"embeddable":true,"href":"https:\/\/shop.yipinqian.com\/es\/wp-json\/wp\/v2\/media\/7789"}],"wp:attachment":[{"href":"https:\/\/shop.yipinqian.com\/es\/wp-json\/wp\/v2\/media?parent=1768"}],"wp:term":[{"taxonomy":"product_brand","embeddable":true,"href":"https:\/\/shop.yipinqian.com\/es\/wp-json\/wp\/v2\/product_brand?post=1768"},{"taxonomy":"product_cat","embeddable":true,"href":"https:\/\/shop.yipinqian.com\/es\/wp-json\/wp\/v2\/product_cat?post=1768"},{"taxonomy":"product_tag","embeddable":true,"href":"https:\/\/shop.yipinqian.com\/es\/wp-json\/wp\/v2\/product_tag?post=1768"}],"curies":[{"name":"wp","href":"https:\/\/api.w.org\/{rel}","templated":true}]}}