{"id":1765,"date":"2024-10-24T23:22:15","date_gmt":"2024-10-24T15:22:15","guid":{"rendered":"https:\/\/shop.yipinqian.com\/product\/semi-icy-natural-type-a-jadeite-jade-crafted-with-blessing-melon-as-pendant-adding-18k-gold-clasp-with-certificate-weigh-7-46-grams-measurement-36-3-14-5-8-3-mm-18kp30\/"},"modified":"2025-02-24T00:49:52","modified_gmt":"2025-02-23T16:49:52","slug":"semi-icy-natural-type-a-jadeite-jade-crafted-with-blessing-melon-as-pendant-adding-18k-gold-clasp-with-certificate-weigh-7-46-grams-measurement-36-3-14-5-8-3-mm-18kp30","status":"publish","type":"product","link":"https:\/\/shop.yipinqian.com\/es\/producto\/semi-icy-natural-type-a-jadeite-jade-crafted-with-blessing-melon-as-pendant-adding-18k-gold-clasp-with-certificate-weigh-7-46-grams-measurement-36-3-14-5-8-3-mm-18kp30\/","title":{"rendered":"Semi Icy Natural Type A Jadeite Jade crafted with Blessing Melon as Pendant adding 18k gold clasp with certificate weigh 7.46 grams, measurement 36.3 * 14.5 * 8.3 mm (18kp30)"},"content":{"rendered":"<p>This Semi Icy Natural Type A Jadeite Jade pendant is crafted with a Blessing Melon design, adding a touch of elegance to any outfit. The pendant comes with an <strong>18k gold clasp <\/strong>and <strong>Jadeite weighs 7.46 grams<\/strong>, measuring <strong>36.3 * 14.5 * 8.3 mm<\/strong> (18kp30).<\/p>\n<p>\u00a0<\/p>\n<p>Key Features: &#8211; Semi Icy Natural Type A Jadeite Jade &#8211; Blessing Melon Design &#8211; Comes with Certificate &#8211; Weighs 7.46 grams &#8211; Measurement: 36.3 *14 .5 *8 .3 mm (18kp30)<\/p>\n<p>\u00a0<\/p>\n<p>Certificate numbers: 911289015154<\/p>\n<p>\u00a0<\/p>\n<p>This pendant is crafted from high-quality natural jadeite from Myanmar and features a stunning design that adds to its auspicious aura.The necklace style of this piece is casual, making it perfect for everyday wear by both men and women. Key Attributes:<\/p>\n<ul>\n<li>Con Certificado: Si<\/li>\n<li>Material secundario: Diamante<\/li>\n<li>Material de la montura: oro de 1 quilate<\/li>\n<li>Pa\u00eds de origen: Myanmar<\/li>\n<li>Ocasi\u00f3n: Auspicioso<\/li>\n<li>Warranty Type : No<\/li>\n<li>,<\/li>\n<li>Jade Type :Jadeite , Genger :Unisex<\/li>\n<\/ul>\n<p>Overall, this jade necklace makes for an excellent gift or personal accessory that exudes elegance and sophistication in any setting!<\/p>\n<p>\u00a0<\/p>\n<p><strong>La jade\u00edta natural no es perfecta, solo un peque\u00f1o recordatorio: nuestra jade\u00edta natural, como todas las cosas hermosas de la naturaleza, tiene sus caracter\u00edsticas y variaciones \u00fanicas. Invitamos a nuestros valiosos clientes a adoptar estas variaciones naturales. \u00a1Felices compras!<\/strong><\/p>\n<p>\u00a0<\/p>\n<p><strong><u>Ninguna de las fotograf\u00edas ni los v\u00eddeos han sido filtrados. Animamos a nuestros clientes a que vean tambi\u00e9n los v\u00eddeos adjuntos para tener una visi\u00f3n m\u00e1s completa de nuestros productos.<\/u><\/strong><\/p>","protected":false},"excerpt":{"rendered":"<p>This Semi Icy Natural Type A Jadeite Jade pendant is crafted with a Blessing Melon design, adding a touch of elegance to any outfit. The pendant comes with an 18k gold clasp and Jadeite weighs 7.46 grams, measuring 36.3 * 14.5 * 8.3 mm (18kp30). \u00a0 Key Features: &#8211; Semi Icy Natural Type A Jadeite [&hellip;]<\/p>","protected":false},"featured_media":7760,"comment_status":"open","ping_status":"closed","template":"","meta":[],"product_brand":[],"product_cat":[194],"product_tag":[],"class_list":{"0":"post-1765","1":"product","2":"type-product","3":"status-publish","4":"has-post-thumbnail","6":"product_cat-value-picks","8":"first","9":"instock","10":"sale","11":"shipping-taxable","12":"purchasable","13":"product-type-simple"},"_links":{"self":[{"href":"https:\/\/shop.yipinqian.com\/es\/wp-json\/wp\/v2\/product\/1765","targetHints":{"allow":["GET"]}}],"collection":[{"href":"https:\/\/shop.yipinqian.com\/es\/wp-json\/wp\/v2\/product"}],"about":[{"href":"https:\/\/shop.yipinqian.com\/es\/wp-json\/wp\/v2\/types\/product"}],"replies":[{"embeddable":true,"href":"https:\/\/shop.yipinqian.com\/es\/wp-json\/wp\/v2\/comments?post=1765"}],"version-history":[{"count":0,"href":"https:\/\/shop.yipinqian.com\/es\/wp-json\/wp\/v2\/product\/1765\/revisions"}],"wp:featuredmedia":[{"embeddable":true,"href":"https:\/\/shop.yipinqian.com\/es\/wp-json\/wp\/v2\/media\/7760"}],"wp:attachment":[{"href":"https:\/\/shop.yipinqian.com\/es\/wp-json\/wp\/v2\/media?parent=1765"}],"wp:term":[{"taxonomy":"product_brand","embeddable":true,"href":"https:\/\/shop.yipinqian.com\/es\/wp-json\/wp\/v2\/product_brand?post=1765"},{"taxonomy":"product_cat","embeddable":true,"href":"https:\/\/shop.yipinqian.com\/es\/wp-json\/wp\/v2\/product_cat?post=1765"},{"taxonomy":"product_tag","embeddable":true,"href":"https:\/\/shop.yipinqian.com\/es\/wp-json\/wp\/v2\/product_tag?post=1765"}],"curies":[{"name":"wp","href":"https:\/\/api.w.org\/{rel}","templated":true}]}}