{"id":1764,"date":"2024-10-24T23:22:14","date_gmt":"2024-10-24T15:22:14","guid":{"rendered":"https:\/\/shop.yipinqian.com\/product\/semi-icy-milo-buddha-natural-type-a-jadeite-pendant-with-certificate-weighs-13-87-grams-44-2-26-5-8-1-mm-milo-represent-the-strength-that-can-tolerate-the-things-of-the-world-represents-the-mind-that\/"},"modified":"2025-02-24T00:49:52","modified_gmt":"2025-02-23T16:49:52","slug":"semi-icy-milo-buddha-natural-type-a-jadeite-pendant-with-certificate-weighs-13-87-grams-44-2-26-5-8-1-mm-milo-represent-the-strength-that-can-tolerate-the-things-of-the-world-represents-the-mind-that","status":"publish","type":"product","link":"https:\/\/shop.yipinqian.com\/es\/producto\/semi-icy-milo-buddha-natural-type-a-jadeite-pendant-with-certificate-weighs-13-87-grams-44-2-26-5-8-1-mm-milo-represent-the-strength-that-can-tolerate-the-things-of-the-world-represents-the-mind-that\/","title":{"rendered":"Semi Icy Milo Buddha Natural Type A Jadeite Pendant with certificate weighs 13.87 grams, 44.2 * 26.5 * 8.1 mm, milo represent The strength that can tolerate the things of the world represents the mind that can solve a thousand sorrows (pendant85)"},"content":{"rendered":"<p>This Semi Icy Milo Buddha Natural Type A Jadeite Pendant is a beautiful addition to any jewelry collection. It comes with a certificate and weighs 13.87 grams with dimensions of 44.2 * 26.5 * 8.1 mm, making it the perfect size for everyday wear.<\/p>\n<ul>\n<li>\n<strong>Strength and Mind:<\/strong> The milo design on this pendant represents strength that can tolerate the things of the world, while also representing a mind that can solve a thousand sorrows.<\/li>\n<li>\n<strong>Jade\u00edta:<\/strong> Made from Type A Jadeite, this pendant is not only beautiful but also durable.<\/li>\n<li>\n<strong>Estilo casual:<\/strong> The necklace style of this pendant is casual, making it perfect for daily wear or to add an elegant touch to any outfit.<\/li>\n<\/ul>\n<p>This Pendant originates from Myanmar and makes for an excellent unisex daily accessory that represents both strength and mindfulness in one beautifully crafted piece of jewelry!<\/p>\n<p>\u00a0<\/p>\n<p><strong>Certificate numbers: GD2106H016350<\/strong><\/p>\n<p><img fetchpriority=\"high\" decoding=\"async\" height=\"1080\" src=\"https:\/\/shop.yipinqian.com\/wp-content\/uploads\/2024\/10\/3eaf8f0a736fdcae5281316634001ee2.jpg?from=476444299\" width=\"1080\"><img decoding=\"async\" height=\"1080\" src=\"https:\/\/shop.yipinqian.com\/wp-content\/uploads\/2024\/10\/83b130aa3d85bff4f0d011e4a34ff1b1.jpg?from=476444299\" width=\"1080\"><\/p>\n<p>Yi Pin Qian \u2013 Comerciante de piedras preciosas y metales preciosos en Singapur \u2013 N\u00famero de licencia PS20190000031<\/p>\n<p>\u00a0<\/p>\n<p>*Todos los jade\u00edtas comprados a Yi Pin Qian en Singapur, los clientes pueden reservar espacios para pulirlos o hacer reparaciones menores por mal manejo; se aplican tarifas y solo para los clientes de Yi Pin Qian en Singapur*<\/p>\n<p>\u00a0<\/p>\n<p><strong>**Tipos de certificados**<\/strong><\/p>\n<p>\u00a0<\/p>\n<p><strong>NGI (Gemolog\u00eda Nan Yang)<\/strong><\/p>\n<p>o <strong>Certificados en el extranjero <\/strong>(Yi Pin Qian solo utiliza certificados aut\u00e9nticos de laboratorios extranjeros y tambi\u00e9n controla la calidad de cada uno de nuestros productos antes de ponerlos a la venta en SG)<\/p>\n<p>\u00a0<\/p>\n<p>Todos los productos de TikTok contar\u00e1n con el tipo de certificado que se indica en la descripci\u00f3n. Para cualquier cliente que desee enviar su pedido a NGI Singapur, habr\u00e1 un tiempo de espera para la entrega del pedido estimado de aproximadamente 4 semanas para recibirlo. <strong>Las solicitudes de informes de NGI Gemstone deben realizarse enviando un mensaje a la tienda TikTok de Yi Pin Qian.<\/strong> Gracias, <strong><u>Se aplican tarifas adicionales<\/u><\/strong>.<\/p>\n<p>\u00a0<\/p>\n<p><strong>La jade\u00edta natural no es perfecta, solo un peque\u00f1o recordatorio: nuestra jade\u00edta natural, como todas las cosas hermosas de la naturaleza, tiene sus caracter\u00edsticas y variaciones \u00fanicas. Invitamos a nuestros valiosos clientes a adoptar estas variaciones naturales. \u00a1Felices compras!<\/strong><\/p>\n<p>\u00a0<\/p>\n<p><strong><u>Ninguna de las fotograf\u00edas ni los v\u00eddeos han sido filtrados. Animamos a nuestros clientes a que vean tambi\u00e9n los v\u00eddeos adjuntos para tener una visi\u00f3n m\u00e1s completa de nuestros productos.<\/u><\/strong><\/p>","protected":false},"excerpt":{"rendered":"<p>This Semi Icy Milo Buddha Natural Type A Jadeite Pendant is a beautiful addition to any jewelry collection. It comes with a certificate and weighs 13.87 grams with dimensions of 44.2 * 26.5 * 8.1 mm, making it the perfect size for everyday wear. Strength and Mind: The milo design on this pendant represents strength [&hellip;]<\/p>","protected":false},"featured_media":7752,"comment_status":"open","ping_status":"closed","template":"","meta":[],"product_brand":[],"product_cat":[194],"product_tag":[],"class_list":{"0":"post-1764","1":"product","2":"type-product","3":"status-publish","4":"has-post-thumbnail","6":"product_cat-value-picks","8":"first","9":"instock","10":"sale","11":"shipping-taxable","12":"purchasable","13":"product-type-simple"},"_links":{"self":[{"href":"https:\/\/shop.yipinqian.com\/es\/wp-json\/wp\/v2\/product\/1764","targetHints":{"allow":["GET"]}}],"collection":[{"href":"https:\/\/shop.yipinqian.com\/es\/wp-json\/wp\/v2\/product"}],"about":[{"href":"https:\/\/shop.yipinqian.com\/es\/wp-json\/wp\/v2\/types\/product"}],"replies":[{"embeddable":true,"href":"https:\/\/shop.yipinqian.com\/es\/wp-json\/wp\/v2\/comments?post=1764"}],"version-history":[{"count":0,"href":"https:\/\/shop.yipinqian.com\/es\/wp-json\/wp\/v2\/product\/1764\/revisions"}],"wp:featuredmedia":[{"embeddable":true,"href":"https:\/\/shop.yipinqian.com\/es\/wp-json\/wp\/v2\/media\/7752"}],"wp:attachment":[{"href":"https:\/\/shop.yipinqian.com\/es\/wp-json\/wp\/v2\/media?parent=1764"}],"wp:term":[{"taxonomy":"product_brand","embeddable":true,"href":"https:\/\/shop.yipinqian.com\/es\/wp-json\/wp\/v2\/product_brand?post=1764"},{"taxonomy":"product_cat","embeddable":true,"href":"https:\/\/shop.yipinqian.com\/es\/wp-json\/wp\/v2\/product_cat?post=1764"},{"taxonomy":"product_tag","embeddable":true,"href":"https:\/\/shop.yipinqian.com\/es\/wp-json\/wp\/v2\/product_tag?post=1764"}],"curies":[{"name":"wp","href":"https:\/\/api.w.org\/{rel}","templated":true}]}}