{"id":1762,"date":"2024-10-24T23:22:12","date_gmt":"2024-10-24T15:22:12","guid":{"rendered":"https:\/\/shop.yipinqian.com\/product\/semi-icy-lavender-with-green-natural-type-a-jadeite-jade-crafted-with-bamboo-and-lizard-as-pendant-certificate-weigh-43-34-grams-measurement-64-3-30-5-10-mm-pendant196\/"},"modified":"2025-02-24T01:17:27","modified_gmt":"2025-02-23T17:17:27","slug":"semi-icy-lavender-with-green-natural-type-a-jadeite-jade-crafted-with-bamboo-and-lizard-as-pendant-certificate-weigh-43-34-grams-measurement-64-3-30-5-10-mm-pendant196","status":"publish","type":"product","link":"https:\/\/shop.yipinqian.com\/es\/producto\/semi-icy-lavender-with-green-natural-type-a-jadeite-jade-crafted-with-bamboo-and-lizard-as-pendant-certificate-weigh-43-34-grams-measurement-64-3-30-5-10-mm-pendant196\/","title":{"rendered":"Colgante de jade\u00edta natural tipo A de color lavanda semihelado con verde elaborado con bamb\u00fa y lagarto, certificado con un peso de 43,34 gramos y una medida de 64,3 x 30,5 x 10 mm (colgante 196)"},"content":{"rendered":"<p>Este colgante de jade\u00edta natural tipo A en tonos lavanda semiglacial y verde es una incorporaci\u00f3n sorprendente a cualquier colecci\u00f3n de joyas. Mide 64,3 x 30,5 x 10 mm y est\u00e1 elaborado con bamb\u00fa y lagarto para lograr un dise\u00f1o \u00fanico y llamativo.<\/p>\n<p>\u00a0<\/p>\n<p><strong>N\u00fameros de certificado: 920460036863<\/strong><\/p>\n<ul>\n<li>\n<strong>Maravillosamente \u00fanico:<\/strong> El jade lavanda semi helado y el jade\u00edta verde crean una combinaci\u00f3n de colores \u00fanica que seguramente llamar\u00e1 la atenci\u00f3n.<\/li>\n<li>\n<strong>Certificado incluido:<\/strong> Este colgante viene con certificaci\u00f3n, con un peso de 43,34 gramos, por lo que puedes estar seguro de su autenticidad.<\/li>\n<li>\n<strong>Dise\u00f1o duradero:<\/strong> Este colgante, elaborado por expertos con materiales de alta calidad, est\u00e1 hecho para durar, lo que lo convierte en el complemento perfecto para su colecci\u00f3n en los a\u00f1os venideros.<\/li>\n<\/ul>\n<p>Este colgante unisex, fabricado en Myanmar con jade\u00edta natural tipo A, es perfecto para llevar con ropa informal o como pieza llamativa en ocasiones especiales. Sin ning\u00fan tipo de garant\u00eda especificado, puedes confiar en la calidad duradera de esta exquisita pieza sin preocuparte por ning\u00fan coste oculto o sorpresa en el camino.<\/p>\n<p>\u00a0<\/p>\n<p>Yi Pin Qian \u2013 Comerciante de piedras preciosas y metales preciosos en Singapur \u2013 N\u00famero de licencia PS20190000031<\/p>\n<p>\u00a0<\/p>\n<p>*Todos los jade\u00edtas comprados a Yi Pin Qian en Singapur, los clientes pueden reservar espacios para pulirlos o hacer reparaciones menores por mal manejo; se aplican tarifas y solo para los clientes de Yi Pin Qian en Singapur*<\/p>\n<p>\u00a0<\/p>\n<p><strong>**Tipos de certificados**<\/strong><\/p>\n<p>\u00a0<\/p>\n<p><strong>NGI (Gemolog\u00eda Nan Yang)<\/strong><\/p>\n<p>o <strong>Certificados en el extranjero <\/strong>(Yi Pin Qian solo utiliza certificados aut\u00e9nticos de laboratorios extranjeros y tambi\u00e9n controla la calidad de cada uno de nuestros productos antes de ponerlos a la venta en SG)<\/p>\n<p>\u00a0<\/p>\n<p>Todos los productos de TikTok contar\u00e1n con el tipo de certificado que se indica en la descripci\u00f3n. Para cualquier cliente que desee enviar su pedido a NGI Singapur, habr\u00e1 un tiempo de espera para la entrega del pedido estimado de aproximadamente 4 semanas para recibirlo. <strong>Las solicitudes de informes de NGI Gemstone deben realizarse enviando un mensaje a la tienda TikTok de Yi Pin Qian.<\/strong> Gracias, <strong><u>Se aplican tarifas adicionales<\/u><\/strong>.<\/p>\n<p>\u00a0<\/p>\n<p><strong>La jade\u00edta natural no es perfecta, solo un peque\u00f1o recordatorio: nuestra jade\u00edta natural, como todas las cosas hermosas de la naturaleza, tiene sus caracter\u00edsticas y variaciones \u00fanicas. Invitamos a nuestros valiosos clientes a adoptar estas variaciones naturales. \u00a1Felices compras!<\/strong><\/p>\n<p>\u00a0<\/p>\n<p><strong><u>Ninguna de las fotograf\u00edas ni los v\u00eddeos han sido filtrados. Animamos a nuestros clientes a que vean tambi\u00e9n los v\u00eddeos adjuntos para tener una visi\u00f3n m\u00e1s completa de nuestros productos.<\/u><\/strong><\/p>\n<p>\u00a0<\/p>\n<p>.<\/p>","protected":false},"excerpt":{"rendered":"<p>This Semi Icy Lavender with green Natural Type A Jadeite Jade Pendant is a stunning addition to any jewelry collection. Measuring 64.3 * 30.5 * 10 mm, it&#8217;s crafted with Bamboo and lizard for a unique and eye-catching design. \u00a0 Certificate numbers: 920460036863 Beautifully Unique: The semi icy lavender and green jadeite jade create a [&hellip;]<\/p>","protected":false},"featured_media":7740,"comment_status":"open","ping_status":"closed","template":"","meta":[],"product_brand":[],"product_cat":[195],"product_tag":[],"class_list":{"0":"post-1762","1":"product","2":"type-product","3":"status-publish","4":"has-post-thumbnail","6":"product_cat-heirloom-grade","8":"first","9":"instock","10":"sale","11":"shipping-taxable","12":"purchasable","13":"product-type-simple"},"_links":{"self":[{"href":"https:\/\/shop.yipinqian.com\/es\/wp-json\/wp\/v2\/product\/1762","targetHints":{"allow":["GET"]}}],"collection":[{"href":"https:\/\/shop.yipinqian.com\/es\/wp-json\/wp\/v2\/product"}],"about":[{"href":"https:\/\/shop.yipinqian.com\/es\/wp-json\/wp\/v2\/types\/product"}],"replies":[{"embeddable":true,"href":"https:\/\/shop.yipinqian.com\/es\/wp-json\/wp\/v2\/comments?post=1762"}],"version-history":[{"count":0,"href":"https:\/\/shop.yipinqian.com\/es\/wp-json\/wp\/v2\/product\/1762\/revisions"}],"wp:featuredmedia":[{"embeddable":true,"href":"https:\/\/shop.yipinqian.com\/es\/wp-json\/wp\/v2\/media\/7740"}],"wp:attachment":[{"href":"https:\/\/shop.yipinqian.com\/es\/wp-json\/wp\/v2\/media?parent=1762"}],"wp:term":[{"taxonomy":"product_brand","embeddable":true,"href":"https:\/\/shop.yipinqian.com\/es\/wp-json\/wp\/v2\/product_brand?post=1762"},{"taxonomy":"product_cat","embeddable":true,"href":"https:\/\/shop.yipinqian.com\/es\/wp-json\/wp\/v2\/product_cat?post=1762"},{"taxonomy":"product_tag","embeddable":true,"href":"https:\/\/shop.yipinqian.com\/es\/wp-json\/wp\/v2\/product_tag?post=1762"}],"curies":[{"name":"wp","href":"https:\/\/api.w.org\/{rel}","templated":true}]}}