{"id":1761,"date":"2024-10-24T23:22:11","date_gmt":"2024-10-24T15:22:11","guid":{"rendered":"https:\/\/shop.yipinqian.com\/product\/semi-icy-good-translucent-natural-type-a-jadeite-jade-crafted-as-buddha-set-on-s925-and-sandalwood-as-pendant-certificate-weighs-31-79-grams-measurement-60-3-37-1-21-1-mm-s925p2\/"},"modified":"2025-02-24T00:49:52","modified_gmt":"2025-02-23T16:49:52","slug":"semi-icy-good-translucent-natural-type-a-jadeite-jade-crafted-as-buddha-set-on-s925-and-sandalwood-as-pendant-certificate-weighs-31-79-grams-measurement-60-3-37-1-21-1-mm-s925p2","status":"publish","type":"product","link":"https:\/\/shop.yipinqian.com\/es\/producto\/semi-icy-good-translucent-natural-type-a-jadeite-jade-crafted-as-buddha-set-on-s925-and-sandalwood-as-pendant-certificate-weighs-31-79-grams-measurement-60-3-37-1-21-1-mm-s925p2\/","title":{"rendered":"Jade\u00edta natural semi helada transl\u00facida tipo A elaborada como Buda engastada en S925 y s\u00e1ndalo como colgante, certificado pesa 31,79 gramos, medida 60,3 * 37,1 * 21,1 mm (s925p2)"},"content":{"rendered":"<article class=\"lzd-article\">\n<p style=\"line-height:1.7;text-align:left;text-indent:0;margin-left:0;margin-top:0;margin-bottom:0\"><span><\/span><\/p>\n<p style=\"line-height:1.7;text-align:left;text-indent:0;margin-left:0;margin-top:0;margin-bottom:0\"><span>This exquisite pendant features a Semi Icy Good Translucent Natural Type A Jadeite Jade crafted as Buddha, set on S925 and Sandalwood, creating a unique and meaningful piece of jewelry.<\/span><\/p>\n<p style=\"line-height:1.7;text-align:left;text-indent:0;margin-left:0;margin-top:0;margin-bottom:0\"><span><\/span><\/p>\n<p style=\"line-height:1.7;text-align:left;text-indent:0;margin-left:0;margin-top:0;margin-bottom:0\"><span>Certificate numbers: ZJSL24032700962<\/span><\/p>\n<p style=\"line-height:1.7;text-align:left;text-indent:0;margin-left:0;margin-top:0;margin-bottom:0\"><span>S925 Silver weighs 6.58 grams<\/span><\/p>\n<p style=\"line-height:1.7;text-align:left;text-indent:0;margin-left:0;margin-top:0;margin-bottom:0\"><span>Buddha Jadeite weighs 6.09 grams \/ 28.5 * 15.5 * 8.5 mm<\/span><\/p>\n<p style=\"line-height:1.7;text-align:left;text-indent:0;margin-left:0;margin-top:0;margin-bottom:0\"><span>Overall Measurement: 60.3 * 37.1 * 21.1 mm<\/span><\/p>\n<p style=\"line-height:1.7;text-align:left;text-indent:0;margin-left:0;margin-top:0;margin-bottom:0\"><span><\/span><\/p>\n<p style=\"line-height:1.7;text-align:left;text-indent:0;margin-left:0;margin-top:0;margin-bottom:0\"><span>Note: No paint was added to Sandalwood <\/span><\/p>\n<p style=\"line-height:1.7;text-align:left;text-indent:0;margin-left:0;margin-top:0;margin-bottom:0\"><span><\/span><\/p>\n<p style=\"line-height:1.7;text-align:left;text-indent:0;margin-left:0;margin-top:0;margin-bottom:0\"><span><\/span><img decoding=\"async\" src=\"https:\/\/shop.yipinqian.com\/wp-content\/uploads\/2024\/10\/1b14d4edb6ee02913b94d9088a0de6a5.jpg\" style=\"width:832px;height:832px;vertical-align:middle\"><span><\/span><\/p>\n<p style=\"line-height:1.7;text-align:left;text-indent:0;margin-left:0;margin-top:0;margin-bottom:0\"><span><\/span><\/p>\n<p style=\"line-height:1.7;text-align:left;text-indent:0;margin-left:0;margin-top:0;margin-bottom:0\"><span><\/span><\/p>\n<ul>\n<li>\n<div style=\"line-height:1.7;text-align:left;text-indent:0\">\n<span style=\"font-weight:bold\">Chain<\/span><span> &#8211; Papua Tribute Wood 6mm<\/span>\n<\/div>\n<\/li>\n<li>\n<div style=\"line-height:1.7;text-align:left;text-indent:0\">\n<span style=\"font-weight:bold\">Material:<\/span><span> The pendant is crafted with high-quality S925 silver and genuine Sandalwood for a luxurious finish.<\/span>\n<\/div>\n<\/li>\n<li>\n<div style=\"line-height:1.7;text-align:left;text-indent:0\">\n<span style=\"font-weight:bold\">Certificado:<\/span><span> This beautiful necklace comes with a certificate to guarantee the authenticity of the jade.<\/span>\n<\/div>\n<\/li>\n<li>\n<div style=\"line-height:1.7;text-align:left;text-indent:0\">\n<span style=\"font-weight:bold\">Medici\u00f3n:<\/span><span> The pendant weighs 31.79 grams and measures 60.3 * 37.1 * 21.1 mm, making it a substantial yet elegant accessory.<\/span>\n<\/div>\n<\/li>\n<\/ul>\n<p style=\"line-height:1.7;text-align:left;text-indent:0;margin-left:0;margin-top:0;margin-bottom:0\"><span>This stunning piece is perfect for both men and women, adding an auspicious touch to any occasion with its symbolic Buddha design.<\/span><\/p>\n<ul>\n<li>\n<div style=\"line-height:1.7;text-align:left;text-indent:0\">\n<span style=\"font-weight:bold\">Tipo de jade:<\/span><span> Made from high-quality Jadeite jade, known for its beauty and durability.<\/span>\n<\/div>\n<\/li>\n<li>\n<div style=\"line-height:1.7;text-align:left;text-indent:0\">\n<span style=\"font-weight:bold\">Estilo del collar:<\/span><span> The casual style of this necklace makes it versatile for everyday wear or special events<\/span>\n<\/div>\n<\/li>\n<\/ul>\n<p style=\"line-height:1.7;text-align:left;text-indent:0;margin-left:0;margin-top:0;margin-bottom:0\"><span><\/span><\/p>\n<p style=\"line-height:1.7;text-align:left;text-indent:0;margin-left:0;margin-top:0;margin-bottom:0\"><span style=\"font-weight:bold\">Wood<\/span><span> \/ <\/span><span style=\"font-weight:bold\">La jade\u00edta natural no es perfecta, solo un peque\u00f1o recordatorio: nuestra jade\u00edta natural, como todas las cosas hermosas de la naturaleza, tiene sus caracter\u00edsticas y variaciones \u00fanicas. Invitamos a nuestros valiosos clientes a adoptar estas variaciones naturales. \u00a1Felices compras!<\/span><\/p>\n<p style=\"line-height:1.7;text-align:left;text-indent:0;margin-left:0;margin-top:0;margin-bottom:0\"><span><\/span><\/p>\n<p style=\"line-height:1.7;text-align:left;text-indent:0;margin-left:0;margin-top:0;margin-bottom:0\"><span style=\"font-weight:bold;text-decoration:underline\">Ninguna de las fotograf\u00edas ni los v\u00eddeos han sido filtrados. Animamos a nuestros clientes a que vean tambi\u00e9n los v\u00eddeos adjuntos para tener una visi\u00f3n m\u00e1s completa de nuestros productos.<\/span><\/p>\n<p style=\"line-height:1.7;text-align:left;text-indent:0;margin-left:0;margin-top:0;margin-bottom:0\"><span><\/span><\/p>\n<p style=\"line-height:1.7;text-align:left;text-indent:0;margin-left:0;margin-top:0;margin-bottom:0\"><span>.<\/span><\/p>\n<p style=\"line-height:1.7;text-align:left;text-indent:0;margin-left:0;margin-top:0;margin-bottom:0\"><span><\/span><\/p>\n<\/article>","protected":false},"excerpt":{"rendered":"<p>Este exquisito colgante presenta un jade\u00edta natural transl\u00facido tipo A semiglacial elaborado como Buda, engarzado en plata S925 y s\u00e1ndalo, creando una pieza de joyer\u00eda \u00fanica y significativa. N\u00fameros de certificado: ZJSL24032700962 La plata S925 pesa 6,58 gramos La jade\u00edta de Buda pesa 6,09 gramos \/ 28,5 * 15,5 * 8,5 mm Medida general: 60,3 * 37,1 [\u2026]<\/p>","protected":false},"featured_media":7723,"comment_status":"open","ping_status":"closed","template":"","meta":[],"product_brand":[],"product_cat":[194],"product_tag":[],"class_list":{"0":"post-1761","1":"product","2":"type-product","3":"status-publish","4":"has-post-thumbnail","6":"product_cat-value-picks","8":"first","9":"instock","10":"sale","11":"shipping-taxable","12":"purchasable","13":"product-type-simple"},"_links":{"self":[{"href":"https:\/\/shop.yipinqian.com\/es\/wp-json\/wp\/v2\/product\/1761","targetHints":{"allow":["GET"]}}],"collection":[{"href":"https:\/\/shop.yipinqian.com\/es\/wp-json\/wp\/v2\/product"}],"about":[{"href":"https:\/\/shop.yipinqian.com\/es\/wp-json\/wp\/v2\/types\/product"}],"replies":[{"embeddable":true,"href":"https:\/\/shop.yipinqian.com\/es\/wp-json\/wp\/v2\/comments?post=1761"}],"version-history":[{"count":0,"href":"https:\/\/shop.yipinqian.com\/es\/wp-json\/wp\/v2\/product\/1761\/revisions"}],"wp:featuredmedia":[{"embeddable":true,"href":"https:\/\/shop.yipinqian.com\/es\/wp-json\/wp\/v2\/media\/7723"}],"wp:attachment":[{"href":"https:\/\/shop.yipinqian.com\/es\/wp-json\/wp\/v2\/media?parent=1761"}],"wp:term":[{"taxonomy":"product_brand","embeddable":true,"href":"https:\/\/shop.yipinqian.com\/es\/wp-json\/wp\/v2\/product_brand?post=1761"},{"taxonomy":"product_cat","embeddable":true,"href":"https:\/\/shop.yipinqian.com\/es\/wp-json\/wp\/v2\/product_cat?post=1761"},{"taxonomy":"product_tag","embeddable":true,"href":"https:\/\/shop.yipinqian.com\/es\/wp-json\/wp\/v2\/product_tag?post=1761"}],"curies":[{"name":"wp","href":"https:\/\/api.w.org\/{rel}","templated":true}]}}