{"id":1760,"date":"2024-10-24T23:22:11","date_gmt":"2024-10-24T15:22:11","guid":{"rendered":"https:\/\/shop.yipinqian.com\/product\/semi-icy-good-translucency-green-natural-type-a-jadeite-pendant-necklace-crafted-as-the-parrot-symbols-of-wise-and-brave-heroic-and-mighty-with-certificate-weigh-10-82-grams-57-8-16-3-7-1-mm-pendant24\/"},"modified":"2025-02-17T00:04:16","modified_gmt":"2025-02-16T16:04:16","slug":"semi-icy-good-translucency-green-natural-type-a-jadeite-pendant-necklace-crafted-as-the-parrot-symbols-of-wise-and-brave-heroic-and-mighty-with-certificate-weigh-10-82-grams-57-8-16-3-7-1-mm-pendant24","status":"publish","type":"product","link":"https:\/\/shop.yipinqian.com\/es\/producto\/semi-icy-good-translucency-green-natural-type-a-jadeite-pendant-necklace-crafted-as-the-parrot-symbols-of-wise-and-brave-heroic-and-mighty-with-certificate-weigh-10-82-grams-57-8-16-3-7-1-mm-pendant24\/","title":{"rendered":"Semi Icy Good Translucency Green Natural Type A Jadeite Pendant Necklace crafted as the parrot, symbols of Wise and brave, heroic and mighty, with certificate weigh 10.82 grams, 57.8 * 16.3 * 7.1 mm (pendant24)"},"content":{"rendered":"<p>This Semi Icy Good Translucency Green Natural Type A Jadeite Pendant Necklace is a true work of art, crafted in the shape of a parrot, symbolizing wisdom, bravery, heroism and mightiness.<\/p>\n<ul>\n<li>\n<strong>Autenticidad:<\/strong> This necklace comes with a certificate of authenticity for your peace of mind.<\/li>\n<\/ul>\n<p><strong>Certificate numbers: GD2203H013625<\/strong><\/p>\n<p><img fetchpriority=\"high\" decoding=\"async\" height=\"1080\" src=\"https:\/\/shop.yipinqian.com\/wp-content\/uploads\/2024\/10\/02ca4b028a0c3d9ec0768370d6efabc2.jpg?from=476444299\" width=\"1080\"><\/p>\n<ul>\n<li>\n<strong>Calidad:<\/strong> Made with high-quality natural Type A Jadeite that boasts semi icy good translucency and green hue.<\/li>\n<li><strong>Jadeite Origin Myanmar <\/strong><\/li>\n<\/ul>\n<p>The pendant measures 57.8 * 16.3 * 7.1 mm and weighs only 10.82 grams for comfortable wear throughout the day on any occasion.<\/p>\n<ul>\n<li>\n<strong>Goes well with any outfit:<\/strong> The casual style makes it perfect to wear on any occasion or complement your daily outfit effortlessly.<\/li>\n<li>\n<strong>Goes well for anyone<\/strong>: It&#8217;s unisex design makes it an ideal gift option that can be presented to anyone regardless their gender or age group.<\/li>\n<\/ul>\n<p>This Semi Icy Good Translucency Green Natural Type A Jadeite Pendant Necklace is an investment-worthy piece that&#8217;s sure to become a treasured addition to your jewelry collection!<\/p>\n<p>\u00a0<\/p>\n<p>Yi Pin Qian \u2013 Comerciante de piedras preciosas y metales preciosos en Singapur \u2013 N\u00famero de licencia PS20190000031<\/p>\n<p>\u00a0<\/p>\n<p>*Todos los jade\u00edtas comprados a Yi Pin Qian en Singapur, los clientes pueden reservar espacios para pulirlos o hacer reparaciones menores por mal manejo; se aplican tarifas y solo para los clientes de Yi Pin Qian en Singapur*<\/p>\n<p>\u00a0<\/p>\n<p><strong>**Tipos de certificados**<\/strong><\/p>\n<p>\u00a0<\/p>\n<p><strong>NGI (Gemolog\u00eda Nan Yang)<\/strong><\/p>\n<p>o <strong>Certificados en el extranjero <\/strong>(Yi Pin Qian solo utiliza certificados aut\u00e9nticos de laboratorios extranjeros y tambi\u00e9n controla la calidad de cada uno de nuestros productos antes de ponerlos a la venta en SG)<\/p>\n<p>\u00a0<\/p>\n<p>Todos los productos de TikTok contar\u00e1n con el tipo de certificado que se indica en la descripci\u00f3n. Para cualquier cliente que desee enviar su pedido a NGI Singapur, habr\u00e1 un tiempo de espera para la entrega del pedido estimado de aproximadamente 4 semanas para recibirlo. <strong>Las solicitudes de informes de NGI Gemstone deben realizarse enviando un mensaje a la tienda TikTok de Yi Pin Qian.<\/strong> Gracias, <strong><u>Se aplican tarifas adicionales<\/u><\/strong>.<\/p>\n<p>\u00a0<\/p>\n<p><strong>La jade\u00edta natural no es perfecta, solo un peque\u00f1o recordatorio: nuestra jade\u00edta natural, como todas las cosas hermosas de la naturaleza, tiene sus caracter\u00edsticas y variaciones \u00fanicas. Invitamos a nuestros valiosos clientes a adoptar estas variaciones naturales. \u00a1Felices compras!<\/strong><\/p>\n<p>\u00a0<\/p>\n<p><strong><u>Ninguna de las fotograf\u00edas ni los v\u00eddeos han sido filtrados. Animamos a nuestros clientes a que vean tambi\u00e9n los v\u00eddeos adjuntos para tener una visi\u00f3n m\u00e1s completa de nuestros productos.<\/u><\/strong><\/p>","protected":false},"excerpt":{"rendered":"<p>This Semi Icy Good Translucency Green Natural Type A Jadeite Pendant Necklace is a true work of art, crafted in the shape of a parrot, symbolizing wisdom, bravery, heroism and mightiness. Authenticity: This necklace comes with a certificate of authenticity for your peace of mind. Certificate numbers: GD2203H013625 Quality: Made with high-quality natural Type A [&hellip;]<\/p>","protected":false},"featured_media":7713,"comment_status":"open","ping_status":"closed","template":"","meta":[],"product_brand":[],"product_cat":[48],"product_tag":[],"class_list":{"0":"post-1760","1":"product","2":"type-product","3":"status-publish","4":"has-post-thumbnail","6":"product_cat-pendants","8":"first","9":"instock","10":"sale","11":"shipping-taxable","12":"purchasable","13":"product-type-simple"},"_links":{"self":[{"href":"https:\/\/shop.yipinqian.com\/es\/wp-json\/wp\/v2\/product\/1760","targetHints":{"allow":["GET"]}}],"collection":[{"href":"https:\/\/shop.yipinqian.com\/es\/wp-json\/wp\/v2\/product"}],"about":[{"href":"https:\/\/shop.yipinqian.com\/es\/wp-json\/wp\/v2\/types\/product"}],"replies":[{"embeddable":true,"href":"https:\/\/shop.yipinqian.com\/es\/wp-json\/wp\/v2\/comments?post=1760"}],"version-history":[{"count":0,"href":"https:\/\/shop.yipinqian.com\/es\/wp-json\/wp\/v2\/product\/1760\/revisions"}],"wp:featuredmedia":[{"embeddable":true,"href":"https:\/\/shop.yipinqian.com\/es\/wp-json\/wp\/v2\/media\/7713"}],"wp:attachment":[{"href":"https:\/\/shop.yipinqian.com\/es\/wp-json\/wp\/v2\/media?parent=1760"}],"wp:term":[{"taxonomy":"product_brand","embeddable":true,"href":"https:\/\/shop.yipinqian.com\/es\/wp-json\/wp\/v2\/product_brand?post=1760"},{"taxonomy":"product_cat","embeddable":true,"href":"https:\/\/shop.yipinqian.com\/es\/wp-json\/wp\/v2\/product_cat?post=1760"},{"taxonomy":"product_tag","embeddable":true,"href":"https:\/\/shop.yipinqian.com\/es\/wp-json\/wp\/v2\/product_tag?post=1760"}],"curies":[{"name":"wp","href":"https:\/\/api.w.org\/{rel}","templated":true}]}}