{"id":1758,"date":"2024-10-24T23:22:10","date_gmt":"2024-10-24T15:22:10","guid":{"rendered":"https:\/\/shop.yipinqian.com\/product\/semi-icy-bluish-green-hue-natural-type-a-jadeite-pendant-crafted-as-buddha-with-certificate-included-weigh-26-65-grams-48-3-48-9-7-mm-suitable-for-daily-wear\/"},"modified":"2025-02-24T00:49:52","modified_gmt":"2025-02-23T16:49:52","slug":"semi-icy-bluish-green-hue-natural-type-a-jadeite-pendant-crafted-as-buddha-with-certificate-included-weigh-26-65-grams-48-3-48-9-7-mm-suitable-for-daily-wear","status":"publish","type":"product","link":"https:\/\/shop.yipinqian.com\/es\/producto\/semi-icy-bluish-green-hue-natural-type-a-jadeite-pendant-crafted-as-buddha-with-certificate-included-weigh-26-65-grams-48-3-48-9-7-mm-suitable-for-daily-wear\/","title":{"rendered":"Colgante de jade\u00edta natural tipo A de tono verde azulado semiglacial elaborado como Buda con certificado incluido pesa 26,65 gramos, 48,3 * 48,9 * 7 mm, adecuado para uso diario"},"content":{"rendered":"<p>Este colgante de jade\u00edta tipo A natural en tono verde azulado semiglacial es una impresionante pieza de joyer\u00eda, perfecta para el uso diario.<\/p>\n<ul>\n<li>\n<strong>Hermosa artesan\u00eda:<\/strong> Este colgante est\u00e1 elaborado con amor como Buda, lo que lo convierte en una adici\u00f3n \u00fanica y significativa a cualquier colecci\u00f3n de joyas.<\/li>\n<li>\n<strong>Jade\u00edta natural tipo A:<\/strong> Hecho de jade\u00edta tipo A natural de alta calidad, este colgante cuenta con un hermoso tono verde azulado semiglacial que complementar\u00e1 cualquier atuendo.<\/li>\n<li>\n<strong>Certificado incluido:<\/strong> Este colgante viene con un certificado de autenticidad, asegurando la calidad y autenticidad de la jade\u00edta utilizada en su creaci\u00f3n.<\/li>\n<\/ul>\n<p><strong>N\u00fameros de certificado: 920660016448<\/strong><\/p>\n<p><\/p>\n<p>Con un peso de 26,65 gramos y unas medidas de 48,3 x 48,9 x 7 mm, este estilo de collar es informal pero lo suficientemente elegante como para usarlo en cualquier ocasi\u00f3n.<\/p>\n<ul>\n<li>\n<strong>Hecho en Myanmar:<\/strong> Este producto proviene de Myanmar, conocido por producir algunos de los accesorios y derivados de joyer\u00eda de jade m\u00e1s hermosos del mundo, agregando un toque ex\u00f3tico a su look.<\/li>\n<li>\n<strong>No incluye garant\u00eda: <\/strong>El tipo de garant\u00eda que se ofrece con este producto es &#039;No&#039;. Sin embargo, se ha fabricado con materiales de alta calidad que garantizan su durabilidad y longevidad.<\/li>\n<li>.<\/li>\n<\/ul>\n<p>\u00a1Un excelente accesorio unisex que ser\u00e1 un excelente regalo o una adici\u00f3n maravillosa a su colecci\u00f3n personal!<\/p>\n<p><\/p>\n<p>Yi Pin Qian \u2013 Comerciante de piedras preciosas y metales preciosos en Singapur \u2013 N\u00famero de licencia PS20190000031<\/p>\n<p><\/p>\n<p>*Todos los jade\u00edtas comprados a Yi Pin Qian en Singapur, los clientes pueden reservar espacios para pulirlos o hacer reparaciones menores por mal manejo; se aplican tarifas y solo para los clientes de Yi Pin Qian en Singapur*<\/p>\n<p><\/p>\n<p><strong>**Tipos de certificados**<\/strong><\/p>\n<p><\/p>\n<p><strong>NGI (Gemolog\u00eda Nan Yang)<\/strong><\/p>\n<p>o <strong>Certificados en el extranjero <\/strong>(Yi Pin Qian solo utiliza certificados aut\u00e9nticos de laboratorios extranjeros y tambi\u00e9n controla la calidad de cada uno de nuestros productos antes de ponerlos a la venta en SG)<\/p>\n<p><\/p>\n<p>Todos los productos de TikTok contar\u00e1n con el tipo de certificado que se indica en la descripci\u00f3n. Para cualquier cliente que desee enviar su pedido a NGI Singapur, habr\u00e1 un tiempo de espera para la entrega del pedido estimado de aproximadamente 4 semanas para recibirlo. <strong>Las solicitudes de informes de NGI Gemstone deben realizarse enviando un mensaje a la tienda TikTok de Yi Pin Qian.<\/strong> Gracias, <strong><u>Se aplican tarifas adicionales<\/u><\/strong>.<\/p>\n<p><\/p>\n<p><strong>La jade\u00edta natural no es perfecta, solo un peque\u00f1o recordatorio: nuestra jade\u00edta natural, como todas las cosas hermosas de la naturaleza, tiene sus caracter\u00edsticas y variaciones \u00fanicas. Invitamos a nuestros valiosos clientes a adoptar estas variaciones naturales. \u00a1Felices compras!<\/strong><\/p>\n<p><\/p>\n<p><strong><u>Ninguna de las fotograf\u00edas ni los v\u00eddeos han sido filtrados. Animamos a nuestros clientes a que vean tambi\u00e9n los v\u00eddeos adjuntos para tener una visi\u00f3n m\u00e1s completa de nuestros productos.<\/u><\/strong><\/p>","protected":false},"excerpt":{"rendered":"<p>Este colgante de jade\u00edta natural tipo A de tono verde azulado semiglacial es una impresionante pieza de joyer\u00eda que es perfecta para usar a diario. Hermosa artesan\u00eda: este colgante est\u00e1 elaborado con amor como Buda, lo que lo convierte en una adici\u00f3n \u00fanica y significativa a cualquier colecci\u00f3n de joyas. Jade\u00edta natural tipo A: hecho de jade\u00edta natural tipo A de alta calidad, este [\u2026]<\/p>","protected":false},"featured_media":7703,"comment_status":"open","ping_status":"closed","template":"","meta":[],"product_brand":[],"product_cat":[194],"product_tag":[],"class_list":{"0":"post-1758","1":"product","2":"type-product","3":"status-publish","4":"has-post-thumbnail","6":"product_cat-value-picks","8":"first","9":"instock","10":"sale","11":"shipping-taxable","12":"purchasable","13":"product-type-simple"},"_links":{"self":[{"href":"https:\/\/shop.yipinqian.com\/es\/wp-json\/wp\/v2\/product\/1758","targetHints":{"allow":["GET"]}}],"collection":[{"href":"https:\/\/shop.yipinqian.com\/es\/wp-json\/wp\/v2\/product"}],"about":[{"href":"https:\/\/shop.yipinqian.com\/es\/wp-json\/wp\/v2\/types\/product"}],"replies":[{"embeddable":true,"href":"https:\/\/shop.yipinqian.com\/es\/wp-json\/wp\/v2\/comments?post=1758"}],"version-history":[{"count":0,"href":"https:\/\/shop.yipinqian.com\/es\/wp-json\/wp\/v2\/product\/1758\/revisions"}],"wp:featuredmedia":[{"embeddable":true,"href":"https:\/\/shop.yipinqian.com\/es\/wp-json\/wp\/v2\/media\/7703"}],"wp:attachment":[{"href":"https:\/\/shop.yipinqian.com\/es\/wp-json\/wp\/v2\/media?parent=1758"}],"wp:term":[{"taxonomy":"product_brand","embeddable":true,"href":"https:\/\/shop.yipinqian.com\/es\/wp-json\/wp\/v2\/product_brand?post=1758"},{"taxonomy":"product_cat","embeddable":true,"href":"https:\/\/shop.yipinqian.com\/es\/wp-json\/wp\/v2\/product_cat?post=1758"},{"taxonomy":"product_tag","embeddable":true,"href":"https:\/\/shop.yipinqian.com\/es\/wp-json\/wp\/v2\/product_tag?post=1758"}],"curies":[{"name":"wp","href":"https:\/\/api.w.org\/{rel}","templated":true}]}}