{"id":1754,"date":"2024-10-24T23:22:07","date_gmt":"2024-10-24T15:22:07","guid":{"rendered":"https:\/\/shop.yipinqian.com\/product\/sales-high-quality-pair-of-white-yellow-natural-type-a-jadeite-jade-crafted-as-pixiu-for-pendant-certificate-weighs-24-25-19-87-grams-measurements-50-21-3-14-1-47-20-6-13-6-mm-pendant292\/"},"modified":"2025-02-24T00:49:52","modified_gmt":"2025-02-23T16:49:52","slug":"sales-high-quality-pair-of-white-yellow-natural-type-a-jadeite-jade-crafted-as-pixiu-for-pendant-certificate-weighs-24-25-19-87-grams-measurements-50-21-3-14-1-47-20-6-13-6-mm-pendant292","status":"publish","type":"product","link":"https:\/\/shop.yipinqian.com\/es\/producto\/sales-high-quality-pair-of-white-yellow-natural-type-a-jadeite-jade-crafted-as-pixiu-for-pendant-certificate-weighs-24-25-19-87-grams-measurements-50-21-3-14-1-47-20-6-13-6-mm-pendant292\/","title":{"rendered":"Ventas - Par de jade\u00edta natural tipo A blanco y amarillo de alta calidad elaborado como Pixiu para colgante, certificado pesa 24,25\/19,87 gramos, medidas 50 * 21,3 * 14,1 \/ 47 * 20,6 * 13,6 mm (colgante 292)"},"content":{"rendered":"<p>Mejora tu estilo con este exquisito par de collar colgante Pixiu de jade\u00edta natural tipo A blanco y amarillo.<\/p>\n<p>\u00a0<\/p>\n<p>N\u00fameros de certificado: GD2112H004542 \/ GD2112H004541<\/p>\n<ul>\n<li>\n<strong>Jade de alta calidad:<\/strong> Fabricado con jade\u00edta tipo A de primera calidad, este colgante irradia elegancia y sofisticaci\u00f3n.<\/li>\n<li>\n<strong>Dise\u00f1o de Pixiu:<\/strong> El colgante tiene un dise\u00f1o intrincado en forma de Pixiu, un s\u00edmbolo de riqueza y protecci\u00f3n en la cultura china.<\/li>\n<li>\n<strong>Certificado incluido:<\/strong> Cada colgante viene con un certificado para garantizar la autenticidad del jade.<\/li>\n<\/ul>\n<p>El par pesa 24,25 gramos y 19,87 gramos respectivamente, con unas medidas de 50*21,3*14,1 mm y 47*20,6*13,6 mm para cada colgante en venta.<\/p>\n<ul>\n<li>\n<strong>Ocasiones propicias:<\/strong> Perfecto para usar en ocasiones propicias para atraer buena suerte y energ\u00eda positiva a tu vida.<\/li>\n<li>\n<strong>Estilo del collar de jade:<\/strong>Estilo de collar casual pero elegante adecuado tanto para hombres como para mujeres | El atractivo de g\u00e9nero unisex agrega versatilidad a cualquier conjunto.<\/li>\n<\/ul>\n<p>.<strong>La jade\u00edta natural no es perfecta, solo un peque\u00f1o recordatorio: nuestra jade\u00edta natural, como todas las cosas hermosas de la naturaleza, tiene sus caracter\u00edsticas y variaciones \u00fanicas. Invitamos a nuestros valiosos clientes a adoptar estas variaciones naturales. \u00a1Felices compras!<\/strong><\/p>\n<p>\u00a0<\/p>\n<p><strong><u>Ninguna de las fotograf\u00edas ni los v\u00eddeos han sido filtrados. Animamos a nuestros clientes a que vean tambi\u00e9n los v\u00eddeos adjuntos para tener una visi\u00f3n m\u00e1s completa de nuestros productos.<\/u><\/strong><\/p>\n<p>\u00a0<\/p>\n<ul>\n<li>Las diferentes plataformas solo pueden ver videos a trav\u00e9s de la computadora de escritorio<\/li>\n<\/ul>","protected":false},"excerpt":{"rendered":"<p>Realza tu estilo con este exquisito par de collares colgantes de jade\u00edta natural tipo A blanco y amarillo Pixiu. N\u00fameros de certificado: GD2112H004542 \/ GD2112H004541 Jade de alta calidad: elaborado con jade\u00edta tipo A de primera calidad, este colgante rezuma elegancia y sofisticaci\u00f3n. Dise\u00f1o Pixiu: el colgante tiene un dise\u00f1o intrincado con la forma de un Pixiu, un [\u2026]<\/p>","protected":false},"featured_media":7661,"comment_status":"open","ping_status":"closed","template":"","meta":[],"product_brand":[],"product_cat":[194],"product_tag":[],"class_list":{"0":"post-1754","1":"product","2":"type-product","3":"status-publish","4":"has-post-thumbnail","6":"product_cat-value-picks","8":"first","9":"instock","10":"sale","11":"shipping-taxable","12":"purchasable","13":"product-type-simple"},"_links":{"self":[{"href":"https:\/\/shop.yipinqian.com\/es\/wp-json\/wp\/v2\/product\/1754","targetHints":{"allow":["GET"]}}],"collection":[{"href":"https:\/\/shop.yipinqian.com\/es\/wp-json\/wp\/v2\/product"}],"about":[{"href":"https:\/\/shop.yipinqian.com\/es\/wp-json\/wp\/v2\/types\/product"}],"replies":[{"embeddable":true,"href":"https:\/\/shop.yipinqian.com\/es\/wp-json\/wp\/v2\/comments?post=1754"}],"version-history":[{"count":0,"href":"https:\/\/shop.yipinqian.com\/es\/wp-json\/wp\/v2\/product\/1754\/revisions"}],"wp:featuredmedia":[{"embeddable":true,"href":"https:\/\/shop.yipinqian.com\/es\/wp-json\/wp\/v2\/media\/7661"}],"wp:attachment":[{"href":"https:\/\/shop.yipinqian.com\/es\/wp-json\/wp\/v2\/media?parent=1754"}],"wp:term":[{"taxonomy":"product_brand","embeddable":true,"href":"https:\/\/shop.yipinqian.com\/es\/wp-json\/wp\/v2\/product_brand?post=1754"},{"taxonomy":"product_cat","embeddable":true,"href":"https:\/\/shop.yipinqian.com\/es\/wp-json\/wp\/v2\/product_cat?post=1754"},{"taxonomy":"product_tag","embeddable":true,"href":"https:\/\/shop.yipinqian.com\/es\/wp-json\/wp\/v2\/product_tag?post=1754"}],"curies":[{"name":"wp","href":"https:\/\/api.w.org\/{rel}","templated":true}]}}