{"id":1752,"date":"2024-10-24T23:22:06","date_gmt":"2024-10-24T15:22:06","guid":{"rendered":"https:\/\/shop.yipinqian.com\/product\/round-sculpture-natural-type-a-jadeite-pendant-necklace-crafted-as-goldfish-with-light-green-and-brown-symbols-of-rich-and-auspicious-certificate-included-weigh-27-45-grams-37-3-41-7-11-3-mm-very-uniq\/"},"modified":"2025-02-17T00:04:15","modified_gmt":"2025-02-16T16:04:15","slug":"round-sculpture-natural-type-a-jadeite-pendant-necklace-crafted-as-goldfish-with-light-green-and-brown-symbols-of-rich-and-auspicious-certificate-included-weigh-27-45-grams-37-3-41-7-11-3-mm-very-uniq","status":"publish","type":"product","link":"https:\/\/shop.yipinqian.com\/es\/producto\/round-sculpture-natural-type-a-jadeite-pendant-necklace-crafted-as-goldfish-with-light-green-and-brown-symbols-of-rich-and-auspicious-certificate-included-weigh-27-45-grams-37-3-41-7-11-3-mm-very-uniq\/","title":{"rendered":"Collar colgante de jade\u00edta natural tipo A con escultura redonda elaborado como pez dorado con verde claro y marr\u00f3n, s\u00edmbolos de riqueza y auspicios, certificado incluido, pesa 27,45 gramos, 37,3 * 41,7 * 11,3 mm, muy \u00fanico y raro para sus colecciones (pendant33)"},"content":{"rendered":"<p>Agregue un toque elegante a su colecci\u00f3n de joyas con este collar con colgante de jade\u00edta natural tipo A con escultura redonda. El colgante est\u00e1 elaborado como un pez dorado con verde claro y marr\u00f3n, que simbolizan la prosperidad y la buena fortuna.<\/p>\n<ul>\n<li>\n<strong>Dise\u00f1o \u00fanico:<\/strong> El colgante de 37,3 x 41,7 x 11,3 mm pesa 27,45 gramos, lo que lo convierte en una adici\u00f3n poco com\u00fan a su joyero.<\/li>\n<li>\n<strong>Calidad Premium:<\/strong> Este collar est\u00e1 hecho de jade\u00edta natural tipo A de Myanmar, lo que garantiza su autenticidad.<\/li>\n<li>\n<strong>Certificado incluido:<\/strong> Este collar viene con un certificado de autenticidad para que puedas estar seguro de que est\u00e1s comprando jade\u00edta genuina.<\/li>\n<\/ul>\n<p><strong>N\u00fameros de certificado: GD2204H002647<\/strong><\/p>\n<p><img fetchpriority=\"high\" decoding=\"async\" height=\"1080\" src=\"https:\/\/shop.yipinqian.com\/wp-content\/uploads\/2024\/10\/dc779662ab25948f28e7ba04a7d30db3.jpg?from=476444299\" width=\"1080\"><br \/><img decoding=\"async\" height=\"1080\" src=\"https:\/\/shop.yipinqian.com\/wp-content\/uploads\/2024\/10\/669bf1bbbf41df5f6afa5e6b1191bdc0.jpg?from=476444299\" width=\"1080\"><\/p>\n<p>El estilo casual del collar lo hace perfecto para el uso diario o para ocasiones especiales como bodas o fiestas, lo que lo convierte en una excelente opci\u00f3n de regalo para usted o sus seres queridos.<\/p>\n<ul>\n<li>\n<strong>Precioso regalo:<\/strong>El dise\u00f1o unisex hace que este colgante sea perfecto para cualquier persona que aprecie los accesorios \u00fanicos y de alta calidad que complementan su estilo.<\/li>\n<\/ul>\n<p>\u00a1Agregue este exquisito collar colgante de jade\u00edta natural tipo A con escultura redonda a su colecci\u00f3n hoy!<\/p>\n<p>\u00a0<\/p>\n<p>Yi Pin Qian \u2013 Comerciante de piedras preciosas y metales preciosos en Singapur \u2013 N\u00famero de licencia PS20190000031<\/p>\n<p>\u00a0<\/p>\n<p>*Todos los jade\u00edtas comprados a Yi Pin Qian en Singapur, los clientes pueden reservar espacios para pulirlos o hacer reparaciones menores por mal manejo; se aplican tarifas y solo para los clientes de Yi Pin Qian en Singapur*<\/p>\n<p>\u00a0<\/p>\n<p><strong>**Tipos de certificados**<\/strong><\/p>\n<p>\u00a0<\/p>\n<p><strong>NGI (Gemolog\u00eda Nan Yang)<\/strong><\/p>\n<p>o <strong>Certificados en el extranjero <\/strong>(Yi Pin Qian solo utiliza certificados aut\u00e9nticos de laboratorios extranjeros y tambi\u00e9n controla la calidad de cada uno de nuestros productos antes de ponerlos a la venta en SG)<\/p>\n<p>\u00a0<\/p>\n<p>Todos los productos de TikTok contar\u00e1n con el tipo de certificado que se indica en la descripci\u00f3n. Para cualquier cliente que desee enviar su pedido a NGI Singapur, habr\u00e1 un tiempo de espera para la entrega del pedido estimado de aproximadamente 4 semanas para recibirlo. <strong>Las solicitudes de informes de NGI Gemstone deben realizarse enviando un mensaje a la tienda TikTok de Yi Pin Qian.<\/strong> Gracias, <strong><u>Se aplican tarifas adicionales<\/u><\/strong>.<\/p>\n<p>\u00a0<\/p>\n<p><strong>La jade\u00edta natural no es perfecta, solo un peque\u00f1o recordatorio: nuestra jade\u00edta natural, como todas las cosas hermosas de la naturaleza, tiene sus caracter\u00edsticas y variaciones \u00fanicas. Invitamos a nuestros valiosos clientes a adoptar estas variaciones naturales. \u00a1Felices compras!<\/strong><\/p>\n<p>\u00a0<\/p>\n<p><strong><u>Ninguna de las fotograf\u00edas ni los v\u00eddeos han sido filtrados. Animamos a nuestros clientes a que vean tambi\u00e9n los v\u00eddeos adjuntos para tener una visi\u00f3n m\u00e1s completa de nuestros productos.<\/u><\/strong><\/p>","protected":false},"excerpt":{"rendered":"<p>Add an elegant touch to your jewelry collection with this Round Sculpture Natural Type A Jadeite Pendant Necklace. The pendant is crafted as a goldfish with light green and brown, which symbolize prosperity and good fortune. Unique Design: The 37.3 * 41.7 * 11.3 mm pendant weighs 27.45 grams, making it a rare addition to [&hellip;]<\/p>","protected":false},"featured_media":7645,"comment_status":"open","ping_status":"closed","template":"","meta":[],"product_brand":[],"product_cat":[48],"product_tag":[],"class_list":{"0":"post-1752","1":"product","2":"type-product","3":"status-publish","4":"has-post-thumbnail","6":"product_cat-pendants","8":"first","9":"instock","10":"sale","11":"shipping-taxable","12":"purchasable","13":"product-type-simple"},"_links":{"self":[{"href":"https:\/\/shop.yipinqian.com\/es\/wp-json\/wp\/v2\/product\/1752","targetHints":{"allow":["GET"]}}],"collection":[{"href":"https:\/\/shop.yipinqian.com\/es\/wp-json\/wp\/v2\/product"}],"about":[{"href":"https:\/\/shop.yipinqian.com\/es\/wp-json\/wp\/v2\/types\/product"}],"replies":[{"embeddable":true,"href":"https:\/\/shop.yipinqian.com\/es\/wp-json\/wp\/v2\/comments?post=1752"}],"version-history":[{"count":0,"href":"https:\/\/shop.yipinqian.com\/es\/wp-json\/wp\/v2\/product\/1752\/revisions"}],"wp:featuredmedia":[{"embeddable":true,"href":"https:\/\/shop.yipinqian.com\/es\/wp-json\/wp\/v2\/media\/7645"}],"wp:attachment":[{"href":"https:\/\/shop.yipinqian.com\/es\/wp-json\/wp\/v2\/media?parent=1752"}],"wp:term":[{"taxonomy":"product_brand","embeddable":true,"href":"https:\/\/shop.yipinqian.com\/es\/wp-json\/wp\/v2\/product_brand?post=1752"},{"taxonomy":"product_cat","embeddable":true,"href":"https:\/\/shop.yipinqian.com\/es\/wp-json\/wp\/v2\/product_cat?post=1752"},{"taxonomy":"product_tag","embeddable":true,"href":"https:\/\/shop.yipinqian.com\/es\/wp-json\/wp\/v2\/product_tag?post=1752"}],"curies":[{"name":"wp","href":"https:\/\/api.w.org\/{rel}","templated":true}]}}