{"id":1748,"date":"2024-10-24T23:22:03","date_gmt":"2024-10-24T15:22:03","guid":{"rendered":"https:\/\/shop.yipinqian.com\/product\/reddish-yellow-and-green-natural-type-a-jadeite-jade-pendant-necklace-crafted-with-dragon-and-ruyi-with-certificate-weigh-40-57-grams-measurement-53-6-34-8-15-mm-symbols-of-good-luck-happiness-and-hea\/"},"modified":"2025-02-17T00:04:15","modified_gmt":"2025-02-16T16:04:15","slug":"reddish-yellow-and-green-natural-type-a-jadeite-jade-pendant-necklace-crafted-with-dragon-and-ruyi-with-certificate-weigh-40-57-grams-measurement-53-6-34-8-15-mm-symbols-of-good-luck-happiness-and-hea","status":"publish","type":"product","link":"https:\/\/shop.yipinqian.com\/es\/producto\/reddish-yellow-and-green-natural-type-a-jadeite-jade-pendant-necklace-crafted-with-dragon-and-ruyi-with-certificate-weigh-40-57-grams-measurement-53-6-34-8-15-mm-symbols-of-good-luck-happiness-and-hea\/","title":{"rendered":"Collar con colgante de jade\u00edta natural tipo A rojizo, amarillo y verde elaborado con drag\u00f3n y ruyi con certificado pesa 40,57 gramos, medida 53,6 * 34,8 * 15 mm, s\u00edmbolos de buena suerte, felicidad y salud (colgante 189)"},"content":{"rendered":"<p>Realza tu estilo con este impresionante collar colgante de jade\u00edta natural tipo A de color rojizo, amarillo y verde. Est\u00e1 elaborado con un drag\u00f3n y un ruyi, s\u00edmbolos de buena suerte, felicidad y salud.<\/p>\n<p>\u00a0<\/p>\n<p><strong>N\u00fameros de certificado: ZSJ12205051932<\/strong><\/p>\n<p><img fetchpriority=\"high\" decoding=\"async\" height=\"1080\" src=\"https:\/\/shop.yipinqian.com\/wp-content\/uploads\/2024\/10\/58eff7b60898d4bdab504a23a32975f7.jpg?from=476444299\" width=\"1080\"><\/p>\n<ul>\n<li>Autenticidad garantizada: Este collar viene con un certificado de autenticidad.<\/li>\n<li>Dise\u00f1o unisex: perfecto tanto para hombres como para mujeres.<\/li>\n<li>Elegante estilo de collar que es perfecto para cualquier ocasi\u00f3n.<\/li>\n<\/ul>\n<p>Este hermoso collar colgante pesa 40,57 gramos y mide 53,6 * 34,8 * 15 mm: el tama\u00f1o perfecto para hacer una declaraci\u00f3n sin ser demasiado pesado o abrumador.<\/p>\n<ul>\n<li>Fabricado con jade\u00edta de alta calidad, conocida por sus impresionantes colores que duran para siempre.<\/li>\n<li>El pa\u00eds de origen es Myanmar, lo que garantiza que recibir\u00e1 jade genuino de esta regi\u00f3n que ha sido venerada durante siglos.<\/li>\n<li>No se ofrece garant\u00eda, pero tenga la seguridad de que la calidad de la artesan\u00eda garantiza un uso duradero.<\/li>\n<\/ul>\n<p>\u00a1\u00daselo para agregar un toque elegante a cualquier atuendo y al mismo tiempo atraer buena suerte!<\/p>\n<p>\u00a0<\/p>\n<p>Yi Pin Qian \u2013 Comerciante de piedras preciosas y metales preciosos en Singapur \u2013 N\u00famero de licencia PS20190000031<\/p>\n<p>\u00a0<\/p>\n<p>*Todos los jade\u00edtas comprados a Yi Pin Qian en Singapur, los clientes pueden reservar espacios para pulirlos o hacer reparaciones menores por mal manejo; se aplican tarifas y solo para los clientes de Yi Pin Qian en Singapur*<\/p>\n<p>\u00a0<\/p>\n<p><strong>**Tipos de certificados**<\/strong><\/p>\n<p>\u00a0<\/p>\n<p><strong>NGI (Gemolog\u00eda Nan Yang)<\/strong><\/p>\n<p>o <strong>Certificados en el extranjero <\/strong>(Yi Pin Qian solo utiliza certificados aut\u00e9nticos de laboratorios extranjeros y tambi\u00e9n controla la calidad de cada uno de nuestros productos antes de ponerlos a la venta en SG)<\/p>\n<p>\u00a0<\/p>\n<p>Todos los productos de TikTok contar\u00e1n con el tipo de certificado que se indica en la descripci\u00f3n. Para cualquier cliente que desee enviar su pedido a NGI Singapur, habr\u00e1 un tiempo de espera para la entrega del pedido estimado de aproximadamente 4 semanas para recibirlo. <strong>Las solicitudes de informes de NGI Gemstone deben realizarse enviando un mensaje a la tienda TikTok de Yi Pin Qian.<\/strong> Gracias, <strong><u>Se aplican tarifas adicionales<\/u><\/strong>.<\/p>\n<p>\u00a0<\/p>\n<p><strong>La jade\u00edta natural no es perfecta, solo un peque\u00f1o recordatorio: nuestra jade\u00edta natural, como todas las cosas hermosas de la naturaleza, tiene sus caracter\u00edsticas y variaciones \u00fanicas. Invitamos a nuestros valiosos clientes a adoptar estas variaciones naturales. \u00a1Felices compras!<\/strong><\/p>\n<p>\u00a0<\/p>\n<p><strong><u>Ninguna de las fotograf\u00edas ni los v\u00eddeos han sido filtrados. Animamos a nuestros clientes a que vean tambi\u00e9n los v\u00eddeos adjuntos para tener una visi\u00f3n m\u00e1s completa de nuestros productos.<\/u><\/strong><\/p>","protected":false},"excerpt":{"rendered":"<p>Elevate your style with this stunning Reddish, Yellow and Green Natural Type A Jadeite Jade Pendant Necklace. It is crafted with a dragon and ruyi, symbols of good luck, happiness, and health. \u00a0 Certificate numbers: ZSJ12205051932 Authenticity guaranteed: This necklace comes with a certificate of authenticity. Unisex design: Perfect for both men and women. Elegant [&hellip;]<\/p>","protected":false},"featured_media":7613,"comment_status":"open","ping_status":"closed","template":"","meta":[],"product_brand":[],"product_cat":[48],"product_tag":[],"class_list":{"0":"post-1748","1":"product","2":"type-product","3":"status-publish","4":"has-post-thumbnail","6":"product_cat-pendants","8":"first","9":"instock","10":"sale","11":"shipping-taxable","12":"purchasable","13":"product-type-simple"},"_links":{"self":[{"href":"https:\/\/shop.yipinqian.com\/es\/wp-json\/wp\/v2\/product\/1748","targetHints":{"allow":["GET"]}}],"collection":[{"href":"https:\/\/shop.yipinqian.com\/es\/wp-json\/wp\/v2\/product"}],"about":[{"href":"https:\/\/shop.yipinqian.com\/es\/wp-json\/wp\/v2\/types\/product"}],"replies":[{"embeddable":true,"href":"https:\/\/shop.yipinqian.com\/es\/wp-json\/wp\/v2\/comments?post=1748"}],"version-history":[{"count":0,"href":"https:\/\/shop.yipinqian.com\/es\/wp-json\/wp\/v2\/product\/1748\/revisions"}],"wp:featuredmedia":[{"embeddable":true,"href":"https:\/\/shop.yipinqian.com\/es\/wp-json\/wp\/v2\/media\/7613"}],"wp:attachment":[{"href":"https:\/\/shop.yipinqian.com\/es\/wp-json\/wp\/v2\/media?parent=1748"}],"wp:term":[{"taxonomy":"product_brand","embeddable":true,"href":"https:\/\/shop.yipinqian.com\/es\/wp-json\/wp\/v2\/product_brand?post=1748"},{"taxonomy":"product_cat","embeddable":true,"href":"https:\/\/shop.yipinqian.com\/es\/wp-json\/wp\/v2\/product_cat?post=1748"},{"taxonomy":"product_tag","embeddable":true,"href":"https:\/\/shop.yipinqian.com\/es\/wp-json\/wp\/v2\/product_tag?post=1748"}],"curies":[{"name":"wp","href":"https:\/\/api.w.org\/{rel}","templated":true}]}}