{"id":1746,"date":"2024-10-24T23:22:02","date_gmt":"2024-10-24T15:22:02","guid":{"rendered":"https:\/\/shop.yipinqian.com\/product\/rare-yellow-natural-type-a-jadeite-jade-crafted-with-dragon-playing-with-pearls-as-pendant-certificate-weigh-6-33-grams-measurement-32-21-6-5-mm-pendant217\/"},"modified":"2025-02-24T00:49:52","modified_gmt":"2025-02-23T16:49:52","slug":"rare-yellow-natural-type-a-jadeite-jade-crafted-with-dragon-playing-with-pearls-as-pendant-certificate-weigh-6-33-grams-measurement-32-21-6-5-mm-pendant217","status":"publish","type":"product","link":"https:\/\/shop.yipinqian.com\/es\/producto\/rare-yellow-natural-type-a-jadeite-jade-crafted-with-dragon-playing-with-pearls-as-pendant-certificate-weigh-6-33-grams-measurement-32-21-6-5-mm-pendant217\/","title":{"rendered":"Jade\u00edta natural tipo A amarilla rara elaborada con drag\u00f3n jugando con perlas como colgante, certificado, peso 6,33 gramos, medida 32 * 21 * 6,5 mm (colgante 217)"},"content":{"rendered":"<p>Este raro colgante de jade\u00edta natural tipo A de color amarillo, elaborado con un drag\u00f3n jugando con perlas, seguramente llamar\u00e1 la atenci\u00f3n de todos. Viene con un certificado y pesa 6,33 gramos y mide 32 * 21 * 6,5 mm (colgante 217).<\/p>\n<p><\/p>\n<p>N\u00fameros de certificado: GD2110H004313<\/p>\n<ul>\n<li>\n<strong>Dise\u00f1o \u00fanico:<\/strong> El dise\u00f1o del Drag\u00f3n jugando con perlas est\u00e1 elaborado de forma intrincada y representa la buena fortuna en la cultura china.<\/li>\n<li>\n<strong>Certificado:<\/strong> Este colgante viene con un certificado para garantizar la autenticidad del raro jade\u00edta natural amarillo tipo A utilizado.<\/li>\n<li>\n<strong>Durable:<\/strong> Fabricado con materiales de alta calidad, este colgante est\u00e1 hecho para durar.<\/li>\n<\/ul>\n<p>Este collar unisex ha sido dise\u00f1ado para uso diario y ser\u00eda el complemento perfecto para cualquier atuendo informal. El raro jade\u00edta natural amarillo tipo A utilizado en esta pieza proviene de Myanmar, lo que la hace verdaderamente \u00fanica.<\/p>\n<ul>\n<li>\n<strong>Tipo de jade:<\/strong> Este producto utiliza jade\u00edta natural tipo A de alta calidad.<\/li>\n<li>\n<strong>Ocasi\u00f3n: <\/strong>El accesorio perfecto para el uso diario.<\/li>\n<li>.<\/li>\n<\/ul>\n<p>Tenga en cuenta que este producto no viene con ninguna garant\u00eda, \u00a1pero su calidad habla por s\u00ed sola!<\/p>\n<p>.<\/p>\n<p>Yi Pin Qian \u2013 Comerciante de piedras preciosas y metales preciosos en Singapur \u2013 N\u00famero de licencia PS20190000031<\/p>\n<p><\/p>\n<p>*Todos los jade\u00edtas comprados a Yi Pin Qian en Singapur, los clientes pueden reservar espacios para pulirlos o hacer reparaciones menores por mal manejo; se aplican tarifas y solo para los clientes de Yi Pin Qian en Singapur*<\/p>\n<p><\/p>\n<p><strong>**Tipos de certificados**<\/strong><\/p>\n<p><\/p>\n<p><strong>NGI (Gemolog\u00eda Nan Yang)<\/strong><\/p>\n<p>o <strong>Certificados en el extranjero <\/strong>(Yi Pin Qian solo utiliza certificados aut\u00e9nticos de laboratorios extranjeros y tambi\u00e9n controla la calidad de cada uno de nuestros productos antes de ponerlos a la venta en SG)<\/p>\n<p><\/p>\n<p>Todos los productos de TikTok contar\u00e1n con el tipo de certificado que se indica en la descripci\u00f3n. Para cualquier cliente que desee enviar su pedido a NGI Singapur, habr\u00e1 un tiempo de espera para la entrega del pedido estimado de aproximadamente 4 semanas para recibirlo. <strong>Las solicitudes de informes de NGI Gemstone deben realizarse enviando un mensaje a la tienda TikTok de Yi Pin Qian.<\/strong> Gracias, <strong><u>Se aplican tarifas adicionales<\/u><\/strong>.<\/p>\n<p><\/p>\n<p><strong>La jade\u00edta natural no es perfecta, solo un peque\u00f1o recordatorio: nuestra jade\u00edta natural, como todas las cosas hermosas de la naturaleza, tiene sus caracter\u00edsticas y variaciones \u00fanicas. Invitamos a nuestros valiosos clientes a adoptar estas variaciones naturales. \u00a1Felices compras!<\/strong><\/p>\n<p><\/p>\n<p><strong><u>Ninguna de las fotograf\u00edas ni los v\u00eddeos han sido filtrados. Animamos a nuestros clientes a que vean tambi\u00e9n los v\u00eddeos adjuntos para tener una visi\u00f3n m\u00e1s completa de nuestros productos.<\/u><\/strong><\/p>","protected":false},"excerpt":{"rendered":"<p>This Rare Yellow Natural Type A Jadeite Jade pendant, crafted with a Dragon playing with Pearls, is sure to catch anyone&#8217;s eye. It comes with a certificate and weighs 6.33 grams and measures 32 * 21 * 6.5 mm (pendant217). Certificate numbers: GD2110H004313 Unique Design: The Dragon playing with Pearls design is intricately crafted and [&hellip;]<\/p>","protected":false},"featured_media":7589,"comment_status":"open","ping_status":"closed","template":"","meta":[],"product_brand":[],"product_cat":[194],"product_tag":[],"class_list":{"0":"post-1746","1":"product","2":"type-product","3":"status-publish","4":"has-post-thumbnail","6":"product_cat-value-picks","8":"first","9":"instock","10":"sale","11":"shipping-taxable","12":"purchasable","13":"product-type-simple"},"_links":{"self":[{"href":"https:\/\/shop.yipinqian.com\/es\/wp-json\/wp\/v2\/product\/1746","targetHints":{"allow":["GET"]}}],"collection":[{"href":"https:\/\/shop.yipinqian.com\/es\/wp-json\/wp\/v2\/product"}],"about":[{"href":"https:\/\/shop.yipinqian.com\/es\/wp-json\/wp\/v2\/types\/product"}],"replies":[{"embeddable":true,"href":"https:\/\/shop.yipinqian.com\/es\/wp-json\/wp\/v2\/comments?post=1746"}],"version-history":[{"count":0,"href":"https:\/\/shop.yipinqian.com\/es\/wp-json\/wp\/v2\/product\/1746\/revisions"}],"wp:featuredmedia":[{"embeddable":true,"href":"https:\/\/shop.yipinqian.com\/es\/wp-json\/wp\/v2\/media\/7589"}],"wp:attachment":[{"href":"https:\/\/shop.yipinqian.com\/es\/wp-json\/wp\/v2\/media?parent=1746"}],"wp:term":[{"taxonomy":"product_brand","embeddable":true,"href":"https:\/\/shop.yipinqian.com\/es\/wp-json\/wp\/v2\/product_brand?post=1746"},{"taxonomy":"product_cat","embeddable":true,"href":"https:\/\/shop.yipinqian.com\/es\/wp-json\/wp\/v2\/product_cat?post=1746"},{"taxonomy":"product_tag","embeddable":true,"href":"https:\/\/shop.yipinqian.com\/es\/wp-json\/wp\/v2\/product_tag?post=1746"}],"curies":[{"name":"wp","href":"https:\/\/api.w.org\/{rel}","templated":true}]}}