{"id":1742,"date":"2024-10-24T23:21:59","date_gmt":"2024-10-24T15:21:59","guid":{"rendered":"https:\/\/shop.yipinqian.com\/product\/rare-quality-yellow-with-reddish-brown-and-green-natural-type-a-jadeite-jade-crafted-with-sceneries-as-pendant-certificate-weigh-11-38-grams-measurement-45-6-24-3-5-2-mm-pendant216\/"},"modified":"2025-02-17T00:04:15","modified_gmt":"2025-02-16T16:04:15","slug":"rare-quality-yellow-with-reddish-brown-and-green-natural-type-a-jadeite-jade-crafted-with-sceneries-as-pendant-certificate-weigh-11-38-grams-measurement-45-6-24-3-5-2-mm-pendant216","status":"publish","type":"product","link":"https:\/\/shop.yipinqian.com\/es\/producto\/rare-quality-yellow-with-reddish-brown-and-green-natural-type-a-jadeite-jade-crafted-with-sceneries-as-pendant-certificate-weigh-11-38-grams-measurement-45-6-24-3-5-2-mm-pendant216\/","title":{"rendered":"Rare quality Yellow with reddish brown and green Natural Type A Jadeite Jade crafted with sceneries as pendant, certificate weigh 11.38 grams, measurement 45.6 * 24.3 * 5.2 mm (pendant216)"},"content":{"rendered":"<p>This stunning pendant is a rare find for any jewelry lover. The natural Type A jadeite jade boasts beautiful yellow, reddish brown, and green hues that have been expertly crafted into sceneries.<\/p>\n<p><\/p>\n<p>Certificate numbers: GD2110H005025<\/p>\n<ul>\n<li>\n<strong>Peso:<\/strong> 11.38 grams<\/li>\n<li>\n<strong>Medici\u00f3n:<\/strong> 45.6 * 24.3 * 5.2 mm (pendant216)<\/li>\n<li>\n<strong>Tipo de jade:<\/strong> Jade\u00edta<\/li>\n<li>\n<strong>Certificado:<\/strong> S\u00ed<\/li>\n<\/ul>\n<p>Sourced from Myanmar, the pendant showcases the quality craftsmanship of the region&#8217;s artisans.<\/p>\n<ul>\n<li>\n<strong>Gendre :<\/strong>:Unisex<\/li>\n<li>,<\/li>\n<li>The necklace style is casual and perfect for daily wear.<\/li>\n<li>,<\/li>\n<li>The product does not come with a warranty,<\/li>\n<li>,<\/li>\n<li>This timeless piece will make a great addition to any jewelry collection.<\/li>\n<li>.<\/li>\n<\/ul>\n<p>Elevate your look with this rare quality yellow with reddish brown and green natural Type A Jadeite Jade crafted as scenic pendant today!<\/p>\n<p><\/p>\n<p>Yi Pin Qian \u2013 Comerciante de piedras preciosas y metales preciosos en Singapur \u2013 N\u00famero de licencia PS20190000031<\/p>\n<p><\/p>\n<p>*Todos los jade\u00edtas comprados a Yi Pin Qian en Singapur, los clientes pueden reservar espacios para pulirlos o hacer reparaciones menores por mal manejo; se aplican tarifas y solo para los clientes de Yi Pin Qian en Singapur*<\/p>\n<p><\/p>\n<p><strong>**Tipos de certificados**<\/strong><\/p>\n<p><\/p>\n<p><strong>NGI (Gemolog\u00eda Nan Yang)<\/strong><\/p>\n<p>o <strong>Certificados en el extranjero <\/strong>(Yi Pin Qian solo utiliza certificados aut\u00e9nticos de laboratorios extranjeros y tambi\u00e9n controla la calidad de cada uno de nuestros productos antes de ponerlos a la venta en SG)<\/p>\n<p><\/p>\n<p>Todos los productos de TikTok contar\u00e1n con el tipo de certificado que se indica en la descripci\u00f3n. Para cualquier cliente que desee enviar su pedido a NGI Singapur, habr\u00e1 un tiempo de espera para la entrega del pedido estimado de aproximadamente 4 semanas para recibirlo. <strong>Las solicitudes de informes de NGI Gemstone deben realizarse enviando un mensaje a la tienda TikTok de Yi Pin Qian.<\/strong> Gracias, <strong><u>Se aplican tarifas adicionales<\/u><\/strong>.<\/p>\n<p><\/p>\n<p><strong>La jade\u00edta natural no es perfecta, solo un peque\u00f1o recordatorio: nuestra jade\u00edta natural, como todas las cosas hermosas de la naturaleza, tiene sus caracter\u00edsticas y variaciones \u00fanicas. Invitamos a nuestros valiosos clientes a adoptar estas variaciones naturales. \u00a1Felices compras!<\/strong><\/p>\n<p><\/p>\n<p><strong><u>Ninguna de las fotograf\u00edas ni los v\u00eddeos han sido filtrados. Animamos a nuestros clientes a que vean tambi\u00e9n los v\u00eddeos adjuntos para tener una visi\u00f3n m\u00e1s completa de nuestros productos.<\/u><\/strong><\/p>","protected":false},"excerpt":{"rendered":"<p>Este impresionante colgante es un hallazgo poco com\u00fan para cualquier amante de las joyas. El jade\u00edta natural tipo A cuenta con hermosos tonos amarillos, marrones rojizos y verdes que han sido elaborados por expertos en paisajes. N\u00fameros de certificado: GD2110H005025 Peso: 11,38 gramos Medida: 45,6 * 24,3 * 5,2 mm (colgante 216) Tipo de jade: jade\u00edta Certificado: S\u00ed Procedente de Myanmar, el [\u2026]<\/p>","protected":false},"featured_media":7563,"comment_status":"open","ping_status":"closed","template":"","meta":[],"product_brand":[],"product_cat":[48],"product_tag":[],"class_list":{"0":"post-1742","1":"product","2":"type-product","3":"status-publish","4":"has-post-thumbnail","6":"product_cat-pendants","8":"first","9":"instock","10":"sale","11":"shipping-taxable","12":"purchasable","13":"product-type-simple"},"_links":{"self":[{"href":"https:\/\/shop.yipinqian.com\/es\/wp-json\/wp\/v2\/product\/1742","targetHints":{"allow":["GET"]}}],"collection":[{"href":"https:\/\/shop.yipinqian.com\/es\/wp-json\/wp\/v2\/product"}],"about":[{"href":"https:\/\/shop.yipinqian.com\/es\/wp-json\/wp\/v2\/types\/product"}],"replies":[{"embeddable":true,"href":"https:\/\/shop.yipinqian.com\/es\/wp-json\/wp\/v2\/comments?post=1742"}],"version-history":[{"count":0,"href":"https:\/\/shop.yipinqian.com\/es\/wp-json\/wp\/v2\/product\/1742\/revisions"}],"wp:featuredmedia":[{"embeddable":true,"href":"https:\/\/shop.yipinqian.com\/es\/wp-json\/wp\/v2\/media\/7563"}],"wp:attachment":[{"href":"https:\/\/shop.yipinqian.com\/es\/wp-json\/wp\/v2\/media?parent=1742"}],"wp:term":[{"taxonomy":"product_brand","embeddable":true,"href":"https:\/\/shop.yipinqian.com\/es\/wp-json\/wp\/v2\/product_brand?post=1742"},{"taxonomy":"product_cat","embeddable":true,"href":"https:\/\/shop.yipinqian.com\/es\/wp-json\/wp\/v2\/product_cat?post=1742"},{"taxonomy":"product_tag","embeddable":true,"href":"https:\/\/shop.yipinqian.com\/es\/wp-json\/wp\/v2\/product_tag?post=1742"}],"curies":[{"name":"wp","href":"https:\/\/api.w.org\/{rel}","templated":true}]}}