{"id":1741,"date":"2024-10-24T23:21:59","date_gmt":"2024-10-24T15:21:59","guid":{"rendered":"https:\/\/shop.yipinqian.com\/product\/rare-quality-yellow-and-green-natural-type-a-jadeite-jade-beautifully-crafted-with-frog-and-lotus-old-school-hollow-style-certificate-weigh-27-08-grams-measurement-41-6-48-11-mm-pendant209\/"},"modified":"2025-02-24T01:17:27","modified_gmt":"2025-02-23T17:17:27","slug":"rare-quality-yellow-and-green-natural-type-a-jadeite-jade-beautifully-crafted-with-frog-and-lotus-old-school-hollow-style-certificate-weigh-27-08-grams-measurement-41-6-48-11-mm-pendant209","status":"publish","type":"product","link":"https:\/\/shop.yipinqian.com\/es\/producto\/rare-quality-yellow-and-green-natural-type-a-jadeite-jade-beautifully-crafted-with-frog-and-lotus-old-school-hollow-style-certificate-weigh-27-08-grams-measurement-41-6-48-11-mm-pendant209\/","title":{"rendered":"Rare Quality Yellow and Green Natural Type A Jadeite Jade beautifully crafted with frog and lotus old school hollow style, certificate weigh 27.08 grams, measurement 41.6 * 48 * 11 mm (pendant209)"},"content":{"rendered":"<p>This Rare Quality Yellow and Green Natural Type A Jadeite Jade pendant is a stunning piece of jewelry that is beautifully crafted with a frog and lotus old school hollow style. The pendant comes with a certificate of authenticity, weighs 27.08 grams, and measures 41.6 * 48 * 11 mm (pendant209).<\/p>\n<p>\u00a0<\/p>\n<p><strong>Certificate numbers: 920660024547<\/strong><\/p>\n<p><img fetchpriority=\"high\" decoding=\"async\" height=\"1080\" src=\"https:\/\/shop.yipinqian.com\/wp-content\/uploads\/2024\/10\/2ca55d6b867e3a89ee705bd95bc20363.jpg?from=476444299\" width=\"1080\"><\/p>\n<ul>\n<li>\n<strong>Dise\u00f1o \u00fanico:<\/strong> The frog and lotus design in old school hollow style make this pendant stand out from other pieces.<\/li>\n<li>\n<strong>Jade\u00edta natural:<\/strong> Made from natural Type A jadeite jade, this necklace is not only beautiful but also rare.<\/li>\n<li>\n<strong>Certificado incluido:<\/strong> This pendant comes with a certificate of authenticity to ensure its quality.<\/li>\n<\/ul>\n<p>This necklace is perfect for daily wear with its casual style, making it suitable for anyone regardless of gender. The necklace&#8217;s country of origin is Myanmar, which adds to the uniqueness and value of the piece. While there are no warranties included with this product, you can rest assured that you are getting an exceptional piece due to its rare quality natural jadeite material.<\/p>\n<p>\u00a0<\/p>\n<p>Yi Pin Qian \u2013 Comerciante de piedras preciosas y metales preciosos en Singapur \u2013 N\u00famero de licencia PS20190000031<\/p>\n<p>\u00a0<\/p>\n<p>*Todos los jade\u00edtas comprados a Yi Pin Qian en Singapur, los clientes pueden reservar espacios para pulirlos o hacer reparaciones menores por mal manejo; se aplican tarifas y solo para los clientes de Yi Pin Qian en Singapur*<\/p>\n<p>\u00a0<\/p>\n<p><strong>**Tipos de certificados**<\/strong><\/p>\n<p>\u00a0<\/p>\n<p><strong>NGI (Gemolog\u00eda Nan Yang)<\/strong><\/p>\n<p>o <strong>Certificados en el extranjero <\/strong>(Yi Pin Qian solo utiliza certificados aut\u00e9nticos de laboratorios extranjeros y tambi\u00e9n controla la calidad de cada uno de nuestros productos antes de ponerlos a la venta en SG)<\/p>\n<p>\u00a0<\/p>\n<p>Todos los productos de TikTok contar\u00e1n con el tipo de certificado que se indica en la descripci\u00f3n. Para cualquier cliente que desee enviar su pedido a NGI Singapur, habr\u00e1 un tiempo de espera para la entrega del pedido estimado de aproximadamente 4 semanas para recibirlo. <strong>Las solicitudes de informes de NGI Gemstone deben realizarse enviando un mensaje a la tienda TikTok de Yi Pin Qian.<\/strong> Gracias, <strong><u>Se aplican tarifas adicionales<\/u><\/strong>.<\/p>\n<p>\u00a0<\/p>\n<p><strong>La jade\u00edta natural no es perfecta, solo un peque\u00f1o recordatorio: nuestra jade\u00edta natural, como todas las cosas hermosas de la naturaleza, tiene sus caracter\u00edsticas y variaciones \u00fanicas. Invitamos a nuestros valiosos clientes a adoptar estas variaciones naturales. \u00a1Felices compras!<\/strong><\/p>\n<p>\u00a0<\/p>\n<p><strong><u>Ninguna de las fotograf\u00edas ni los v\u00eddeos han sido filtrados. Animamos a nuestros clientes a que vean tambi\u00e9n los v\u00eddeos adjuntos para tener una visi\u00f3n m\u00e1s completa de nuestros productos.<\/u><\/strong><\/p>","protected":false},"excerpt":{"rendered":"<p>This Rare Quality Yellow and Green Natural Type A Jadeite Jade pendant is a stunning piece of jewelry that is beautifully crafted with a frog and lotus old school hollow style. The pendant comes with a certificate of authenticity, weighs 27.08 grams, and measures 41.6 * 48 * 11 mm (pendant209). \u00a0 Certificate numbers: 920660024547 [&hellip;]<\/p>","protected":false},"featured_media":7555,"comment_status":"open","ping_status":"closed","template":"","meta":[],"product_brand":[],"product_cat":[195],"product_tag":[],"class_list":{"0":"post-1741","1":"product","2":"type-product","3":"status-publish","4":"has-post-thumbnail","6":"product_cat-heirloom-grade","8":"first","9":"instock","10":"sale","11":"shipping-taxable","12":"purchasable","13":"product-type-simple"},"_links":{"self":[{"href":"https:\/\/shop.yipinqian.com\/es\/wp-json\/wp\/v2\/product\/1741","targetHints":{"allow":["GET"]}}],"collection":[{"href":"https:\/\/shop.yipinqian.com\/es\/wp-json\/wp\/v2\/product"}],"about":[{"href":"https:\/\/shop.yipinqian.com\/es\/wp-json\/wp\/v2\/types\/product"}],"replies":[{"embeddable":true,"href":"https:\/\/shop.yipinqian.com\/es\/wp-json\/wp\/v2\/comments?post=1741"}],"version-history":[{"count":0,"href":"https:\/\/shop.yipinqian.com\/es\/wp-json\/wp\/v2\/product\/1741\/revisions"}],"wp:featuredmedia":[{"embeddable":true,"href":"https:\/\/shop.yipinqian.com\/es\/wp-json\/wp\/v2\/media\/7555"}],"wp:attachment":[{"href":"https:\/\/shop.yipinqian.com\/es\/wp-json\/wp\/v2\/media?parent=1741"}],"wp:term":[{"taxonomy":"product_brand","embeddable":true,"href":"https:\/\/shop.yipinqian.com\/es\/wp-json\/wp\/v2\/product_brand?post=1741"},{"taxonomy":"product_cat","embeddable":true,"href":"https:\/\/shop.yipinqian.com\/es\/wp-json\/wp\/v2\/product_cat?post=1741"},{"taxonomy":"product_tag","embeddable":true,"href":"https:\/\/shop.yipinqian.com\/es\/wp-json\/wp\/v2\/product_tag?post=1741"}],"curies":[{"name":"wp","href":"https:\/\/api.w.org\/{rel}","templated":true}]}}