{"id":1733,"date":"2024-10-24T23:21:55","date_gmt":"2024-10-24T15:21:55","guid":{"rendered":"https:\/\/shop.yipinqian.com\/product\/rare-premium-quality-natural-type-a-jadeite-jade-crafted-with-tara-as-a-pendant-with-certificate-weigh-46-31-grams-measurement-72-7-46-2-8-3-mm-pendant194\/"},"modified":"2025-02-24T01:17:27","modified_gmt":"2025-02-23T17:17:27","slug":"rare-premium-quality-natural-type-a-jadeite-jade-crafted-with-tara-as-a-pendant-with-certificate-weigh-46-31-grams-measurement-72-7-46-2-8-3-mm-pendant194","status":"publish","type":"product","link":"https:\/\/shop.yipinqian.com\/es\/producto\/rare-premium-quality-natural-type-a-jadeite-jade-crafted-with-tara-as-a-pendant-with-certificate-weigh-46-31-grams-measurement-72-7-46-2-8-3-mm-pendant194\/","title":{"rendered":"Rare Premium Quality Natural Type A Jadeite Jade crafted with Tara as a pendant with certificate weigh 46.31 grams, measurement 72.7 * 46.2 * 8.3 mm (pendant194)"},"content":{"rendered":"<p>Introducing our Rare Premium Quality Natural Type A Jadeite Jade crafted with Tara pendant &#8211; a stunning addition to any jewelry collection.<\/p>\n<p><\/p>\n<p>Certificate numbers: 920870013891<\/p>\n<ul>\n<li>\n<strong>Jade\u00edta tipo A aut\u00e9ntica:<\/strong> This pendant is made of genuine Type A jadeite jade, a rare and highly sought-after stone known for its exquisite beauty.<\/li>\n<li>\n<strong>Calidad Certificada:<\/strong> With its certificate of authenticity, you can rest assured that this pendant is of the highest quality.<\/li>\n<li>\n<strong>Tara Design:<\/strong> Crafted into the shape of Tara, the Buddhist goddess of compassion and protection, this necklace has an auspicious meaning that&#8217;s perfect for any occasion.<\/li>\n<\/ul>\n<p>Weighing in at <strong>46.31 grams<\/strong> y midiendo <strong>72.7 * 46.2 * 8.3 mm<\/strong> (pendant194), this necklace is an impressive statement piece that&#8217;s sure to turn heads. Plus, it&#8217;s unisex design makes it a versatile accessory for anyone to wear &#8211; perfect as a gift or as treat yourself!<\/p>\n<p><\/p>\n<p>The casual necklace style makes it easy to pair with any outfit or look &#8211; dress up your work attire or wear it on your next night out; either way you&#8217;ll be sure to make an impression!<\/p>\n<p><\/p>\n<p>This Rare Premium Quality Natural Type A Jadeite Tara Pendant is sourced from Myanmar (formerly Burma), home to some of the world&#8217;s finest jade mines known for producing some exceptional quality gemstones!<\/p>\n<p><\/p>\n<p>Yi Pin Qian \u2013 Comerciante de piedras preciosas y metales preciosos en Singapur \u2013 N\u00famero de licencia PS20190000031<\/p>\n<p><\/p>\n<p>*Todos los jade\u00edtas comprados a Yi Pin Qian en Singapur, los clientes pueden reservar espacios para pulirlos o hacer reparaciones menores por mal manejo; se aplican tarifas y solo para los clientes de Yi Pin Qian en Singapur*<\/p>\n<p><\/p>\n<p><strong>**Tipos de certificados**<\/strong><\/p>\n<p><\/p>\n<p><strong>NGI (Gemolog\u00eda Nan Yang)<\/strong><\/p>\n<p>o <strong>Certificados en el extranjero <\/strong>(Yi Pin Qian solo utiliza certificados aut\u00e9nticos de laboratorios extranjeros y tambi\u00e9n controla la calidad de cada uno de nuestros productos antes de ponerlos a la venta en SG)<\/p>\n<p><\/p>\n<p>Todos los productos de TikTok contar\u00e1n con el tipo de certificado que se indica en la descripci\u00f3n. Para cualquier cliente que desee enviar su pedido a NGI Singapur, habr\u00e1 un tiempo de espera para la entrega del pedido estimado de aproximadamente 4 semanas para recibirlo. <strong>Las solicitudes de informes de NGI Gemstone deben realizarse enviando un mensaje a la tienda TikTok de Yi Pin Qian.<\/strong> Gracias, <strong><u>Se aplican tarifas adicionales<\/u><\/strong>.<\/p>\n<p><\/p>\n<p><strong>La jade\u00edta natural no es perfecta, solo un peque\u00f1o recordatorio: nuestra jade\u00edta natural, como todas las cosas hermosas de la naturaleza, tiene sus caracter\u00edsticas y variaciones \u00fanicas. Invitamos a nuestros valiosos clientes a adoptar estas variaciones naturales. \u00a1Felices compras!<\/strong><\/p>\n<p><\/p>\n<p><strong><u>Ninguna de las fotograf\u00edas ni los v\u00eddeos han sido filtrados. Animamos a nuestros clientes a que vean tambi\u00e9n los v\u00eddeos adjuntos para tener una visi\u00f3n m\u00e1s completa de nuestros productos.<\/u><\/strong><\/p>","protected":false},"excerpt":{"rendered":"<p>Introducing our Rare Premium Quality Natural Type A Jadeite Jade crafted with Tara pendant &#8211; a stunning addition to any jewelry collection. Certificate numbers: 920870013891 Authentic Type A Jadeite: This pendant is made of genuine Type A jadeite jade, a rare and highly sought-after stone known for its exquisite beauty. Certified Quality: With its certificate [&hellip;]<\/p>","protected":false},"featured_media":7511,"comment_status":"open","ping_status":"closed","template":"","meta":[],"product_brand":[],"product_cat":[195],"product_tag":[],"class_list":{"0":"post-1733","1":"product","2":"type-product","3":"status-publish","4":"has-post-thumbnail","6":"product_cat-heirloom-grade","8":"first","9":"instock","10":"sale","11":"shipping-taxable","12":"purchasable","13":"product-type-simple"},"_links":{"self":[{"href":"https:\/\/shop.yipinqian.com\/es\/wp-json\/wp\/v2\/product\/1733","targetHints":{"allow":["GET"]}}],"collection":[{"href":"https:\/\/shop.yipinqian.com\/es\/wp-json\/wp\/v2\/product"}],"about":[{"href":"https:\/\/shop.yipinqian.com\/es\/wp-json\/wp\/v2\/types\/product"}],"replies":[{"embeddable":true,"href":"https:\/\/shop.yipinqian.com\/es\/wp-json\/wp\/v2\/comments?post=1733"}],"version-history":[{"count":0,"href":"https:\/\/shop.yipinqian.com\/es\/wp-json\/wp\/v2\/product\/1733\/revisions"}],"wp:featuredmedia":[{"embeddable":true,"href":"https:\/\/shop.yipinqian.com\/es\/wp-json\/wp\/v2\/media\/7511"}],"wp:attachment":[{"href":"https:\/\/shop.yipinqian.com\/es\/wp-json\/wp\/v2\/media?parent=1733"}],"wp:term":[{"taxonomy":"product_brand","embeddable":true,"href":"https:\/\/shop.yipinqian.com\/es\/wp-json\/wp\/v2\/product_brand?post=1733"},{"taxonomy":"product_cat","embeddable":true,"href":"https:\/\/shop.yipinqian.com\/es\/wp-json\/wp\/v2\/product_cat?post=1733"},{"taxonomy":"product_tag","embeddable":true,"href":"https:\/\/shop.yipinqian.com\/es\/wp-json\/wp\/v2\/product_tag?post=1733"}],"curies":[{"name":"wp","href":"https:\/\/api.w.org\/{rel}","templated":true}]}}