{"id":1731,"date":"2024-10-24T23:21:54","date_gmt":"2024-10-24T15:21:54","guid":{"rendered":"https:\/\/shop.yipinqian.com\/product\/rare-pinkish-light-lavender-hue-natural-type-a-jadeite-pendant-necklace-crafted-as-parrot-symbols-of-wise-and-brave-heroic-with-certificate-weigh-11-33-grams-51-3-17-8-8-6-mm-mid-year-offer-and-suitab\/"},"modified":"2025-02-24T00:49:52","modified_gmt":"2025-02-23T16:49:52","slug":"rare-pinkish-light-lavender-hue-natural-type-a-jadeite-pendant-necklace-crafted-as-parrot-symbols-of-wise-and-brave-heroic-with-certificate-weigh-11-33-grams-51-3-17-8-8-6-mm-mid-year-offer-and-suitab","status":"publish","type":"product","link":"https:\/\/shop.yipinqian.com\/es\/producto\/rare-pinkish-light-lavender-hue-natural-type-a-jadeite-pendant-necklace-crafted-as-parrot-symbols-of-wise-and-brave-heroic-with-certificate-weigh-11-33-grams-51-3-17-8-8-6-mm-mid-year-offer-and-suitab\/","title":{"rendered":"Rare Pinkish Light Lavender Hue Natural Type A Jadeite Pendant Necklace crafted as Parrot symbols of Wise and brave, heroic with certificate weigh 11.33 grams, 51.3 * 17.8 * 8.6 mm, mid-year offer and suitable for daily wear or collections (pendant28)"},"content":{"rendered":"<p>This Rare Pinkish Light Lavender Natural Type A Jadeite Pendant Necklace, inspired by the parrot symbols of wise and brave heroism, is a perfect jewelry accessory for daily wear or collections.<\/p>\n<ul>\n<li>\n<strong>\u00danico en su clase:<\/strong> Crafted from natural Type A jadeite with mid-year offer<\/li>\n<li>\n<strong>Certificado:<\/strong> Comes with a certificate of authenticity &#8211; <strong>Certificate numbers: GD2202H006844<\/strong>\n<\/li>\n<\/ul>\n<p><img fetchpriority=\"high\" decoding=\"async\" height=\"1080\" src=\"https:\/\/shop.yipinqian.com\/wp-content\/uploads\/2024\/10\/0c6733d22cdcc6e21441ff3c1befaf43.jpg?from=476444299\" width=\"1080\"><\/p>\n<ul>\n<li>\n<strong>Weight and size:<\/strong>Weighs 11.33 grams and measures 51.3 * 17.8 * 8.6 mm<\/li>\n<li>\n<strong>Tipo de jade:<\/strong>Made from authentic Jadeite for the genuine experience<\/li>\n<\/ul>\n<p>This unisex necklace is perfect for daily wear with its casual style making it suitable to pair up or down.<\/p>\n<ul>\n<li>The parrot symbols: The rare pinkish light lavender natural type A jadeite pendant necklace comes crafted as parrot symbols of wise and brave, heroic making it a unique addition to your jewelry collection.<\/li>\n<\/ul>\n<p>If you are looking to add authenticity to your collection or just want something unique that tells a story then this Rare Pinkish Light Lavender Natural Type A Jadeite Pendant Necklace crafted as Parrot symbol is what you need!<\/p>\n<p>.<\/p>\n<p>Yi Pin Qian \u2013 Comerciante de piedras preciosas y metales preciosos en Singapur \u2013 N\u00famero de licencia PS20190000031<\/p>\n<p>\u00a0<\/p>\n<p>*Todos los jade\u00edtas comprados a Yi Pin Qian en Singapur, los clientes pueden reservar espacios para pulirlos o hacer reparaciones menores por mal manejo; se aplican tarifas y solo para los clientes de Yi Pin Qian en Singapur*<\/p>\n<p>\u00a0<\/p>\n<p><strong>**Tipos de certificados**<\/strong><\/p>\n<p>\u00a0<\/p>\n<p><strong>NGI (Gemolog\u00eda Nan Yang)<\/strong><\/p>\n<p>o <strong>Certificados en el extranjero <\/strong>(Yi Pin Qian solo utiliza certificados aut\u00e9nticos de laboratorios extranjeros y tambi\u00e9n controla la calidad de cada uno de nuestros productos antes de ponerlos a la venta en SG)<\/p>\n<p>\u00a0<\/p>\n<p>Todos los productos de TikTok contar\u00e1n con el tipo de certificado que se indica en la descripci\u00f3n. Para cualquier cliente que desee enviar su pedido a NGI Singapur, habr\u00e1 un tiempo de espera para la entrega del pedido estimado de aproximadamente 4 semanas para recibirlo. <strong>Las solicitudes de informes de NGI Gemstone deben realizarse enviando un mensaje a la tienda TikTok de Yi Pin Qian.<\/strong> Gracias, <strong><u>Se aplican tarifas adicionales<\/u><\/strong>.<\/p>\n<p>\u00a0<\/p>\n<p><strong>La jade\u00edta natural no es perfecta, solo un peque\u00f1o recordatorio: nuestra jade\u00edta natural, como todas las cosas hermosas de la naturaleza, tiene sus caracter\u00edsticas y variaciones \u00fanicas. Invitamos a nuestros valiosos clientes a adoptar estas variaciones naturales. \u00a1Felices compras!<\/strong><\/p>\n<p>\u00a0<\/p>\n<p><strong><u>Ninguna de las fotograf\u00edas ni los v\u00eddeos han sido filtrados. Animamos a nuestros clientes a que vean tambi\u00e9n los v\u00eddeos adjuntos para tener una visi\u00f3n m\u00e1s completa de nuestros productos.<\/u><\/strong><\/p>","protected":false},"excerpt":{"rendered":"<p>This Rare Pinkish Light Lavender Natural Type A Jadeite Pendant Necklace, inspired by the parrot symbols of wise and brave heroism, is a perfect jewelry accessory for daily wear or collections. One-of-a-kind: Crafted from natural Type A jadeite with mid-year offer Certificate: Comes with a certificate of authenticity &#8211; Certificate numbers: GD2202H006844 Weight and size:Weighs [&hellip;]<\/p>","protected":false},"featured_media":7493,"comment_status":"open","ping_status":"closed","template":"","meta":[],"product_brand":[],"product_cat":[194],"product_tag":[],"class_list":{"0":"post-1731","1":"product","2":"type-product","3":"status-publish","4":"has-post-thumbnail","6":"product_cat-value-picks","8":"first","9":"instock","10":"sale","11":"shipping-taxable","12":"purchasable","13":"product-type-simple"},"_links":{"self":[{"href":"https:\/\/shop.yipinqian.com\/es\/wp-json\/wp\/v2\/product\/1731","targetHints":{"allow":["GET"]}}],"collection":[{"href":"https:\/\/shop.yipinqian.com\/es\/wp-json\/wp\/v2\/product"}],"about":[{"href":"https:\/\/shop.yipinqian.com\/es\/wp-json\/wp\/v2\/types\/product"}],"replies":[{"embeddable":true,"href":"https:\/\/shop.yipinqian.com\/es\/wp-json\/wp\/v2\/comments?post=1731"}],"version-history":[{"count":0,"href":"https:\/\/shop.yipinqian.com\/es\/wp-json\/wp\/v2\/product\/1731\/revisions"}],"wp:featuredmedia":[{"embeddable":true,"href":"https:\/\/shop.yipinqian.com\/es\/wp-json\/wp\/v2\/media\/7493"}],"wp:attachment":[{"href":"https:\/\/shop.yipinqian.com\/es\/wp-json\/wp\/v2\/media?parent=1731"}],"wp:term":[{"taxonomy":"product_brand","embeddable":true,"href":"https:\/\/shop.yipinqian.com\/es\/wp-json\/wp\/v2\/product_brand?post=1731"},{"taxonomy":"product_cat","embeddable":true,"href":"https:\/\/shop.yipinqian.com\/es\/wp-json\/wp\/v2\/product_cat?post=1731"},{"taxonomy":"product_tag","embeddable":true,"href":"https:\/\/shop.yipinqian.com\/es\/wp-json\/wp\/v2\/product_tag?post=1731"}],"curies":[{"name":"wp","href":"https:\/\/api.w.org\/{rel}","templated":true}]}}