{"id":1727,"date":"2024-10-24T23:21:52","date_gmt":"2024-10-24T15:21:52","guid":{"rendered":"https:\/\/shop.yipinqian.com\/product\/rare-old-school-natural-type-a-jadeite-jade-pendant-necklace-crafted-with-guanyin-with-certificate-weigh-38-62-grams-60-8-35-8-8-5-mm-pendant166\/"},"modified":"2025-02-17T00:04:14","modified_gmt":"2025-02-16T16:04:14","slug":"rare-old-school-natural-type-a-jadeite-jade-pendant-necklace-crafted-with-guanyin-with-certificate-weigh-38-62-grams-60-8-35-8-8-5-mm-pendant166","status":"publish","type":"product","link":"https:\/\/shop.yipinqian.com\/es\/producto\/rare-old-school-natural-type-a-jadeite-jade-pendant-necklace-crafted-with-guanyin-with-certificate-weigh-38-62-grams-60-8-35-8-8-5-mm-pendant166\/","title":{"rendered":"Rare Old School Natural Type A Jadeite Jade Pendant Necklace Crafted with Guanyin with certificate weigh 38.62 grams, 60.8 * 35.8 * 8.5 mm (pendant166)"},"content":{"rendered":"<p>This Rare Old School Natural Type A Jadeite Jade Pendant Necklace with a Guanyin crafted design is a true beauty. It comes with a certificate of authenticity and weighs 38.62 grams, with dimensions of <strong>60.8 * 35.8 * 8.5 mm<\/strong> (pendant166).<\/p>\n<p>\u00a0<\/p>\n<p><strong>Certificate numbers: 920460002682<\/strong><\/p>\n<ul>\n<li>\n<strong>Tipo de jade:<\/strong> Jade\u00edta<\/li>\n<li>\n<strong>Estilo del collar:<\/strong> Casual<\/li>\n<li>\n<strong>Certificado:<\/strong> S\u00ed<\/li>\n<li>\n<strong>Pa\u00eds natal:<\/strong> Birmania<\/li>\n<li>\n<strong>Ocasi\u00f3n: <\/strong>Uso diario<\/li>\n<\/ul>\n<p>\u00a0<\/p>\n<ul>\n<li>The pendant is carefully crafted from natural Type A jade, making it an exquisite piece that everyone should have in their jewelry collection. Aesthetic Appeal and Symbolic Meaning The pendant boasts intricate details that highlight the beauty of the Guanyin design, making it perfect for casual events or daily wear.<\/li>\n<\/ul>\n<p>\u00a0<\/p>\n<ul>\n<li>In Chinese culture, jade represents purity and good fortune while Guanyin is regarded as the goddess of compassion &#8211; making this pendant both beautiful to wear and symbolic to own.<\/li>\n<\/ul>\n<p>\u00a0<\/p>\n<ul>\n<li>Bid farewell to ordinary pendants by getting this Rare Old School Natural Type A Jadeite Pendant Necklace for yourself or gifting it to your loved ones!<\/li>\n<\/ul>\n<p>Yi Pin Qian \u2013 Comerciante de piedras preciosas y metales preciosos en Singapur \u2013 N\u00famero de licencia PS20190000031<\/p>\n<p>\u00a0<\/p>\n<p>*Todos los jade\u00edtas comprados a Yi Pin Qian en Singapur, los clientes pueden reservar espacios para pulirlos o hacer reparaciones menores por mal manejo; se aplican tarifas y solo para los clientes de Yi Pin Qian en Singapur*<\/p>\n<p>\u00a0<\/p>\n<p><strong>**Tipos de certificados**<\/strong><\/p>\n<p>\u00a0<\/p>\n<p><strong>NGI (Gemolog\u00eda Nan Yang)<\/strong><\/p>\n<p>o <strong>Certificados en el extranjero <\/strong>(Yi Pin Qian solo utiliza certificados aut\u00e9nticos de laboratorios extranjeros y tambi\u00e9n controla la calidad de cada uno de nuestros productos antes de ponerlos a la venta en SG)<\/p>\n<p>\u00a0<\/p>\n<p>Todos los productos de TikTok contar\u00e1n con el tipo de certificado que se indica en la descripci\u00f3n. Para cualquier cliente que desee enviar su pedido a NGI Singapur, habr\u00e1 un tiempo de espera para la entrega del pedido estimado de aproximadamente 4 semanas para recibirlo. <strong>Las solicitudes de informes de NGI Gemstone deben realizarse enviando un mensaje a la tienda TikTok de Yi Pin Qian.<\/strong> Gracias, <strong><u>Se aplican tarifas adicionales<\/u><\/strong>.<\/p>\n<p>\u00a0<\/p>\n<p><strong>La jade\u00edta natural no es perfecta, solo un peque\u00f1o recordatorio: nuestra jade\u00edta natural, como todas las cosas hermosas de la naturaleza, tiene sus caracter\u00edsticas y variaciones \u00fanicas. Invitamos a nuestros valiosos clientes a adoptar estas variaciones naturales. \u00a1Felices compras!<\/strong><\/p>\n<p>\u00a0<\/p>\n<p><strong><u>Ninguna de las fotograf\u00edas ni los v\u00eddeos han sido filtrados. Animamos a nuestros clientes a que vean tambi\u00e9n los v\u00eddeos adjuntos para tener una visi\u00f3n m\u00e1s completa de nuestros productos.<\/u><\/strong><\/p>\n<p>\u00a0<\/p>\n<p>.<\/p>","protected":false},"excerpt":{"rendered":"<p>This Rare Old School Natural Type A Jadeite Jade Pendant Necklace with a Guanyin crafted design is a true beauty. It comes with a certificate of authenticity and weighs 38.62 grams, with dimensions of 60.8 * 35.8 * 8.5 mm (pendant166). \u00a0 Certificate numbers: 920460002682 Jade Type: Jadeite Necklace Style: Casual Certificate: Yes Country Of [&hellip;]<\/p>","protected":false},"featured_media":7463,"comment_status":"open","ping_status":"closed","template":"","meta":[],"product_brand":[],"product_cat":[48],"product_tag":[],"class_list":{"0":"post-1727","1":"product","2":"type-product","3":"status-publish","4":"has-post-thumbnail","6":"product_cat-pendants","8":"first","9":"instock","10":"sale","11":"shipping-taxable","12":"purchasable","13":"product-type-simple"},"_links":{"self":[{"href":"https:\/\/shop.yipinqian.com\/es\/wp-json\/wp\/v2\/product\/1727","targetHints":{"allow":["GET"]}}],"collection":[{"href":"https:\/\/shop.yipinqian.com\/es\/wp-json\/wp\/v2\/product"}],"about":[{"href":"https:\/\/shop.yipinqian.com\/es\/wp-json\/wp\/v2\/types\/product"}],"replies":[{"embeddable":true,"href":"https:\/\/shop.yipinqian.com\/es\/wp-json\/wp\/v2\/comments?post=1727"}],"version-history":[{"count":0,"href":"https:\/\/shop.yipinqian.com\/es\/wp-json\/wp\/v2\/product\/1727\/revisions"}],"wp:featuredmedia":[{"embeddable":true,"href":"https:\/\/shop.yipinqian.com\/es\/wp-json\/wp\/v2\/media\/7463"}],"wp:attachment":[{"href":"https:\/\/shop.yipinqian.com\/es\/wp-json\/wp\/v2\/media?parent=1727"}],"wp:term":[{"taxonomy":"product_brand","embeddable":true,"href":"https:\/\/shop.yipinqian.com\/es\/wp-json\/wp\/v2\/product_brand?post=1727"},{"taxonomy":"product_cat","embeddable":true,"href":"https:\/\/shop.yipinqian.com\/es\/wp-json\/wp\/v2\/product_cat?post=1727"},{"taxonomy":"product_tag","embeddable":true,"href":"https:\/\/shop.yipinqian.com\/es\/wp-json\/wp\/v2\/product_tag?post=1727"}],"curies":[{"name":"wp","href":"https:\/\/api.w.org\/{rel}","templated":true}]}}